{"id":10440,"date":"2025-10-09T00:00:00","date_gmt":"2025-10-08T22:00:00","guid":{"rendered":"https:\/\/yotavis.ch\/product\/it-m3324\/"},"modified":"2026-04-24T13:42:33","modified_gmt":"2026-04-24T11:42:33","slug":"it-m3324","status":"publish","type":"product","link":"https:\/\/yotavis.ch\/fr\/produit\/it-m3324\/","title":{"rendered":"IT-M3324"},"content":{"rendered":"<p>L'ITECH IT-M3324 est une charge r\u00e9g\u00e9n\u00e9rative DC con\u00e7ue pour g\u00e9rer une puissance maximale de 400 watts. Elle fonctionne \u00e0 une tension allant jusqu'\u00e0 300 volts et supporte un courant de 6 amp\u00e8res. Ce mod\u00e8le est dot\u00e9 d'un seul canal de sortie, ce qui permet d'effectuer des tests de charge cibl\u00e9s et contr\u00f4l\u00e9s. La capacit\u00e9 de commande \u00e0 distance est incluse, ce qui permet aux utilisateurs de faire fonctionner l'appareil \u00e0 distance pour des raisons de commodit\u00e9 et de s\u00e9curit\u00e9. L'appareil convient aux applications n\u00e9cessitant une gestion pr\u00e9cise de la charge en courant continu dans les limites de tension et de courant sp\u00e9cifi\u00e9es. Sa fonction de r\u00e9g\u00e9n\u00e9ration permet de r\u00e9cup\u00e9rer l'\u00e9nergie pendant le fonctionnement, ce qui am\u00e9liore l'efficacit\u00e9. L'IT-M3324 est con\u00e7u pour r\u00e9pondre \u00e0 des besoins sp\u00e9cifiques en mati\u00e8re de tests \u00e9lectriques gr\u00e2ce \u00e0 ses sp\u00e9cifications de puissance, de tension et de courant.<\/p>","protected":false},"excerpt":{"rendered":"<p>Charge r\u00e9g\u00e9n\u00e9rative 300V\/6A\/400W DC<\/p>","protected":false},"featured_media":11130,"comment_status":"closed","ping_status":"closed","template":"","meta":{"_acf_changed":false,"slim_seo":{"title":"IT-M3324 - YOTAVIS AG","description":"Charge r\u00e9g\u00e9n\u00e9rative 300V\/6A\/400W DC"}},"product_brand":[822],"product_cat":[517,515],"product_tag":[],"class_list":{"0":"post-10440","1":"product","2":"type-product","3":"status-publish","4":"has-post-thumbnail","6":"product_brand-itech","7":"product_cat-dc-load-en","8":"product_cat-power-en","9":"pa_current-a-399","10":"pa_output-number-146","11":"pa_power-w-398","12":"pa_remote-control-yes","13":"pa_voltage-v-624","15":"first","16":"instock","17":"taxable","18":"shipping-taxable","19":"product-type-simple"},"acf":[],"_links":{"self":[{"href":"https:\/\/yotavis.ch\/fr\/wp-json\/wp\/v2\/product\/10440","targetHints":{"allow":["GET"]}}],"collection":[{"href":"https:\/\/yotavis.ch\/fr\/wp-json\/wp\/v2\/product"}],"about":[{"href":"https:\/\/yotavis.ch\/fr\/wp-json\/wp\/v2\/types\/product"}],"replies":[{"embeddable":true,"href":"https:\/\/yotavis.ch\/fr\/wp-json\/wp\/v2\/comments?post=10440"}],"wp:featuredmedia":[{"embeddable":true,"href":"https:\/\/yotavis.ch\/fr\/wp-json\/wp\/v2\/media\/11130"}],"wp:attachment":[{"href":"https:\/\/yotavis.ch\/fr\/wp-json\/wp\/v2\/media?parent=10440"}],"wp:term":[{"taxonomy":"product_brand","embeddable":true,"href":"https:\/\/yotavis.ch\/fr\/wp-json\/wp\/v2\/product_brand?post=10440"},{"taxonomy":"product_cat","embeddable":true,"href":"https:\/\/yotavis.ch\/fr\/wp-json\/wp\/v2\/product_cat?post=10440"},{"taxonomy":"product_tag","embeddable":true,"href":"https:\/\/yotavis.ch\/fr\/wp-json\/wp\/v2\/product_tag?post=10440"}],"curies":[{"name":"wp","href":"https:\/\/api.w.org\/{rel}","templated":true}]}}