{"id":10441,"date":"2025-10-09T00:00:00","date_gmt":"2025-10-08T22:00:00","guid":{"rendered":"https:\/\/yotavis.ch\/product\/it-m3334\/"},"modified":"2026-04-24T13:42:33","modified_gmt":"2026-04-24T11:42:33","slug":"it-m3334","status":"publish","type":"product","link":"https:\/\/yotavis.ch\/fr\/produit\/it-m3334\/","title":{"rendered":"IT-M3334"},"content":{"rendered":"<p>L'IT-M3334 d'ITECH est une charge r\u00e9g\u00e9n\u00e9rative DC con\u00e7ue pour g\u00e9rer une tension maximale de 300V et un courant allant jusqu'\u00e0 6A, d\u00e9livrant une capacit\u00e9 de puissance de 800W. Il est dot\u00e9 d'un seul canal de sortie, ce qui permet un fonctionnement cibl\u00e9 et efficace. Cet appareil est dot\u00e9 d'une fonction de t\u00e9l\u00e9commande, ce qui permet aux utilisateurs de l'utiliser \u00e0 distance pour plus de commodit\u00e9 et de flexibilit\u00e9. La charge r\u00e9g\u00e9n\u00e9rative convient aux applications n\u00e9cessitant un contr\u00f4le pr\u00e9cis des param\u00e8tres d'alimentation en courant continu. Sa conception facilite la r\u00e9cup\u00e9ration de l'\u00e9nergie pendant le fonctionnement, contribuant ainsi \u00e0 une gestion efficace de l'\u00e9nergie. La combinaison des sp\u00e9cifications de tension, de courant et de puissance permet de l'adapter \u00e0 divers sc\u00e9narios de test et de simulation de charge. L'IT-M3334 est con\u00e7u pour r\u00e9pondre \u00e0 des exigences sp\u00e9cifiques en mati\u00e8re de charge \u00e9lectrique avec des performances fiables.<\/p>","protected":false},"excerpt":{"rendered":"<p>Charge r\u00e9g\u00e9n\u00e9rative 300V\/6A\/800W DC<\/p>","protected":false},"featured_media":11130,"comment_status":"closed","ping_status":"closed","template":"","meta":{"_acf_changed":false,"slim_seo":{"title":"IT-M3334 - YOTAVIS AG","description":"Charge r\u00e9g\u00e9n\u00e9rative 300V\/6A\/800W DC"}},"product_brand":[822],"product_cat":[517,515],"product_tag":[],"class_list":{"0":"post-10441","1":"product","2":"type-product","3":"status-publish","4":"has-post-thumbnail","6":"product_brand-itech","7":"product_cat-dc-load-en","8":"product_cat-power-en","9":"pa_current-a-399","10":"pa_output-number-146","11":"pa_power-w-556","12":"pa_remote-control-yes","13":"pa_voltage-v-624","15":"first","16":"instock","17":"taxable","18":"shipping-taxable","19":"product-type-simple"},"acf":[],"_links":{"self":[{"href":"https:\/\/yotavis.ch\/fr\/wp-json\/wp\/v2\/product\/10441","targetHints":{"allow":["GET"]}}],"collection":[{"href":"https:\/\/yotavis.ch\/fr\/wp-json\/wp\/v2\/product"}],"about":[{"href":"https:\/\/yotavis.ch\/fr\/wp-json\/wp\/v2\/types\/product"}],"replies":[{"embeddable":true,"href":"https:\/\/yotavis.ch\/fr\/wp-json\/wp\/v2\/comments?post=10441"}],"wp:featuredmedia":[{"embeddable":true,"href":"https:\/\/yotavis.ch\/fr\/wp-json\/wp\/v2\/media\/11130"}],"wp:attachment":[{"href":"https:\/\/yotavis.ch\/fr\/wp-json\/wp\/v2\/media?parent=10441"}],"wp:term":[{"taxonomy":"product_brand","embeddable":true,"href":"https:\/\/yotavis.ch\/fr\/wp-json\/wp\/v2\/product_brand?post=10441"},{"taxonomy":"product_cat","embeddable":true,"href":"https:\/\/yotavis.ch\/fr\/wp-json\/wp\/v2\/product_cat?post=10441"},{"taxonomy":"product_tag","embeddable":true,"href":"https:\/\/yotavis.ch\/fr\/wp-json\/wp\/v2\/product_tag?post=10441"}],"curies":[{"name":"wp","href":"https:\/\/api.w.org\/{rel}","templated":true}]}}