{"id":10452,"date":"2025-10-09T00:00:00","date_gmt":"2025-10-08T22:00:00","guid":{"rendered":"https:\/\/yotavis.ch\/product\/it-m3424\/"},"modified":"2026-04-24T13:42:39","modified_gmt":"2026-04-24T11:42:39","slug":"it-m3424","status":"publish","type":"product","link":"https:\/\/yotavis.ch\/fr\/produit\/it-m3424\/","title":{"rendered":"IT-M3424"},"content":{"rendered":"<p>L'IT-M3424 d'ITECH est une alimentation DC bidirectionnelle capable de fournir et de perdre de l'\u00e9nergie de mani\u00e8re transparente. Elle fonctionne \u00e0 une tension maximale de 300 volts et peut d\u00e9livrer un courant allant jusqu'\u00e0 6 amp\u00e8res, soit une puissance de sortie de 400 watts. Ce mod\u00e8le est dot\u00e9 d'un seul canal de sortie, ce qui permet de l'int\u00e9grer facilement dans diverses configurations de test et de d\u00e9veloppement. La fonctionnalit\u00e9 de commande \u00e0 distance est incluse, permettant aux utilisateurs de faire fonctionner l'appareil \u00e0 distance pour plus de commodit\u00e9 et de flexibilit\u00e9. La conception prend en charge la commutation transparente entre les modes source et puits, ce qui est essentiel pour les applications n\u00e9cessitant une gestion dynamique du flux de puissance. Avec ses caract\u00e9ristiques de tension, de courant et de puissance, l'IT-M3424 est adapt\u00e9 aux t\u00e2ches qui exigent des performances pr\u00e9cises et fiables en mati\u00e8re d'alimentation en courant continu.<\/p>","protected":false},"excerpt":{"rendered":"<p>Alimentation DC bidirectionnelle 300V\/6A\/400W (interrupteur de source et de puits transparent)<\/p>","protected":false},"featured_media":11151,"comment_status":"closed","ping_status":"closed","template":"","meta":{"_acf_changed":false,"slim_seo":{"title":"IT-M3424 - YOTAVIS AG","description":"Alimentation DC bidirectionnelle 300V\/6A\/400W (interrupteur de source et de puits transparent)"}},"product_brand":[822],"product_cat":[546,515],"product_tag":[],"class_list":{"0":"post-10452","1":"product","2":"type-product","3":"status-publish","4":"has-post-thumbnail","6":"product_brand-itech","7":"product_cat-dc-2-quadrants-en","8":"product_cat-power-en","9":"pa_current-a-399","10":"pa_output-number-146","11":"pa_power-w-398","12":"pa_remote-control-yes","13":"pa_voltage-v-624","15":"first","16":"instock","17":"taxable","18":"shipping-taxable","19":"product-type-simple"},"acf":[],"_links":{"self":[{"href":"https:\/\/yotavis.ch\/fr\/wp-json\/wp\/v2\/product\/10452","targetHints":{"allow":["GET"]}}],"collection":[{"href":"https:\/\/yotavis.ch\/fr\/wp-json\/wp\/v2\/product"}],"about":[{"href":"https:\/\/yotavis.ch\/fr\/wp-json\/wp\/v2\/types\/product"}],"replies":[{"embeddable":true,"href":"https:\/\/yotavis.ch\/fr\/wp-json\/wp\/v2\/comments?post=10452"}],"wp:featuredmedia":[{"embeddable":true,"href":"https:\/\/yotavis.ch\/fr\/wp-json\/wp\/v2\/media\/11151"}],"wp:attachment":[{"href":"https:\/\/yotavis.ch\/fr\/wp-json\/wp\/v2\/media?parent=10452"}],"wp:term":[{"taxonomy":"product_brand","embeddable":true,"href":"https:\/\/yotavis.ch\/fr\/wp-json\/wp\/v2\/product_brand?post=10452"},{"taxonomy":"product_cat","embeddable":true,"href":"https:\/\/yotavis.ch\/fr\/wp-json\/wp\/v2\/product_cat?post=10452"},{"taxonomy":"product_tag","embeddable":true,"href":"https:\/\/yotavis.ch\/fr\/wp-json\/wp\/v2\/product_tag?post=10452"}],"curies":[{"name":"wp","href":"https:\/\/api.w.org\/{rel}","templated":true}]}}