{"id":10469,"date":"2025-10-09T00:00:00","date_gmt":"2025-10-08T22:00:00","guid":{"rendered":"https:\/\/yotavis.ch\/product\/it-m3801-10-120\/"},"modified":"2026-04-24T13:42:47","modified_gmt":"2026-04-24T11:42:47","slug":"it-m3801-10-120","status":"publish","type":"product","link":"https:\/\/yotavis.ch\/fr\/produit\/it-m3801-10-120\/","title":{"rendered":"IT-M3801-10-120"},"content":{"rendered":"<p>L'ITECH IT-M3801-10-120 est une charge \u00e9lectronique CC r\u00e9g\u00e9n\u00e9rative con\u00e7ue pour fonctionner \u00e0 10 volts avec un courant maximum de 120 amp\u00e8res, d\u00e9livrant une puissance allant jusqu'\u00e0 1200 watts. Il est dot\u00e9 d'un seul canal de sortie et prend en charge la fonctionnalit\u00e9 de la t\u00e9l\u00e9commande, ce qui permet un fonctionnement pratique \u00e0 distance. L'appareil est compact, log\u00e9 dans un ch\u00e2ssis de taille 1U, ce qui permet de l'int\u00e9grer dans diverses installations d'essai o\u00f9 l'efficacit\u00e9 de l'espace est importante. Sa capacit\u00e9 de r\u00e9g\u00e9n\u00e9ration permet de r\u00e9cup\u00e9rer l'\u00e9nergie pendant les essais, ce qui peut am\u00e9liorer l'efficacit\u00e9 globale du syst\u00e8me. La charge \u00e9lectronique est con\u00e7ue pour g\u00e9rer des courants triphas\u00e9s allant de 12 \u00e0 1200 watts, ce qui permet de r\u00e9pondre aux diff\u00e9rentes exigences des tests. Ce mod\u00e8le fait partie de la gamme de produits ITECH, connue pour sa pr\u00e9cision et sa fiabilit\u00e9 dans le domaine des \u00e9quipements de test \u00e9lectroniques. La combinaison de ses sp\u00e9cifications de tension, de courant et de puissance le rend adapt\u00e9 \u00e0 une large gamme d'applications n\u00e9cessitant des conditions de charge contr\u00f4l\u00e9es et une r\u00e9g\u00e9n\u00e9ration de l'\u00e9nergie.<\/p>","protected":false},"excerpt":{"rendered":"<p>Charge \u00e9lectronique CC r\u00e9g\u00e9n\u00e9rative 10V, 3~120A, 12~1200W, taille 1U<\/p>","protected":false},"featured_media":11160,"comment_status":"closed","ping_status":"closed","template":"","meta":{"_acf_changed":false,"slim_seo":{"title":"IT-M3801-10-120 - YOTAVIS AG","description":"Charge \u00e9lectronique CC r\u00e9g\u00e9n\u00e9rative 10V, 3~120A, 12~1200W, taille 1U"}},"product_brand":[822],"product_cat":[517,515],"product_tag":[],"class_list":{"0":"post-10469","1":"product","2":"type-product","3":"status-publish","4":"has-post-thumbnail","6":"product_brand-itech","7":"product_cat-dc-load-en","8":"product_cat-power-en","9":"pa_current-a-559","10":"pa_output-number-146","11":"pa_power-w-479","12":"pa_remote-control-yes","13":"pa_voltage-v-572","15":"first","16":"instock","17":"taxable","18":"shipping-taxable","19":"product-type-simple"},"acf":[],"_links":{"self":[{"href":"https:\/\/yotavis.ch\/fr\/wp-json\/wp\/v2\/product\/10469","targetHints":{"allow":["GET"]}}],"collection":[{"href":"https:\/\/yotavis.ch\/fr\/wp-json\/wp\/v2\/product"}],"about":[{"href":"https:\/\/yotavis.ch\/fr\/wp-json\/wp\/v2\/types\/product"}],"replies":[{"embeddable":true,"href":"https:\/\/yotavis.ch\/fr\/wp-json\/wp\/v2\/comments?post=10469"}],"wp:featuredmedia":[{"embeddable":true,"href":"https:\/\/yotavis.ch\/fr\/wp-json\/wp\/v2\/media\/11160"}],"wp:attachment":[{"href":"https:\/\/yotavis.ch\/fr\/wp-json\/wp\/v2\/media?parent=10469"}],"wp:term":[{"taxonomy":"product_brand","embeddable":true,"href":"https:\/\/yotavis.ch\/fr\/wp-json\/wp\/v2\/product_brand?post=10469"},{"taxonomy":"product_cat","embeddable":true,"href":"https:\/\/yotavis.ch\/fr\/wp-json\/wp\/v2\/product_cat?post=10469"},{"taxonomy":"product_tag","embeddable":true,"href":"https:\/\/yotavis.ch\/fr\/wp-json\/wp\/v2\/product_tag?post=10469"}],"curies":[{"name":"wp","href":"https:\/\/api.w.org\/{rel}","templated":true}]}}