{"id":10470,"date":"2025-10-09T00:00:00","date_gmt":"2025-10-08T22:00:00","guid":{"rendered":"https:\/\/yotavis.ch\/product\/it-m3802-10-240\/"},"modified":"2026-04-24T13:42:47","modified_gmt":"2026-04-24T11:42:47","slug":"it-m3802-10-240","status":"publish","type":"product","link":"https:\/\/yotavis.ch\/fr\/produit\/it-m3802-10-240\/","title":{"rendered":"IT-M3802-10-240"},"content":{"rendered":"<p>L'ITECH IT-M3802-10-240 est une charge \u00e9lectronique CC r\u00e9g\u00e9n\u00e9rative con\u00e7ue pour fonctionner \u00e0 une tension de 10V et g\u00e9rer des courants allant de 4 \u00e0 240A. Elle supporte une puissance allant jusqu'\u00e0 2400W, ce qui la rend adapt\u00e9e \u00e0 diverses applications de test et de mesure. Cet appareil pr\u00e9sente une taille compacte de 1U, ce qui permet une utilisation efficace de l'espace dans les racks d'\u00e9quipement. Il comprend un seul canal de sortie, qui permet un contr\u00f4le cibl\u00e9 et pr\u00e9cis de la charge. La fonctionnalit\u00e9 de commande \u00e0 distance est int\u00e9gr\u00e9e, ce qui permet aux utilisateurs de faire fonctionner l'appareil \u00e0 distance pour plus de commodit\u00e9 et de flexibilit\u00e9. La combinaison d'une capacit\u00e9 de courant \u00e9lev\u00e9e et d'un fonctionnement r\u00e9g\u00e9n\u00e9ratif permet des processus de test \u00e9conomes en \u00e9nergie. Ce mod\u00e8le fait partie de la marque ITECH, connue pour ses \u00e9quipements de test \u00e9lectroniques.<\/p>","protected":false},"excerpt":{"rendered":"<p>Charge \u00e9lectronique CC r\u00e9g\u00e9n\u00e9rative 10V, 4~240A, 40~2400W, taille 1U<\/p>","protected":false},"featured_media":11160,"comment_status":"closed","ping_status":"closed","template":"","meta":{"_acf_changed":false,"slim_seo":{"title":"IT-M3802-10-240 - YOTAVIS AG","description":"Charge \u00e9lectronique CC r\u00e9g\u00e9n\u00e9rative 10V, 4~240A, 40~2400W, taille 1U"}},"product_brand":[822],"product_cat":[517,515],"product_tag":[],"class_list":{"0":"post-10470","1":"product","2":"type-product","3":"status-publish","4":"has-post-thumbnail","6":"product_brand-itech","7":"product_cat-dc-load-en","8":"product_cat-power-en","9":"pa_current-a-634","10":"pa_output-number-146","11":"pa_power-w-616","12":"pa_remote-control-yes","13":"pa_voltage-v-572","15":"first","16":"instock","17":"taxable","18":"shipping-taxable","19":"product-type-simple"},"acf":[],"_links":{"self":[{"href":"https:\/\/yotavis.ch\/fr\/wp-json\/wp\/v2\/product\/10470","targetHints":{"allow":["GET"]}}],"collection":[{"href":"https:\/\/yotavis.ch\/fr\/wp-json\/wp\/v2\/product"}],"about":[{"href":"https:\/\/yotavis.ch\/fr\/wp-json\/wp\/v2\/types\/product"}],"replies":[{"embeddable":true,"href":"https:\/\/yotavis.ch\/fr\/wp-json\/wp\/v2\/comments?post=10470"}],"wp:featuredmedia":[{"embeddable":true,"href":"https:\/\/yotavis.ch\/fr\/wp-json\/wp\/v2\/media\/11160"}],"wp:attachment":[{"href":"https:\/\/yotavis.ch\/fr\/wp-json\/wp\/v2\/media?parent=10470"}],"wp:term":[{"taxonomy":"product_brand","embeddable":true,"href":"https:\/\/yotavis.ch\/fr\/wp-json\/wp\/v2\/product_brand?post=10470"},{"taxonomy":"product_cat","embeddable":true,"href":"https:\/\/yotavis.ch\/fr\/wp-json\/wp\/v2\/product_cat?post=10470"},{"taxonomy":"product_tag","embeddable":true,"href":"https:\/\/yotavis.ch\/fr\/wp-json\/wp\/v2\/product_tag?post=10470"}],"curies":[{"name":"wp","href":"https:\/\/api.w.org\/{rel}","templated":true}]}}