{"id":10481,"date":"2025-10-09T00:00:00","date_gmt":"2025-10-08T22:00:00","guid":{"rendered":"https:\/\/yotavis.ch\/product\/it-m3802-300-20\/"},"modified":"2026-04-24T13:42:51","modified_gmt":"2026-04-24T11:42:51","slug":"it-m3802-300-20","status":"publish","type":"product","link":"https:\/\/yotavis.ch\/fr\/produit\/it-m3802-300-20\/","title":{"rendered":"IT-M3802-300-20"},"content":{"rendered":"<p>L'ITECH IT-M3802-300-20 est une charge \u00e9lectronique DC r\u00e9g\u00e9n\u00e9rative con\u00e7ue pour g\u00e9rer une tension maximale de 300V et un courant de 20A, d\u00e9livrant une capacit\u00e9 de puissance de 2000W. Elle dispose d'un seul canal de sortie et est construite dans une taille compacte de 1U, ce qui la rend appropri\u00e9e pour divers environnements de test o\u00f9 l'efficacit\u00e9 de l'espace est importante. Ce mod\u00e8le prend en charge la fonctionnalit\u00e9 de contr\u00f4le \u00e0 distance, ce qui permet un fonctionnement pratique et l'int\u00e9gration dans des syst\u00e8mes de test automatis\u00e9s. L'appareil est con\u00e7u pour offrir des performances fiables dans les applications n\u00e9cessitant une simulation de charge et une dissipation de puissance pr\u00e9cises. Sa capacit\u00e9 de r\u00e9g\u00e9n\u00e9ration permet de renvoyer de l'\u00e9nergie \u00e0 la source d'alimentation, ce qui am\u00e9liore l'efficacit\u00e9 globale du syst\u00e8me. L'IT-M3802-300-20 fait partie de la gamme de produits d'ITECH, connue pour ses \u00e9quipements de test \u00e9lectronique. Cette charge \u00e9lectronique est con\u00e7ue pour r\u00e9pondre aux exigences des tests d'alimentations, de batteries et d'autres sources d'alimentation en courant continu dans la plage de tension et de courant sp\u00e9cifi\u00e9e.<\/p>","protected":false},"excerpt":{"rendered":"<p>Charge \u00e9lectronique CC r\u00e9g\u00e9n\u00e9rative 300V, 20A, 2kW, taille 1U<\/p>","protected":false},"featured_media":11160,"comment_status":"closed","ping_status":"closed","template":"","meta":{"_acf_changed":false,"slim_seo":{"title":"IT-M3802-300-20 - YOTAVIS AG","description":"Charge \u00e9lectronique CC r\u00e9g\u00e9n\u00e9rative 300V, 20A, 2kW, taille 1U"}},"product_brand":[822],"product_cat":[517,515],"product_tag":[],"class_list":{"0":"post-10481","1":"product","2":"type-product","3":"status-publish","4":"has-post-thumbnail","6":"product_brand-itech","7":"product_cat-dc-load-en","8":"product_cat-power-en","9":"pa_current-a-552","10":"pa_output-number-146","11":"pa_power-w-561","12":"pa_remote-control-yes","13":"pa_voltage-v-624","15":"first","16":"instock","17":"taxable","18":"shipping-taxable","19":"product-type-simple"},"acf":[],"_links":{"self":[{"href":"https:\/\/yotavis.ch\/fr\/wp-json\/wp\/v2\/product\/10481","targetHints":{"allow":["GET"]}}],"collection":[{"href":"https:\/\/yotavis.ch\/fr\/wp-json\/wp\/v2\/product"}],"about":[{"href":"https:\/\/yotavis.ch\/fr\/wp-json\/wp\/v2\/types\/product"}],"replies":[{"embeddable":true,"href":"https:\/\/yotavis.ch\/fr\/wp-json\/wp\/v2\/comments?post=10481"}],"wp:featuredmedia":[{"embeddable":true,"href":"https:\/\/yotavis.ch\/fr\/wp-json\/wp\/v2\/media\/11160"}],"wp:attachment":[{"href":"https:\/\/yotavis.ch\/fr\/wp-json\/wp\/v2\/media?parent=10481"}],"wp:term":[{"taxonomy":"product_brand","embeddable":true,"href":"https:\/\/yotavis.ch\/fr\/wp-json\/wp\/v2\/product_brand?post=10481"},{"taxonomy":"product_cat","embeddable":true,"href":"https:\/\/yotavis.ch\/fr\/wp-json\/wp\/v2\/product_cat?post=10481"},{"taxonomy":"product_tag","embeddable":true,"href":"https:\/\/yotavis.ch\/fr\/wp-json\/wp\/v2\/product_tag?post=10481"}],"curies":[{"name":"wp","href":"https:\/\/api.w.org\/{rel}","templated":true}]}}