{"id":10486,"date":"2025-10-09T00:00:00","date_gmt":"2025-10-08T22:00:00","guid":{"rendered":"https:\/\/yotavis.ch\/product\/it-m3804-500-24\/"},"modified":"2026-04-24T13:42:52","modified_gmt":"2026-04-24T11:42:52","slug":"it-m3804-500-24","status":"publish","type":"product","link":"https:\/\/yotavis.ch\/fr\/produit\/it-m3804-500-24\/","title":{"rendered":"IT-M3804-500-24"},"content":{"rendered":"<p>L'ITECH IT-M3804-500-24 est une charge \u00e9lectronique DC r\u00e9g\u00e9n\u00e9rative con\u00e7ue pour g\u00e9rer une tension maximale de 500V et un courant de 24A, d\u00e9livrant une capacit\u00e9 de puissance de 4000W. Ce dispositif pr\u00e9sente une taille compacte de 1U, ce qui le rend adapt\u00e9 \u00e0 l'int\u00e9gration dans divers environnements de test o\u00f9 l'efficacit\u00e9 de l'espace est importante. Il comprend un seul canal de sortie, ce qui permet d'effectuer des tests de charge cibl\u00e9s et pr\u00e9cis. L'appareil est dot\u00e9 d'une fonction de commande \u00e0 distance, ce qui permet aux utilisateurs de le faire fonctionner et de le surveiller \u00e0 distance, et d'am\u00e9liorer ainsi la commodit\u00e9 et la s\u00e9curit\u00e9 pendant les proc\u00e9dures d'essai. La capacit\u00e9 de r\u00e9g\u00e9n\u00e9ration de la charge \u00e9lectronique signifie qu'elle peut r\u00e9injecter de l'\u00e9nergie dans la source d'alimentation, am\u00e9liorant ainsi l'efficacit\u00e9 \u00e9nerg\u00e9tique pendant le fonctionnement. Ce mod\u00e8le fait partie de la gamme de produits ITECH, connue pour ses \u00e9quipements de test \u00e9lectroniques sp\u00e9cialis\u00e9s. La combinaison de ses sp\u00e9cifications de tension, de courant et de puissance le rend adapt\u00e9 aux applications n\u00e9cessitant des tests de charge CC robustes et fiables.<\/p>","protected":false},"excerpt":{"rendered":"<p>Charge \u00e9lectronique CC r\u00e9g\u00e9n\u00e9rative 500V, 24A, 4kW, taille 1U<\/p>","protected":false},"featured_media":11160,"comment_status":"closed","ping_status":"closed","template":"","meta":{"_acf_changed":false,"slim_seo":{"title":"IT-M3804-500-24 - YOTAVIS AG","description":"Charge \u00e9lectronique CC r\u00e9g\u00e9n\u00e9rative 500V, 24A, 4kW, taille 1U"}},"product_brand":[822],"product_cat":[517,515],"product_tag":[],"class_list":{"0":"post-10486","1":"product","2":"type-product","3":"status-publish","4":"has-post-thumbnail","6":"product_brand-itech","7":"product_cat-dc-load-en","8":"product_cat-power-en","9":"pa_current-a-584","10":"pa_output-number-146","11":"pa_power-w-611","12":"pa_remote-control-yes","13":"pa_voltage-v-604","15":"first","16":"instock","17":"taxable","18":"shipping-taxable","19":"product-type-simple"},"acf":[],"_links":{"self":[{"href":"https:\/\/yotavis.ch\/fr\/wp-json\/wp\/v2\/product\/10486","targetHints":{"allow":["GET"]}}],"collection":[{"href":"https:\/\/yotavis.ch\/fr\/wp-json\/wp\/v2\/product"}],"about":[{"href":"https:\/\/yotavis.ch\/fr\/wp-json\/wp\/v2\/types\/product"}],"replies":[{"embeddable":true,"href":"https:\/\/yotavis.ch\/fr\/wp-json\/wp\/v2\/comments?post=10486"}],"wp:featuredmedia":[{"embeddable":true,"href":"https:\/\/yotavis.ch\/fr\/wp-json\/wp\/v2\/media\/11160"}],"wp:attachment":[{"href":"https:\/\/yotavis.ch\/fr\/wp-json\/wp\/v2\/media?parent=10486"}],"wp:term":[{"taxonomy":"product_brand","embeddable":true,"href":"https:\/\/yotavis.ch\/fr\/wp-json\/wp\/v2\/product_brand?post=10486"},{"taxonomy":"product_cat","embeddable":true,"href":"https:\/\/yotavis.ch\/fr\/wp-json\/wp\/v2\/product_cat?post=10486"},{"taxonomy":"product_tag","embeddable":true,"href":"https:\/\/yotavis.ch\/fr\/wp-json\/wp\/v2\/product_tag?post=10486"}],"curies":[{"name":"wp","href":"https:\/\/api.w.org\/{rel}","templated":true}]}}