{"id":10489,"date":"2025-10-09T00:00:00","date_gmt":"2025-10-08T22:00:00","guid":{"rendered":"https:\/\/yotavis.ch\/product\/it-m3802-800-8\/"},"modified":"2026-04-24T13:42:56","modified_gmt":"2026-04-24T11:42:56","slug":"it-m3802-800-8","status":"publish","type":"product","link":"https:\/\/yotavis.ch\/fr\/produit\/it-m3802-800-8\/","title":{"rendered":"IT-M3802-800-8"},"content":{"rendered":"<p>L'ITECH IT-M3802-800-8 est une charge \u00e9lectronique DC r\u00e9g\u00e9n\u00e9rative con\u00e7ue pour g\u00e9rer une tension maximale de 800V et un courant de 8A, d\u00e9livrant une capacit\u00e9 de puissance de 2000W. Elle pr\u00e9sente une taille compacte de 1U, ce qui permet de l'int\u00e9grer dans divers environnements de test o\u00f9 l'efficacit\u00e9 de l'espace est importante. Ce mod\u00e8le comprend un seul canal de sortie, ce qui permet d'effectuer des tests de charge cibl\u00e9s et pr\u00e9cis. La capacit\u00e9 de commande \u00e0 distance est prise en charge, ce qui permet aux utilisateurs de faire fonctionner l'appareil \u00e0 distance. La fonction de r\u00e9g\u00e9n\u00e9ration permet \u00e0 l'appareil de r\u00e9injecter de l'\u00e9nergie dans la source d'alimentation, am\u00e9liorant ainsi l'efficacit\u00e9 \u00e9nerg\u00e9tique pendant les processus d'essai. Sa conception permet un fonctionnement stable et fiable dans les conditions \u00e9lectriques sp\u00e9cifi\u00e9es. La combinaison de ces caract\u00e9ristiques fait de l'IT-M3802-800-8 un outil polyvalent pour les applications n\u00e9cessitant des tests de charge CC contr\u00f4l\u00e9s avec des capacit\u00e9s de r\u00e9g\u00e9n\u00e9ration d'\u00e9nergie.<\/p>","protected":false},"excerpt":{"rendered":"<p>Charge \u00e9lectronique CC r\u00e9g\u00e9n\u00e9rative 800V, 8A, 2kW, taille 1U<\/p>","protected":false},"featured_media":11160,"comment_status":"closed","ping_status":"closed","template":"","meta":{"_acf_changed":false,"slim_seo":{"title":"IT-M3802-800-8 - YOTAVIS AG","description":"Charge \u00e9lectronique CC r\u00e9g\u00e9n\u00e9rative 800V, 8A, 2kW, taille 1U"}},"product_brand":[822],"product_cat":[517,515],"product_tag":[],"class_list":{"0":"post-10489","1":"product","2":"type-product","3":"status-publish","4":"has-post-thumbnail","6":"product_brand-itech","7":"product_cat-dc-load-en","8":"product_cat-power-en","9":"pa_current-a-394","10":"pa_output-number-146","11":"pa_power-w-561","12":"pa_remote-control-yes","13":"pa_voltage-v-319","15":"first","16":"instock","17":"taxable","18":"shipping-taxable","19":"product-type-simple"},"acf":[],"_links":{"self":[{"href":"https:\/\/yotavis.ch\/fr\/wp-json\/wp\/v2\/product\/10489","targetHints":{"allow":["GET"]}}],"collection":[{"href":"https:\/\/yotavis.ch\/fr\/wp-json\/wp\/v2\/product"}],"about":[{"href":"https:\/\/yotavis.ch\/fr\/wp-json\/wp\/v2\/types\/product"}],"replies":[{"embeddable":true,"href":"https:\/\/yotavis.ch\/fr\/wp-json\/wp\/v2\/comments?post=10489"}],"wp:featuredmedia":[{"embeddable":true,"href":"https:\/\/yotavis.ch\/fr\/wp-json\/wp\/v2\/media\/11160"}],"wp:attachment":[{"href":"https:\/\/yotavis.ch\/fr\/wp-json\/wp\/v2\/media?parent=10489"}],"wp:term":[{"taxonomy":"product_brand","embeddable":true,"href":"https:\/\/yotavis.ch\/fr\/wp-json\/wp\/v2\/product_brand?post=10489"},{"taxonomy":"product_cat","embeddable":true,"href":"https:\/\/yotavis.ch\/fr\/wp-json\/wp\/v2\/product_cat?post=10489"},{"taxonomy":"product_tag","embeddable":true,"href":"https:\/\/yotavis.ch\/fr\/wp-json\/wp\/v2\/product_tag?post=10489"}],"curies":[{"name":"wp","href":"https:\/\/api.w.org\/{rel}","templated":true}]}}