{"id":10498,"date":"2025-10-09T00:00:00","date_gmt":"2025-10-08T22:00:00","guid":{"rendered":"https:\/\/yotavis.ch\/product\/it-m3902d-32-80\/"},"modified":"2026-04-24T13:42:58","modified_gmt":"2026-04-24T11:42:58","slug":"it-m3902d-32-80","status":"publish","type":"product","link":"https:\/\/yotavis.ch\/fr\/produit\/it-m3902d-32-80\/","title":{"rendered":"IT-M3902D-32-80"},"content":{"rendered":"<p>L'ITECH IT-M3902D-32-80 est un bloc d'alimentation DC con\u00e7u pour d\u00e9livrer une puissance maximale de 2000 watts. Il fonctionne \u00e0 une tension de 32 volts et peut fournir un courant allant jusqu'\u00e0 80 amp\u00e8res. Ce mod\u00e8le est dot\u00e9 d'un seul canal de sortie, ce qui permet une distribution cibl\u00e9e de la puissance. L'unit\u00e9 est compacte, avec un facteur de forme de 1U, ce qui permet de l'int\u00e9grer dans des racks d'\u00e9quipement standard. Il est \u00e9galement dot\u00e9 d'une fonction de commande \u00e0 distance, permettant aux utilisateurs de faire fonctionner l'alimentation \u00e0 distance. La combinaison de ses caract\u00e9ristiques de tension, de courant et de puissance la rend adapt\u00e9e aux applications n\u00e9cessitant une alimentation en courant continu stable et fiable. La conception et les caract\u00e9ristiques de cette alimentation permettent une gestion efficace et contr\u00f4l\u00e9e de l'alimentation dans divers contextes.<\/p>","protected":false},"excerpt":{"rendered":"<p>Bloc d'alimentation 32V, 80A, 2000W DC, taille 1U<\/p>","protected":false},"featured_media":11166,"comment_status":"closed","ping_status":"closed","template":"","meta":{"_acf_changed":false,"slim_seo":{"title":"IT-M3902D-32-80 - YOTAVIS AG","description":"Bloc d'alimentation 32V, 80A, 2000W DC, taille 1U"}},"product_brand":[822],"product_cat":[516,515],"product_tag":[],"class_list":{"0":"post-10498","1":"product","2":"type-product","3":"status-publish","4":"has-post-thumbnail","6":"product_brand-itech","7":"product_cat-dc-source-en","8":"product_cat-power-en","9":"pa_current-a-557","10":"pa_output-number-146","11":"pa_power-w-561","12":"pa_remote-control-yes","13":"pa_voltage-v-140","15":"first","16":"instock","17":"taxable","18":"shipping-taxable","19":"product-type-simple"},"acf":[],"_links":{"self":[{"href":"https:\/\/yotavis.ch\/fr\/wp-json\/wp\/v2\/product\/10498","targetHints":{"allow":["GET"]}}],"collection":[{"href":"https:\/\/yotavis.ch\/fr\/wp-json\/wp\/v2\/product"}],"about":[{"href":"https:\/\/yotavis.ch\/fr\/wp-json\/wp\/v2\/types\/product"}],"replies":[{"embeddable":true,"href":"https:\/\/yotavis.ch\/fr\/wp-json\/wp\/v2\/comments?post=10498"}],"wp:featuredmedia":[{"embeddable":true,"href":"https:\/\/yotavis.ch\/fr\/wp-json\/wp\/v2\/media\/11166"}],"wp:attachment":[{"href":"https:\/\/yotavis.ch\/fr\/wp-json\/wp\/v2\/media?parent=10498"}],"wp:term":[{"taxonomy":"product_brand","embeddable":true,"href":"https:\/\/yotavis.ch\/fr\/wp-json\/wp\/v2\/product_brand?post=10498"},{"taxonomy":"product_cat","embeddable":true,"href":"https:\/\/yotavis.ch\/fr\/wp-json\/wp\/v2\/product_cat?post=10498"},{"taxonomy":"product_tag","embeddable":true,"href":"https:\/\/yotavis.ch\/fr\/wp-json\/wp\/v2\/product_tag?post=10498"}],"curies":[{"name":"wp","href":"https:\/\/api.w.org\/{rel}","templated":true}]}}