{"id":10500,"date":"2025-10-09T00:00:00","date_gmt":"2025-10-08T22:00:00","guid":{"rendered":"https:\/\/yotavis.ch\/product\/it-m3906d-32-240\/"},"modified":"2026-04-24T13:42:59","modified_gmt":"2026-04-24T11:42:59","slug":"it-m3906d-32-240","status":"publish","type":"product","link":"https:\/\/yotavis.ch\/fr\/produit\/it-m3906d-32-240\/","title":{"rendered":"IT-M3906D-32-240"},"content":{"rendered":"<p>L'ITECH IT-M3906D-32-240 est un bloc d'alimentation DC con\u00e7u pour d\u00e9livrer une puissance maximale de 6000 watts. Il fonctionne \u00e0 une tension de 32 volts et peut fournir un courant allant jusqu'\u00e0 240 amp\u00e8res. Ce mod\u00e8le est dot\u00e9 d'un seul canal de sortie, ce qui permet une distribution cibl\u00e9e de la puissance. L'unit\u00e9 est compacte, avec un facteur de forme de 1U, ce qui permet de l'int\u00e9grer dans diverses configurations o\u00f9 l'efficacit\u00e9 de l'espace est importante. En outre, il prend en charge la fonctionnalit\u00e9 de contr\u00f4le \u00e0 distance, ce qui permet aux utilisateurs de faire fonctionner l'alimentation \u00e0 distance. La combinaison d'une capacit\u00e9 de puissance \u00e9lev\u00e9e et d'une capacit\u00e9 de contr\u00f4le \u00e0 distance rend ce dispositif adaptable \u00e0 diff\u00e9rentes applications n\u00e9cessitant une alimentation en courant continu stable et contr\u00f4lable. Fabriqu\u00e9 par ITECH, l'IT-M3906D-32-240 est con\u00e7u pour r\u00e9pondre \u00e0 des exigences sp\u00e9cifiques en mati\u00e8re d'alimentation avec pr\u00e9cision et fiabilit\u00e9.<\/p>","protected":false},"excerpt":{"rendered":"<p>Bloc d'alimentation 32V, 240A, 6000W DC, taille 1U<\/p>","protected":false},"featured_media":11166,"comment_status":"closed","ping_status":"closed","template":"","meta":{"_acf_changed":false,"slim_seo":{"title":"IT-M3906D-32-240 - YOTAVIS AG","description":"Bloc d'alimentation 32V, 240A, 6000W DC, taille 1U"}},"product_brand":[822],"product_cat":[516,515],"product_tag":[],"class_list":{"0":"post-10500","1":"product","2":"type-product","3":"status-publish","4":"has-post-thumbnail","6":"product_brand-itech","7":"product_cat-dc-source-en","8":"product_cat-power-en","9":"pa_current-a-634","10":"pa_output-number-146","11":"pa_power-w-626","12":"pa_remote-control-yes","13":"pa_voltage-v-140","15":"first","16":"instock","17":"taxable","18":"shipping-taxable","19":"product-type-simple"},"acf":[],"_links":{"self":[{"href":"https:\/\/yotavis.ch\/fr\/wp-json\/wp\/v2\/product\/10500","targetHints":{"allow":["GET"]}}],"collection":[{"href":"https:\/\/yotavis.ch\/fr\/wp-json\/wp\/v2\/product"}],"about":[{"href":"https:\/\/yotavis.ch\/fr\/wp-json\/wp\/v2\/types\/product"}],"replies":[{"embeddable":true,"href":"https:\/\/yotavis.ch\/fr\/wp-json\/wp\/v2\/comments?post=10500"}],"wp:featuredmedia":[{"embeddable":true,"href":"https:\/\/yotavis.ch\/fr\/wp-json\/wp\/v2\/media\/11166"}],"wp:attachment":[{"href":"https:\/\/yotavis.ch\/fr\/wp-json\/wp\/v2\/media?parent=10500"}],"wp:term":[{"taxonomy":"product_brand","embeddable":true,"href":"https:\/\/yotavis.ch\/fr\/wp-json\/wp\/v2\/product_brand?post=10500"},{"taxonomy":"product_cat","embeddable":true,"href":"https:\/\/yotavis.ch\/fr\/wp-json\/wp\/v2\/product_cat?post=10500"},{"taxonomy":"product_tag","embeddable":true,"href":"https:\/\/yotavis.ch\/fr\/wp-json\/wp\/v2\/product_tag?post=10500"}],"curies":[{"name":"wp","href":"https:\/\/api.w.org\/{rel}","templated":true}]}}