{"id":10501,"date":"2025-10-09T00:00:00","date_gmt":"2025-10-08T22:00:00","guid":{"rendered":"https:\/\/yotavis.ch\/product\/it-m3912d-32-480\/"},"modified":"2026-04-24T13:43:00","modified_gmt":"2026-04-24T11:43:00","slug":"it-m3912d-32-480","status":"publish","type":"product","link":"https:\/\/yotavis.ch\/fr\/produit\/it-m3912d-32-480\/","title":{"rendered":"IT-M3912D-32-480"},"content":{"rendered":"<p>L'ITECH IT-M3912D-32-480 est un bloc d'alimentation DC d'une puissance de 12000 watts. Il fonctionne \u00e0 une tension de 32 volts et peut d\u00e9livrer un courant allant jusqu'\u00e0 480 amp\u00e8res. Ce mod\u00e8le dispose d'un seul canal de sortie et est con\u00e7u dans un format 2U. L'appareil est dot\u00e9 d'une fonction de commande \u00e0 distance, ce qui facilite son utilisation et son int\u00e9gration dans des syst\u00e8mes automatis\u00e9s. Ses sp\u00e9cifications le rendent adapt\u00e9 aux applications n\u00e9cessitant une puissance \u00e9lev\u00e9e et un contr\u00f4le pr\u00e9cis de la tension et du courant. Sa taille compacte de 2U lui permet de s'int\u00e9grer dans des racks d'\u00e9quipement standard, optimisant ainsi l'espace dans diverses configurations. Cette alimentation est con\u00e7ue pour fournir un courant continu fiable et constant dans les environnements exigeants.<\/p>","protected":false},"excerpt":{"rendered":"<p>Bloc d'alimentation 32V, 480A, 12000W DC, taille 2U<\/p>","protected":false},"featured_media":12278,"comment_status":"closed","ping_status":"closed","template":"","meta":{"_acf_changed":false,"slim_seo":{"title":"IT-M3912D-32-480 - YOTAVIS AG","description":"Bloc d'alimentation 32V, 480A, 12000W DC, taille 2U"}},"product_brand":[822],"product_cat":[516,515],"product_tag":[],"class_list":{"0":"post-10501","1":"product","2":"type-product","3":"status-publish","4":"has-post-thumbnail","6":"product_brand-itech","7":"product_cat-dc-source-en","8":"product_cat-power-en","9":"pa_current-a-480","10":"pa_output-number-146","11":"pa_power-w-628","12":"pa_remote-control-yes","13":"pa_voltage-v-140","15":"first","16":"instock","17":"taxable","18":"shipping-taxable","19":"product-type-simple"},"acf":[],"_links":{"self":[{"href":"https:\/\/yotavis.ch\/fr\/wp-json\/wp\/v2\/product\/10501","targetHints":{"allow":["GET"]}}],"collection":[{"href":"https:\/\/yotavis.ch\/fr\/wp-json\/wp\/v2\/product"}],"about":[{"href":"https:\/\/yotavis.ch\/fr\/wp-json\/wp\/v2\/types\/product"}],"replies":[{"embeddable":true,"href":"https:\/\/yotavis.ch\/fr\/wp-json\/wp\/v2\/comments?post=10501"}],"wp:featuredmedia":[{"embeddable":true,"href":"https:\/\/yotavis.ch\/fr\/wp-json\/wp\/v2\/media\/12278"}],"wp:attachment":[{"href":"https:\/\/yotavis.ch\/fr\/wp-json\/wp\/v2\/media?parent=10501"}],"wp:term":[{"taxonomy":"product_brand","embeddable":true,"href":"https:\/\/yotavis.ch\/fr\/wp-json\/wp\/v2\/product_brand?post=10501"},{"taxonomy":"product_cat","embeddable":true,"href":"https:\/\/yotavis.ch\/fr\/wp-json\/wp\/v2\/product_cat?post=10501"},{"taxonomy":"product_tag","embeddable":true,"href":"https:\/\/yotavis.ch\/fr\/wp-json\/wp\/v2\/product_tag?post=10501"}],"curies":[{"name":"wp","href":"https:\/\/api.w.org\/{rel}","templated":true}]}}