{"id":10504,"date":"2025-10-09T00:00:00","date_gmt":"2025-10-08T22:00:00","guid":{"rendered":"https:\/\/yotavis.ch\/product\/it-m3906d-80-120\/"},"modified":"2026-04-24T13:43:01","modified_gmt":"2026-04-24T11:43:01","slug":"it-m3906d-80-120","status":"publish","type":"product","link":"https:\/\/yotavis.ch\/fr\/produit\/it-m3906d-80-120\/","title":{"rendered":"IT-M3906D-80-120"},"content":{"rendered":"<p>L'IT-M3906D-80-120 est un bloc d'alimentation \u00e0 courant continu d'une puissance de 6000 watts. Il fonctionne \u00e0 une tension de 80 volts et peut d\u00e9livrer un courant allant jusqu'\u00e0 120 amp\u00e8res. Ce mod\u00e8le est dot\u00e9 d'un seul canal de sortie, ce qui permet une distribution cibl\u00e9e de la puissance. L'unit\u00e9 est con\u00e7ue dans un format compact de 1U, ce qui permet de la monter en rack dans diverses configurations. Il comprend \u00e9galement une fonction de contr\u00f4le \u00e0 distance, permettant aux utilisateurs de faire fonctionner l'alimentation \u00e0 distance. Fabriqu\u00e9e par ITECH, cette alimentation est con\u00e7ue pour r\u00e9pondre \u00e0 des exigences sp\u00e9cifiques en mati\u00e8re de tension et de courant. Sa conception permet une gestion efficace de l'\u00e9nergie dans les applications n\u00e9cessitant une alimentation en courant continu stable et \u00e9lev\u00e9e.<\/p>","protected":false},"excerpt":{"rendered":"<p>Bloc d'alimentation DC 80V, 120A, 6000W, taille 1U<\/p>","protected":false},"featured_media":11166,"comment_status":"closed","ping_status":"closed","template":"","meta":{"_acf_changed":false,"slim_seo":{"title":"IT-M3906D-80-120 - YOTAVIS AG","description":"Bloc d'alimentation DC 80V, 120A, 6000W, taille 1U"}},"product_brand":[822],"product_cat":[516,515],"product_tag":[],"class_list":{"0":"post-10504","1":"product","2":"type-product","3":"status-publish","4":"has-post-thumbnail","6":"product_brand-itech","7":"product_cat-dc-source-en","8":"product_cat-power-en","9":"pa_current-a-559","10":"pa_output-number-146","11":"pa_power-w-626","12":"pa_remote-control-yes","13":"pa_voltage-v-155","15":"first","16":"instock","17":"taxable","18":"shipping-taxable","19":"product-type-simple"},"acf":[],"_links":{"self":[{"href":"https:\/\/yotavis.ch\/fr\/wp-json\/wp\/v2\/product\/10504","targetHints":{"allow":["GET"]}}],"collection":[{"href":"https:\/\/yotavis.ch\/fr\/wp-json\/wp\/v2\/product"}],"about":[{"href":"https:\/\/yotavis.ch\/fr\/wp-json\/wp\/v2\/types\/product"}],"replies":[{"embeddable":true,"href":"https:\/\/yotavis.ch\/fr\/wp-json\/wp\/v2\/comments?post=10504"}],"wp:featuredmedia":[{"embeddable":true,"href":"https:\/\/yotavis.ch\/fr\/wp-json\/wp\/v2\/media\/11166"}],"wp:attachment":[{"href":"https:\/\/yotavis.ch\/fr\/wp-json\/wp\/v2\/media?parent=10504"}],"wp:term":[{"taxonomy":"product_brand","embeddable":true,"href":"https:\/\/yotavis.ch\/fr\/wp-json\/wp\/v2\/product_brand?post=10504"},{"taxonomy":"product_cat","embeddable":true,"href":"https:\/\/yotavis.ch\/fr\/wp-json\/wp\/v2\/product_cat?post=10504"},{"taxonomy":"product_tag","embeddable":true,"href":"https:\/\/yotavis.ch\/fr\/wp-json\/wp\/v2\/product_tag?post=10504"}],"curies":[{"name":"wp","href":"https:\/\/api.w.org\/{rel}","templated":true}]}}