{"id":10506,"date":"2025-10-09T00:00:00","date_gmt":"2025-10-08T22:00:00","guid":{"rendered":"https:\/\/yotavis.ch\/product\/it-m3902d-300-20\/"},"modified":"2026-04-24T13:43:02","modified_gmt":"2026-04-24T11:43:02","slug":"it-m3902d-300-20","status":"publish","type":"product","link":"https:\/\/yotavis.ch\/fr\/produit\/it-m3902d-300-20\/","title":{"rendered":"IT-M3902D-300-20"},"content":{"rendered":"<p>L'ITECH IT-M3902D-300-20 est un bloc d'alimentation DC con\u00e7u pour d\u00e9livrer une puissance maximale de 2000 watts. Il fonctionne \u00e0 une tension de 300 volts et peut fournir un courant allant jusqu'\u00e0 20 amp\u00e8res. Ce mod\u00e8le dispose d'un seul canal de sortie, ce qui le rend adapt\u00e9 aux applications n\u00e9cessitant une source d'alimentation stable et contr\u00f4l\u00e9e. L'unit\u00e9 est compacte avec une taille de 1U, ce qui permet une utilisation efficace de l'espace dans les installations mont\u00e9es en rack. En outre, il prend en charge la fonctionnalit\u00e9 de commande \u00e0 distance, ce qui permet aux utilisateurs de faire fonctionner l'alimentation \u00e0 distance pour des raisons de commodit\u00e9 et de s\u00e9curit\u00e9. La combinaison de ses caract\u00e9ristiques de tension, de courant et de puissance en fait un choix polyvalent pour divers environnements de test et de d\u00e9veloppement o\u00f9 une alimentation CC pr\u00e9cise est n\u00e9cessaire.<\/p>","protected":false},"excerpt":{"rendered":"<p>Alimentation DC 300V, 20A, 2000W, taille 1U<\/p>","protected":false},"featured_media":11166,"comment_status":"closed","ping_status":"closed","template":"","meta":{"_acf_changed":false,"slim_seo":{"title":"IT-M3902D-300-20 - YOTAVIS AG","description":"Alimentation DC 300V, 20A, 2000W, taille 1U"}},"product_brand":[822],"product_cat":[516,515],"product_tag":[],"class_list":{"0":"post-10506","1":"product","2":"type-product","3":"status-publish","4":"has-post-thumbnail","6":"product_brand-itech","7":"product_cat-dc-source-en","8":"product_cat-power-en","9":"pa_current-a-552","10":"pa_output-number-146","11":"pa_power-w-561","12":"pa_remote-control-yes","13":"pa_voltage-v-624","15":"first","16":"instock","17":"taxable","18":"shipping-taxable","19":"product-type-simple"},"acf":[],"_links":{"self":[{"href":"https:\/\/yotavis.ch\/fr\/wp-json\/wp\/v2\/product\/10506","targetHints":{"allow":["GET"]}}],"collection":[{"href":"https:\/\/yotavis.ch\/fr\/wp-json\/wp\/v2\/product"}],"about":[{"href":"https:\/\/yotavis.ch\/fr\/wp-json\/wp\/v2\/types\/product"}],"replies":[{"embeddable":true,"href":"https:\/\/yotavis.ch\/fr\/wp-json\/wp\/v2\/comments?post=10506"}],"wp:featuredmedia":[{"embeddable":true,"href":"https:\/\/yotavis.ch\/fr\/wp-json\/wp\/v2\/media\/11166"}],"wp:attachment":[{"href":"https:\/\/yotavis.ch\/fr\/wp-json\/wp\/v2\/media?parent=10506"}],"wp:term":[{"taxonomy":"product_brand","embeddable":true,"href":"https:\/\/yotavis.ch\/fr\/wp-json\/wp\/v2\/product_brand?post=10506"},{"taxonomy":"product_cat","embeddable":true,"href":"https:\/\/yotavis.ch\/fr\/wp-json\/wp\/v2\/product_cat?post=10506"},{"taxonomy":"product_tag","embeddable":true,"href":"https:\/\/yotavis.ch\/fr\/wp-json\/wp\/v2\/product_tag?post=10506"}],"curies":[{"name":"wp","href":"https:\/\/api.w.org\/{rel}","templated":true}]}}