{"id":10509,"date":"2025-10-09T00:00:00","date_gmt":"2025-10-08T22:00:00","guid":{"rendered":"https:\/\/yotavis.ch\/product\/it-m3912d-300-120\/"},"modified":"2026-04-24T13:43:05","modified_gmt":"2026-04-24T11:43:05","slug":"it-m3912d-300-120","status":"publish","type":"product","link":"https:\/\/yotavis.ch\/fr\/produit\/it-m3912d-300-120\/","title":{"rendered":"IT-M3912D-300-120"},"content":{"rendered":"<p>L'ITECH IT-M3912D-300-120 est un bloc d'alimentation \u00e0 courant continu d'une puissance maximale de 12 000 watts. Il fonctionne \u00e0 une tension de 300 volts et peut d\u00e9livrer un courant allant jusqu'\u00e0 120 amp\u00e8res. Ce mod\u00e8le dispose d'un seul canal de sortie et est con\u00e7u dans un format 2U. L'alimentation prend en charge la fonctionnalit\u00e9 de commande \u00e0 distance, ce qui permet un fonctionnement pratique \u00e0 distance. Ses sp\u00e9cifications en font un produit adapt\u00e9 aux applications n\u00e9cessitant une puissance \u00e9lev\u00e9e et un contr\u00f4le pr\u00e9cis. L'unit\u00e9 est con\u00e7ue pour g\u00e9rer des charges \u00e9lectriques exigeantes tout en maintenant des performances stables. Cette alimentation fait partie de la gamme de produits ITECH, connue pour sa conception robuste et son fonctionnement fiable.<\/p>","protected":false},"excerpt":{"rendered":"<p>300V, 120A, 12000W DC PSU, 2U size<\/p>","protected":false},"featured_media":12278,"comment_status":"closed","ping_status":"closed","template":"","meta":{"_acf_changed":false,"slim_seo":{"title":"IT-M3912D-300-120 - YOTAVIS AG","description":"300V, 120A, 12000W DC PSU, 2U size"}},"product_brand":[822],"product_cat":[516,515],"product_tag":[],"class_list":{"0":"post-10509","1":"product","2":"type-product","3":"status-publish","4":"has-post-thumbnail","6":"product_brand-itech","7":"product_cat-dc-source-en","8":"product_cat-power-en","9":"pa_current-a-559","10":"pa_output-number-146","11":"pa_power-w-628","12":"pa_remote-control-yes","13":"pa_voltage-v-624","15":"first","16":"instock","17":"taxable","18":"shipping-taxable","19":"product-type-simple"},"acf":[],"_links":{"self":[{"href":"https:\/\/yotavis.ch\/fr\/wp-json\/wp\/v2\/product\/10509","targetHints":{"allow":["GET"]}}],"collection":[{"href":"https:\/\/yotavis.ch\/fr\/wp-json\/wp\/v2\/product"}],"about":[{"href":"https:\/\/yotavis.ch\/fr\/wp-json\/wp\/v2\/types\/product"}],"replies":[{"embeddable":true,"href":"https:\/\/yotavis.ch\/fr\/wp-json\/wp\/v2\/comments?post=10509"}],"wp:featuredmedia":[{"embeddable":true,"href":"https:\/\/yotavis.ch\/fr\/wp-json\/wp\/v2\/media\/12278"}],"wp:attachment":[{"href":"https:\/\/yotavis.ch\/fr\/wp-json\/wp\/v2\/media?parent=10509"}],"wp:term":[{"taxonomy":"product_brand","embeddable":true,"href":"https:\/\/yotavis.ch\/fr\/wp-json\/wp\/v2\/product_brand?post=10509"},{"taxonomy":"product_cat","embeddable":true,"href":"https:\/\/yotavis.ch\/fr\/wp-json\/wp\/v2\/product_cat?post=10509"},{"taxonomy":"product_tag","embeddable":true,"href":"https:\/\/yotavis.ch\/fr\/wp-json\/wp\/v2\/product_tag?post=10509"}],"curies":[{"name":"wp","href":"https:\/\/api.w.org\/{rel}","templated":true}]}}