{"id":10510,"date":"2025-10-09T00:00:00","date_gmt":"2025-10-08T22:00:00","guid":{"rendered":"https:\/\/yotavis.ch\/product\/it-m3902d-500-12\/"},"modified":"2026-04-24T13:43:05","modified_gmt":"2026-04-24T11:43:05","slug":"it-m3902d-500-12","status":"publish","type":"product","link":"https:\/\/yotavis.ch\/fr\/produit\/it-m3902d-500-12\/","title":{"rendered":"IT-M3902D-500-12"},"content":{"rendered":"<p>L'ITECH IT-M3902D-500-12 est un bloc d'alimentation DC con\u00e7u pour d\u00e9livrer une puissance maximale de 2000 watts. Il fonctionne \u00e0 une tension de 500 volts et un courant de 12 amp\u00e8res, ce qui le rend adapt\u00e9 aux applications n\u00e9cessitant une puissance de sortie stable et \u00e9lev\u00e9e. Ce mod\u00e8le est dot\u00e9 d'un seul canal de sortie, ce qui permet une distribution cibl\u00e9e de la puissance. L'unit\u00e9 est compacte avec une taille de 1U, ce qui facilite l'int\u00e9gration dans les racks d'\u00e9quipement standard. En outre, il prend en charge la fonctionnalit\u00e9 de contr\u00f4le \u00e0 distance, ce qui permet aux utilisateurs de faire fonctionner l'alimentation \u00e0 distance pour plus de commodit\u00e9 et de s\u00e9curit\u00e9. La conception met l'accent sur l'efficacit\u00e9 et la fiabilit\u00e9 dans les t\u00e2ches de gestion de l'alimentation. Cette alimentation est fabriqu\u00e9e par ITECH, une marque connue pour ses instruments de test et de mesure \u00e9lectroniques.<\/p>","protected":false},"excerpt":{"rendered":"<p>Alimentation DC 500V, 12A, 2000W, taille 1U<\/p>","protected":false},"featured_media":11166,"comment_status":"closed","ping_status":"closed","template":"","meta":{"_acf_changed":false,"slim_seo":{"title":"IT-M3902D-500-12 - YOTAVIS AG","description":"Alimentation DC 500V, 12A, 2000W, taille 1U"}},"product_brand":[822],"product_cat":[516,515],"product_tag":[],"class_list":{"0":"post-10510","1":"product","2":"type-product","3":"status-publish","4":"has-post-thumbnail","6":"product_brand-itech","7":"product_cat-dc-source-en","8":"product_cat-power-en","9":"pa_current-a-578","10":"pa_output-number-146","11":"pa_power-w-561","12":"pa_remote-control-yes","13":"pa_voltage-v-604","15":"first","16":"instock","17":"taxable","18":"shipping-taxable","19":"product-type-simple"},"acf":[],"_links":{"self":[{"href":"https:\/\/yotavis.ch\/fr\/wp-json\/wp\/v2\/product\/10510","targetHints":{"allow":["GET"]}}],"collection":[{"href":"https:\/\/yotavis.ch\/fr\/wp-json\/wp\/v2\/product"}],"about":[{"href":"https:\/\/yotavis.ch\/fr\/wp-json\/wp\/v2\/types\/product"}],"replies":[{"embeddable":true,"href":"https:\/\/yotavis.ch\/fr\/wp-json\/wp\/v2\/comments?post=10510"}],"wp:featuredmedia":[{"embeddable":true,"href":"https:\/\/yotavis.ch\/fr\/wp-json\/wp\/v2\/media\/11166"}],"wp:attachment":[{"href":"https:\/\/yotavis.ch\/fr\/wp-json\/wp\/v2\/media?parent=10510"}],"wp:term":[{"taxonomy":"product_brand","embeddable":true,"href":"https:\/\/yotavis.ch\/fr\/wp-json\/wp\/v2\/product_brand?post=10510"},{"taxonomy":"product_cat","embeddable":true,"href":"https:\/\/yotavis.ch\/fr\/wp-json\/wp\/v2\/product_cat?post=10510"},{"taxonomy":"product_tag","embeddable":true,"href":"https:\/\/yotavis.ch\/fr\/wp-json\/wp\/v2\/product_tag?post=10510"}],"curies":[{"name":"wp","href":"https:\/\/api.w.org\/{rel}","templated":true}]}}