{"id":10515,"date":"2025-10-09T00:00:00","date_gmt":"2025-10-08T22:00:00","guid":{"rendered":"https:\/\/yotavis.ch\/product\/it-m3904d-800-16\/"},"modified":"2026-04-24T13:43:07","modified_gmt":"2026-04-24T11:43:07","slug":"it-m3904d-800-16","status":"publish","type":"product","link":"https:\/\/yotavis.ch\/fr\/produit\/it-m3904d-800-16\/","title":{"rendered":"IT-M3904D-800-16"},"content":{"rendered":"<p>L'ITECH IT-M3904D-800-16 est un bloc d'alimentation DC d'une puissance de 4000 watts. Elle fonctionne \u00e0 une tension de 800 volts et d\u00e9livre un courant de 16 amp\u00e8res. Ce mod\u00e8le dispose d'un seul canal de sortie et est con\u00e7u dans un format compact de 1U, ce qui le rend adapt\u00e9 aux environnements \u00e0 espace restreint. L'appareil est dot\u00e9 d'une fonction de commande \u00e0 distance, ce qui permet de l'utiliser facilement et de l'int\u00e9grer dans des syst\u00e8mes automatis\u00e9s. Ses sp\u00e9cifications mettent l'accent sur la fourniture d'une puissance \u00e9lev\u00e9e dans un format compact, adapt\u00e9 \u00e0 diverses applications n\u00e9cessitant une alimentation en courant continu stable. La combinaison d'une sortie de 800V et de 16A permet de g\u00e9rer efficacement des charges \u00e9lectriques exigeantes tout en maintenant un contr\u00f4le pr\u00e9cis. Cette alimentation fait partie de la gamme de produits ITECH, connue pour sa fiabilit\u00e9 technique et ses performances en mati\u00e8re d'\u00e9quipements de gestion de l'\u00e9nergie.<\/p>","protected":false},"excerpt":{"rendered":"<p>Alimentation DC 800V, 16A, 4000W, taille 1U<\/p>","protected":false},"featured_media":11166,"comment_status":"closed","ping_status":"closed","template":"","meta":{"_acf_changed":false,"slim_seo":{"title":"IT-M3904D-800-16 - YOTAVIS AG","description":"Alimentation DC 800V, 16A, 4000W, taille 1U"}},"product_brand":[822],"product_cat":[516,515],"product_tag":[],"class_list":{"0":"post-10515","1":"product","2":"type-product","3":"status-publish","4":"has-post-thumbnail","6":"product_brand-itech","7":"product_cat-dc-source-en","8":"product_cat-power-en","9":"pa_current-a-926","10":"pa_output-number-146","11":"pa_power-w-611","12":"pa_remote-control-yes","13":"pa_voltage-v-319","15":"first","16":"instock","17":"taxable","18":"shipping-taxable","19":"product-type-simple"},"acf":[],"_links":{"self":[{"href":"https:\/\/yotavis.ch\/fr\/wp-json\/wp\/v2\/product\/10515","targetHints":{"allow":["GET"]}}],"collection":[{"href":"https:\/\/yotavis.ch\/fr\/wp-json\/wp\/v2\/product"}],"about":[{"href":"https:\/\/yotavis.ch\/fr\/wp-json\/wp\/v2\/types\/product"}],"replies":[{"embeddable":true,"href":"https:\/\/yotavis.ch\/fr\/wp-json\/wp\/v2\/comments?post=10515"}],"wp:featuredmedia":[{"embeddable":true,"href":"https:\/\/yotavis.ch\/fr\/wp-json\/wp\/v2\/media\/11166"}],"wp:attachment":[{"href":"https:\/\/yotavis.ch\/fr\/wp-json\/wp\/v2\/media?parent=10515"}],"wp:term":[{"taxonomy":"product_brand","embeddable":true,"href":"https:\/\/yotavis.ch\/fr\/wp-json\/wp\/v2\/product_brand?post=10515"},{"taxonomy":"product_cat","embeddable":true,"href":"https:\/\/yotavis.ch\/fr\/wp-json\/wp\/v2\/product_cat?post=10515"},{"taxonomy":"product_tag","embeddable":true,"href":"https:\/\/yotavis.ch\/fr\/wp-json\/wp\/v2\/product_tag?post=10515"}],"curies":[{"name":"wp","href":"https:\/\/api.w.org\/{rel}","templated":true}]}}