{"id":10516,"date":"2025-10-09T00:00:00","date_gmt":"2025-10-08T22:00:00","guid":{"rendered":"https:\/\/yotavis.ch\/product\/it-m3906d-800-24\/"},"modified":"2026-04-24T13:43:07","modified_gmt":"2026-04-24T11:43:07","slug":"it-m3906d-800-24","status":"publish","type":"product","link":"https:\/\/yotavis.ch\/fr\/produit\/it-m3906d-800-24\/","title":{"rendered":"IT-M3906D-800-24"},"content":{"rendered":"<p>L'ITECH IT-M3906D-800-24 est un bloc d'alimentation DC con\u00e7u pour d\u00e9livrer une puissance maximale de 6000 watts. Il fonctionne \u00e0 une tension de 800 volts et peut fournir un courant allant jusqu'\u00e0 24 amp\u00e8res. Ce mod\u00e8le est dot\u00e9 d'un seul canal de sortie, ce qui permet une distribution cibl\u00e9e de la puissance. L'unit\u00e9 est compacte avec une taille de 1U, ce qui permet de la monter en rack dans diverses configurations. Il est \u00e9galement dot\u00e9 d'une fonction de commande \u00e0 distance, permettant aux utilisateurs de faire fonctionner l'alimentation \u00e0 distance. La combinaison d'une tension et d'un courant nominaux \u00e9lev\u00e9s rend cette alimentation adapt\u00e9e aux applications exigeantes n\u00e9cessitant une alimentation CC stable et fiable. Sa conception et ses sp\u00e9cifications refl\u00e8tent un \u00e9quilibre entre la capacit\u00e9 de puissance et l'efficacit\u00e9 de l'espace.<\/p>","protected":false},"excerpt":{"rendered":"<p>Bloc d'alimentation DC 800V, 24A, 6000W, taille 1U<\/p>","protected":false},"featured_media":11166,"comment_status":"closed","ping_status":"closed","template":"","meta":{"_acf_changed":false,"slim_seo":{"title":"IT-M3906D-800-24 - YOTAVIS AG","description":"Bloc d'alimentation DC 800V, 24A, 6000W, taille 1U"}},"product_brand":[822],"product_cat":[516,515],"product_tag":[],"class_list":{"0":"post-10516","1":"product","2":"type-product","3":"status-publish","4":"has-post-thumbnail","6":"product_brand-itech","7":"product_cat-dc-source-en","8":"product_cat-power-en","9":"pa_current-a-584","10":"pa_output-number-146","11":"pa_power-w-626","12":"pa_remote-control-yes","13":"pa_voltage-v-319","15":"first","16":"instock","17":"taxable","18":"shipping-taxable","19":"product-type-simple"},"acf":[],"_links":{"self":[{"href":"https:\/\/yotavis.ch\/fr\/wp-json\/wp\/v2\/product\/10516","targetHints":{"allow":["GET"]}}],"collection":[{"href":"https:\/\/yotavis.ch\/fr\/wp-json\/wp\/v2\/product"}],"about":[{"href":"https:\/\/yotavis.ch\/fr\/wp-json\/wp\/v2\/types\/product"}],"replies":[{"embeddable":true,"href":"https:\/\/yotavis.ch\/fr\/wp-json\/wp\/v2\/comments?post=10516"}],"wp:featuredmedia":[{"embeddable":true,"href":"https:\/\/yotavis.ch\/fr\/wp-json\/wp\/v2\/media\/11166"}],"wp:attachment":[{"href":"https:\/\/yotavis.ch\/fr\/wp-json\/wp\/v2\/media?parent=10516"}],"wp:term":[{"taxonomy":"product_brand","embeddable":true,"href":"https:\/\/yotavis.ch\/fr\/wp-json\/wp\/v2\/product_brand?post=10516"},{"taxonomy":"product_cat","embeddable":true,"href":"https:\/\/yotavis.ch\/fr\/wp-json\/wp\/v2\/product_cat?post=10516"},{"taxonomy":"product_tag","embeddable":true,"href":"https:\/\/yotavis.ch\/fr\/wp-json\/wp\/v2\/product_tag?post=10516"}],"curies":[{"name":"wp","href":"https:\/\/api.w.org\/{rel}","templated":true}]}}