{"id":10536,"date":"2025-10-09T00:00:00","date_gmt":"2025-10-08T22:00:00","guid":{"rendered":"https:\/\/yotavis.ch\/product\/it-m3906c-300-60\/"},"modified":"2026-04-24T13:43:20","modified_gmt":"2026-04-24T11:43:20","slug":"it-m3906c-300-60","status":"publish","type":"product","link":"https:\/\/yotavis.ch\/fr\/produit\/it-m3906c-300-60\/","title":{"rendered":"IT-M3906C-300-60"},"content":{"rendered":"<p>L'IT-M3906C-300-60 d'ITECH est une alimentation DC bidirectionnelle con\u00e7ue pour d\u00e9livrer jusqu'\u00e0 300 volts et \u00b160 amp\u00e8res, fournissant une puissance de sortie maximale de 6000 watts. Ce mod\u00e8le comporte un seul canal de sortie et est log\u00e9 dans un ch\u00e2ssis compact de taille 1U, ce qui le rend adapt\u00e9 \u00e0 diverses applications n\u00e9cessitant un contr\u00f4le pr\u00e9cis de la puissance. L'appareil est dot\u00e9 d'une fonction de commande \u00e0 distance, ce qui permet de l'utiliser facilement et de l'int\u00e9grer dans des syst\u00e8mes de test automatis\u00e9s. Sa capacit\u00e9 bidirectionnelle lui permet d'\u00eatre \u00e0 la fois source et puits de courant, ce qui est essentiel pour tester et simuler des conditions d'alimentation r\u00e9elles. L'alimentation est con\u00e7ue pour g\u00e9rer des demandes de courant et de tension \u00e9lev\u00e9s tout en maintenant des performances stables. Avec ses sp\u00e9cifications robustes, l'IT-M3906C-300-60 est \u00e9quip\u00e9 pour r\u00e9pondre aux besoins des environnements de test \u00e9lectrique exigeants.<\/p>","protected":false},"excerpt":{"rendered":"<p>300V, \u00b160A, \u00b16kW Bloc d'alimentation DC bidirectionnel, taille 1U<\/p>","protected":false},"featured_media":11166,"comment_status":"closed","ping_status":"closed","template":"","meta":{"_acf_changed":false,"slim_seo":{"title":"IT-M3906C-300-60 - YOTAVIS AG","description":"300V, \u00b160A, \u00b16kW Bloc d'alimentation DC bidirectionnel, taille 1U"}},"product_brand":[822],"product_cat":[546,515],"product_tag":[],"class_list":{"0":"post-10536","1":"product","2":"type-product","3":"status-publish","4":"has-post-thumbnail","6":"product_brand-itech","7":"product_cat-dc-2-quadrants-en","8":"product_cat-power-en","9":"pa_current-a-406","10":"pa_output-number-146","11":"pa_power-w-626","12":"pa_remote-control-yes","13":"pa_voltage-v-624","15":"first","16":"instock","17":"taxable","18":"shipping-taxable","19":"product-type-simple"},"acf":[],"_links":{"self":[{"href":"https:\/\/yotavis.ch\/fr\/wp-json\/wp\/v2\/product\/10536","targetHints":{"allow":["GET"]}}],"collection":[{"href":"https:\/\/yotavis.ch\/fr\/wp-json\/wp\/v2\/product"}],"about":[{"href":"https:\/\/yotavis.ch\/fr\/wp-json\/wp\/v2\/types\/product"}],"replies":[{"embeddable":true,"href":"https:\/\/yotavis.ch\/fr\/wp-json\/wp\/v2\/comments?post=10536"}],"wp:featuredmedia":[{"embeddable":true,"href":"https:\/\/yotavis.ch\/fr\/wp-json\/wp\/v2\/media\/11166"}],"wp:attachment":[{"href":"https:\/\/yotavis.ch\/fr\/wp-json\/wp\/v2\/media?parent=10536"}],"wp:term":[{"taxonomy":"product_brand","embeddable":true,"href":"https:\/\/yotavis.ch\/fr\/wp-json\/wp\/v2\/product_brand?post=10536"},{"taxonomy":"product_cat","embeddable":true,"href":"https:\/\/yotavis.ch\/fr\/wp-json\/wp\/v2\/product_cat?post=10536"},{"taxonomy":"product_tag","embeddable":true,"href":"https:\/\/yotavis.ch\/fr\/wp-json\/wp\/v2\/product_tag?post=10536"}],"curies":[{"name":"wp","href":"https:\/\/api.w.org\/{rel}","templated":true}]}}