{"id":10541,"date":"2025-10-09T00:00:00","date_gmt":"2025-10-08T22:00:00","guid":{"rendered":"https:\/\/yotavis.ch\/product\/it-m3912c-500-72\/"},"modified":"2026-04-24T13:43:22","modified_gmt":"2026-04-24T11:43:22","slug":"it-m3912c-500-72","status":"publish","type":"product","link":"https:\/\/yotavis.ch\/fr\/produit\/it-m3912c-500-72\/","title":{"rendered":"IT-M3912C-500-72"},"content":{"rendered":"<p>L'IT-M3912C-500-72 d'ITECH est un bloc d'alimentation DC bidirectionnel con\u00e7u pour d\u00e9livrer une puissance maximale de 12 000 watts. Il fonctionne \u00e0 une tension de 500 volts et supporte un courant allant jusqu'\u00e0 \u00b172 amp\u00e8res, ce qui le rend adapt\u00e9 aux applications n\u00e9cessitant une puissance \u00e9lev\u00e9e et un contr\u00f4le pr\u00e9cis du courant. Ce mod\u00e8le comporte un seul canal de sortie et est log\u00e9 dans un ch\u00e2ssis compact de 2U, ce qui permet une utilisation efficace de l'espace en rack. La capacit\u00e9 de commande \u00e0 distance est incluse, permettant aux utilisateurs de faire fonctionner l'unit\u00e9 \u00e0 distance pour plus de commodit\u00e9 et d'int\u00e9gration dans les syst\u00e8mes automatis\u00e9s. L'alimentation est con\u00e7ue pour g\u00e9rer un flux de courant bidirectionnel, ce qui est essentiel pour les tests et l'alimentation des dispositifs qui n\u00e9cessitent \u00e0 la fois une source et un puits de courant. Ses sp\u00e9cifications robustes en font un outil polyvalent pour divers environnements industriels et de laboratoire o\u00f9 une alimentation CC fiable est essentielle. La combinaison d'une tension \u00e9lev\u00e9e, d'une capacit\u00e9 de courant importante et d'une fonctionnalit\u00e9 de commande \u00e0 distance fait de cet appareil une solution pratique pour les besoins d'alimentation exigeants.<\/p>","protected":false},"excerpt":{"rendered":"<p>500V, \u00b172A, \u00b112kW Alimentation DC bidirectionnelle, taille 2U<\/p>","protected":false},"featured_media":12278,"comment_status":"closed","ping_status":"closed","template":"","meta":{"_acf_changed":false,"slim_seo":{"title":"IT-M3912C-500-72 - YOTAVIS AG","description":"500V, \u00b172A, \u00b112kW Alimentation DC bidirectionnelle, taille 2U"}},"product_brand":[822],"product_cat":[546,515],"product_tag":[],"class_list":{"0":"post-10541","1":"product","2":"type-product","3":"status-publish","4":"has-post-thumbnail","6":"product_brand-itech","7":"product_cat-dc-2-quadrants-en","8":"product_cat-power-en","9":"pa_current-a-491","10":"pa_output-number-146","11":"pa_power-w-628","12":"pa_remote-control-yes","13":"pa_voltage-v-604","15":"first","16":"instock","17":"taxable","18":"shipping-taxable","19":"product-type-simple"},"acf":[],"_links":{"self":[{"href":"https:\/\/yotavis.ch\/fr\/wp-json\/wp\/v2\/product\/10541","targetHints":{"allow":["GET"]}}],"collection":[{"href":"https:\/\/yotavis.ch\/fr\/wp-json\/wp\/v2\/product"}],"about":[{"href":"https:\/\/yotavis.ch\/fr\/wp-json\/wp\/v2\/types\/product"}],"replies":[{"embeddable":true,"href":"https:\/\/yotavis.ch\/fr\/wp-json\/wp\/v2\/comments?post=10541"}],"wp:featuredmedia":[{"embeddable":true,"href":"https:\/\/yotavis.ch\/fr\/wp-json\/wp\/v2\/media\/12278"}],"wp:attachment":[{"href":"https:\/\/yotavis.ch\/fr\/wp-json\/wp\/v2\/media?parent=10541"}],"wp:term":[{"taxonomy":"product_brand","embeddable":true,"href":"https:\/\/yotavis.ch\/fr\/wp-json\/wp\/v2\/product_brand?post=10541"},{"taxonomy":"product_cat","embeddable":true,"href":"https:\/\/yotavis.ch\/fr\/wp-json\/wp\/v2\/product_cat?post=10541"},{"taxonomy":"product_tag","embeddable":true,"href":"https:\/\/yotavis.ch\/fr\/wp-json\/wp\/v2\/product_tag?post=10541"}],"curies":[{"name":"wp","href":"https:\/\/api.w.org\/{rel}","templated":true}]}}