{"id":10544,"date":"2025-10-09T00:00:00","date_gmt":"2025-10-08T22:00:00","guid":{"rendered":"https:\/\/yotavis.ch\/product\/it-m3906c-800-24\/"},"modified":"2026-04-24T13:43:23","modified_gmt":"2026-04-24T11:43:23","slug":"it-m3906c-800-24","status":"publish","type":"product","link":"https:\/\/yotavis.ch\/fr\/produit\/it-m3906c-800-24\/","title":{"rendered":"IT-M3906C-800-24"},"content":{"rendered":"<p>L'IT-M3906C-800-24 d'ITECH est une unit\u00e9 d'alimentation DC bidirectionnelle con\u00e7ue pour d\u00e9livrer jusqu'\u00e0 800 volts et \u00b124 amp\u00e8res, fournissant une puissance de sortie maximale de 6000 watts. Ce dispositif de taille 1U dispose d'un seul canal de sortie, ce qui le rend adapt\u00e9 aux applications n\u00e9cessitant un contr\u00f4le pr\u00e9cis de la tension et du courant dans les deux sens. L'appareil est dot\u00e9 d'une fonction de commande \u00e0 distance, ce qui facilite son utilisation et son int\u00e9gration dans des syst\u00e8mes de test automatis\u00e9s. Son format compact permet une utilisation efficace de l'espace dans les installations mont\u00e9es en rack. L'alimentation est con\u00e7ue pour r\u00e9pondre \u00e0 des demandes de puissance \u00e9lev\u00e9es avec des performances stables, ce qui en fait un outil polyvalent pour divers environnements de test et de d\u00e9veloppement. La combinaison de capacit\u00e9s de tension et de courant \u00e9lev\u00e9es lui permet de prendre en charge une large gamme d'applications d'alimentation en courant continu. La conception de l'appareil met l'accent sur la fonctionnalit\u00e9 et l'adaptabilit\u00e9 sans compromettre la fourniture de puissance ou les caract\u00e9ristiques de contr\u00f4le.<\/p>","protected":false},"excerpt":{"rendered":"<p>800V, \u00b124A, \u00b16kW Bloc d'alimentation DC bidirectionnel, taille 1U<\/p>","protected":false},"featured_media":11166,"comment_status":"closed","ping_status":"closed","template":"","meta":{"_acf_changed":false,"slim_seo":{"title":"IT-M3906C-800-24 - YOTAVIS AG","description":"800V, \u00b124A, \u00b16kW Bloc d'alimentation DC bidirectionnel, taille 1U"}},"product_brand":[822],"product_cat":[546,515],"product_tag":[],"class_list":{"0":"post-10544","1":"product","2":"type-product","3":"status-publish","4":"has-post-thumbnail","6":"product_brand-itech","7":"product_cat-dc-2-quadrants-en","8":"product_cat-power-en","9":"pa_current-a-584","10":"pa_output-number-146","11":"pa_power-w-626","12":"pa_remote-control-yes","13":"pa_voltage-v-319","15":"first","16":"instock","17":"taxable","18":"shipping-taxable","19":"product-type-simple"},"acf":[],"_links":{"self":[{"href":"https:\/\/yotavis.ch\/fr\/wp-json\/wp\/v2\/product\/10544","targetHints":{"allow":["GET"]}}],"collection":[{"href":"https:\/\/yotavis.ch\/fr\/wp-json\/wp\/v2\/product"}],"about":[{"href":"https:\/\/yotavis.ch\/fr\/wp-json\/wp\/v2\/types\/product"}],"replies":[{"embeddable":true,"href":"https:\/\/yotavis.ch\/fr\/wp-json\/wp\/v2\/comments?post=10544"}],"wp:featuredmedia":[{"embeddable":true,"href":"https:\/\/yotavis.ch\/fr\/wp-json\/wp\/v2\/media\/11166"}],"wp:attachment":[{"href":"https:\/\/yotavis.ch\/fr\/wp-json\/wp\/v2\/media?parent=10544"}],"wp:term":[{"taxonomy":"product_brand","embeddable":true,"href":"https:\/\/yotavis.ch\/fr\/wp-json\/wp\/v2\/product_brand?post=10544"},{"taxonomy":"product_cat","embeddable":true,"href":"https:\/\/yotavis.ch\/fr\/wp-json\/wp\/v2\/product_cat?post=10544"},{"taxonomy":"product_tag","embeddable":true,"href":"https:\/\/yotavis.ch\/fr\/wp-json\/wp\/v2\/product_tag?post=10544"}],"curies":[{"name":"wp","href":"https:\/\/api.w.org\/{rel}","templated":true}]}}