{"id":10545,"date":"2025-10-09T00:00:00","date_gmt":"2025-10-08T22:00:00","guid":{"rendered":"https:\/\/yotavis.ch\/product\/it-m3912c-800-48\/"},"modified":"2026-04-24T13:43:23","modified_gmt":"2026-04-24T11:43:23","slug":"it-m3912c-800-48","status":"publish","type":"product","link":"https:\/\/yotavis.ch\/fr\/produit\/it-m3912c-800-48\/","title":{"rendered":"IT-M3912C-800-48"},"content":{"rendered":"<p>L'IT-M3912C-800-48 d'ITECH est une unit\u00e9 d'alimentation DC bidirectionnelle con\u00e7ue pour fournir jusqu'\u00e0 12 000 watts de puissance avec une tension maximale de 800 volts et une capacit\u00e9 de courant de \u00b148 amp\u00e8res. Ce mod\u00e8le dispose d'un seul canal de sortie et prend en charge la fonctionnalit\u00e9 de contr\u00f4le \u00e0 distance, ce qui permet une utilisation pratique et l'int\u00e9gration dans des syst\u00e8mes automatis\u00e9s. Sa taille compacte de 2U lui permet d'\u00eatre mont\u00e9 en rack dans divers environnements industriels et de laboratoire. L'alimentation est capable de fonctionner de mani\u00e8re bidirectionnelle, ce qui lui permet d'\u00eatre \u00e0 la fois source et puits de courant, ce qui est essentiel pour tester et simuler des syst\u00e8mes \u00e9lectriques complexes. L'appareil est con\u00e7u pour fournir une alimentation stable et pr\u00e9cise, r\u00e9pondant aux exigences des applications \u00e0 haute puissance. Avec ses sp\u00e9cifications robustes, l'IT-M3912C-800-48 convient aux sc\u00e9narios de recherche, de d\u00e9veloppement et de test de production qui n\u00e9cessitent une alimentation CC fiable.<\/p>","protected":false},"excerpt":{"rendered":"<p>800V, \u00b148A, \u00b112kW Bloc d'alimentation DC bidirectionnel, taille 2U<\/p>","protected":false},"featured_media":12278,"comment_status":"closed","ping_status":"closed","template":"","meta":{"_acf_changed":false,"slim_seo":{"title":"IT-M3912C-800-48 - YOTAVIS AG","description":"800V, \u00b148A, \u00b112kW Bloc d'alimentation DC bidirectionnel, taille 2U"}},"product_brand":[822],"product_cat":[546,515],"product_tag":[],"class_list":{"0":"post-10545","1":"product","2":"type-product","3":"status-publish","4":"has-post-thumbnail","6":"product_brand-itech","7":"product_cat-dc-2-quadrants-en","8":"product_cat-power-en","9":"pa_current-a-927","10":"pa_output-number-146","11":"pa_power-w-628","12":"pa_remote-control-yes","13":"pa_voltage-v-319","15":"first","16":"instock","17":"taxable","18":"shipping-taxable","19":"product-type-simple"},"acf":[],"_links":{"self":[{"href":"https:\/\/yotavis.ch\/fr\/wp-json\/wp\/v2\/product\/10545","targetHints":{"allow":["GET"]}}],"collection":[{"href":"https:\/\/yotavis.ch\/fr\/wp-json\/wp\/v2\/product"}],"about":[{"href":"https:\/\/yotavis.ch\/fr\/wp-json\/wp\/v2\/types\/product"}],"replies":[{"embeddable":true,"href":"https:\/\/yotavis.ch\/fr\/wp-json\/wp\/v2\/comments?post=10545"}],"wp:featuredmedia":[{"embeddable":true,"href":"https:\/\/yotavis.ch\/fr\/wp-json\/wp\/v2\/media\/12278"}],"wp:attachment":[{"href":"https:\/\/yotavis.ch\/fr\/wp-json\/wp\/v2\/media?parent=10545"}],"wp:term":[{"taxonomy":"product_brand","embeddable":true,"href":"https:\/\/yotavis.ch\/fr\/wp-json\/wp\/v2\/product_brand?post=10545"},{"taxonomy":"product_cat","embeddable":true,"href":"https:\/\/yotavis.ch\/fr\/wp-json\/wp\/v2\/product_cat?post=10545"},{"taxonomy":"product_tag","embeddable":true,"href":"https:\/\/yotavis.ch\/fr\/wp-json\/wp\/v2\/product_tag?post=10545"}],"curies":[{"name":"wp","href":"https:\/\/api.w.org\/{rel}","templated":true}]}}