{"id":10547,"date":"2025-10-09T00:00:00","date_gmt":"2025-10-08T22:00:00","guid":{"rendered":"https:\/\/yotavis.ch\/product\/it-m3901b-10-170\/"},"modified":"2026-04-24T13:43:26","modified_gmt":"2026-04-24T11:43:26","slug":"it-m3901b-10-170","status":"publish","type":"product","link":"https:\/\/yotavis.ch\/fr\/produit\/it-m3901b-10-170\/","title":{"rendered":"IT-M3901B-10-170"},"content":{"rendered":"<p>L'ITECH IT-M3901B-10-170 est un bloc d'alimentation d'une tension nominale de 10V et d'une puissance de sortie maximale de 1700 W. Il pr\u00e9sente une plage de courant de source de -120A \u00e0 170A et une plage de courant de charge de 3A \u00e0 120A. Il offre une plage de courant de source de -120A \u00e0 170A et une plage de courant de charge de 3A \u00e0 120A, supportant des niveaux de puissance entre -1200W et 1700W du c\u00f4t\u00e9 de la source et 12W \u00e0 1200W du c\u00f4t\u00e9 de la charge. Ce mod\u00e8le est con\u00e7u dans un format compact de 1U, ce qui le rend adapt\u00e9 au montage en rack ou aux environnements \u00e0 espace limit\u00e9. Il offre un seul canal de sortie et comprend une fonction de contr\u00f4le \u00e0 distance pour une utilisation pratique. L'appareil est fabriqu\u00e9 par ITECH, une marque connue pour ses \u00e9quipements \u00e9lectroniques de test et de mesure. La capacit\u00e9 de courant maximale est de 170A, ce qui correspond \u00e0 ses capacit\u00e9s de puissance \u00e9lev\u00e9e. Cette alimentation est con\u00e7ue pour offrir des performances pr\u00e9cises et fiables dans les plages de tension et de courant sp\u00e9cifi\u00e9es.<\/p>","protected":false},"excerpt":{"rendered":"<p>10V, SOURCE : -120~170A, -1200~1700W, CHARGE : 3~120A, 12~1200W ; taille 1U<\/p>","protected":false},"featured_media":11244,"comment_status":"closed","ping_status":"closed","template":"","meta":{"_acf_changed":false,"slim_seo":{"title":"IT-M3901B-10-170 - YOTAVIS AG","description":"10V, SOURCE : -120~170A, -1200~1700W, CHARGE : 3~120A, 12~1200W ; taille 1U"}},"product_brand":[822],"product_cat":[546,515],"product_tag":[],"class_list":{"0":"post-10547","1":"product","2":"type-product","3":"status-publish","4":"has-post-thumbnail","6":"product_brand-itech","7":"product_cat-dc-2-quadrants-en","8":"product_cat-power-en","9":"pa_current-a-930","10":"pa_output-number-146","11":"pa_power-w-929","12":"pa_remote-control-yes","13":"pa_voltage-v-572","15":"first","16":"instock","17":"taxable","18":"shipping-taxable","19":"product-type-simple"},"acf":[],"_links":{"self":[{"href":"https:\/\/yotavis.ch\/fr\/wp-json\/wp\/v2\/product\/10547","targetHints":{"allow":["GET"]}}],"collection":[{"href":"https:\/\/yotavis.ch\/fr\/wp-json\/wp\/v2\/product"}],"about":[{"href":"https:\/\/yotavis.ch\/fr\/wp-json\/wp\/v2\/types\/product"}],"replies":[{"embeddable":true,"href":"https:\/\/yotavis.ch\/fr\/wp-json\/wp\/v2\/comments?post=10547"}],"wp:featuredmedia":[{"embeddable":true,"href":"https:\/\/yotavis.ch\/fr\/wp-json\/wp\/v2\/media\/11244"}],"wp:attachment":[{"href":"https:\/\/yotavis.ch\/fr\/wp-json\/wp\/v2\/media?parent=10547"}],"wp:term":[{"taxonomy":"product_brand","embeddable":true,"href":"https:\/\/yotavis.ch\/fr\/wp-json\/wp\/v2\/product_brand?post=10547"},{"taxonomy":"product_cat","embeddable":true,"href":"https:\/\/yotavis.ch\/fr\/wp-json\/wp\/v2\/product_cat?post=10547"},{"taxonomy":"product_tag","embeddable":true,"href":"https:\/\/yotavis.ch\/fr\/wp-json\/wp\/v2\/product_tag?post=10547"}],"curies":[{"name":"wp","href":"https:\/\/api.w.org\/{rel}","templated":true}]}}