{"id":10549,"date":"2025-10-09T00:00:00","date_gmt":"2025-10-08T22:00:00","guid":{"rendered":"https:\/\/yotavis.ch\/product\/it-m3905b-10-510\/"},"modified":"2026-04-24T13:43:26","modified_gmt":"2026-04-24T11:43:26","slug":"it-m3905b-10-510","status":"publish","type":"product","link":"https:\/\/yotavis.ch\/fr\/produit\/it-m3905b-10-510\/","title":{"rendered":"IT-M3905B-10-510"},"content":{"rendered":"<p>L'IT-M3905B-10-510 est un bloc d'alimentation d'une tension nominale de 10V et d'une puissance maximale de 5100W. Il prend en charge une plage de courant de 6A \u00e0 360A en conditions de charge et peut fournir un courant de -360A \u00e0 510A. La puissance de sortie va de 60W \u00e0 3600W en charge et de -3600W \u00e0 5100W en source. Ce dispositif est con\u00e7u dans une taille compacte de 1U, ce qui le rend adapt\u00e9 au montage en rack dans diverses configurations. Il est dot\u00e9 d'un seul canal de sortie et d'une fonction de commande \u00e0 distance pour une utilisation pratique. Le courant maximum qu'il peut d\u00e9livrer est de 510A, ce qui correspond \u00e0 ses capacit\u00e9s de puissance \u00e9lev\u00e9e. Ce mod\u00e8le est fabriqu\u00e9 par ITECH, une marque connue pour ses \u00e9quipements de test \u00e9lectronique.<\/p>","protected":false},"excerpt":{"rendered":"<p>10V, SOURCE : -360~510A, -3600~5100W, CHARGE : 6~360A, 60~3600W ; taille 1U<\/p>","protected":false},"featured_media":11244,"comment_status":"closed","ping_status":"closed","template":"","meta":{"_acf_changed":false,"slim_seo":{"title":"IT-M3905B-10-510 - YOTAVIS AG","description":"10V, SOURCE : -360~510A, -3600~5100W, CHARGE : 6~360A, 60~3600W ; taille 1U"}},"product_brand":[822],"product_cat":[546,515],"product_tag":[],"class_list":{"0":"post-10549","1":"product","2":"type-product","3":"status-publish","4":"has-post-thumbnail","6":"product_brand-itech","7":"product_cat-dc-2-quadrants-en","8":"product_cat-power-en","9":"pa_current-a-934","10":"pa_output-number-146","11":"pa_power-w-933","12":"pa_remote-control-yes","13":"pa_voltage-v-572","15":"first","16":"instock","17":"taxable","18":"shipping-taxable","19":"product-type-simple"},"acf":[],"_links":{"self":[{"href":"https:\/\/yotavis.ch\/fr\/wp-json\/wp\/v2\/product\/10549","targetHints":{"allow":["GET"]}}],"collection":[{"href":"https:\/\/yotavis.ch\/fr\/wp-json\/wp\/v2\/product"}],"about":[{"href":"https:\/\/yotavis.ch\/fr\/wp-json\/wp\/v2\/types\/product"}],"replies":[{"embeddable":true,"href":"https:\/\/yotavis.ch\/fr\/wp-json\/wp\/v2\/comments?post=10549"}],"wp:featuredmedia":[{"embeddable":true,"href":"https:\/\/yotavis.ch\/fr\/wp-json\/wp\/v2\/media\/11244"}],"wp:attachment":[{"href":"https:\/\/yotavis.ch\/fr\/wp-json\/wp\/v2\/media?parent=10549"}],"wp:term":[{"taxonomy":"product_brand","embeddable":true,"href":"https:\/\/yotavis.ch\/fr\/wp-json\/wp\/v2\/product_brand?post=10549"},{"taxonomy":"product_cat","embeddable":true,"href":"https:\/\/yotavis.ch\/fr\/wp-json\/wp\/v2\/product_cat?post=10549"},{"taxonomy":"product_tag","embeddable":true,"href":"https:\/\/yotavis.ch\/fr\/wp-json\/wp\/v2\/product_tag?post=10549"}],"curies":[{"name":"wp","href":"https:\/\/api.w.org\/{rel}","templated":true}]}}