{"id":10552,"date":"2025-10-09T00:00:00","date_gmt":"2025-10-08T22:00:00","guid":{"rendered":"https:\/\/yotavis.ch\/product\/it-m3904b-32-160\/"},"modified":"2026-04-24T13:43:27","modified_gmt":"2026-04-24T11:43:27","slug":"it-m3904b-32-160","status":"publish","type":"product","link":"https:\/\/yotavis.ch\/fr\/produit\/it-m3904b-32-160\/","title":{"rendered":"IT-M3904B-32-160"},"content":{"rendered":"<p>L'IT-M3904B-32-160 est un bloc d'alimentation avec une tension nominale de 32V et une sortie de courant maximale de 160A. Il d\u00e9livre une puissance de 4000W, supportant \u00e0 la fois les modes source et charge avec un courant de \u00b1160A et une capacit\u00e9 de puissance de \u00b14kW. Ce dispositif est con\u00e7u dans un format compact de 1U, ce qui permet de l'int\u00e9grer dans diverses configurations o\u00f9 l'efficacit\u00e9 de l'espace est importante. Il est dot\u00e9 d'un seul canal de sortie, ce qui permet un fonctionnement et un contr\u00f4le simples. L'unit\u00e9 prend en charge la fonctionnalit\u00e9 de contr\u00f4le \u00e0 distance, ce qui permet aux utilisateurs de g\u00e9rer ses performances \u00e0 distance. Fabriqu\u00e9 par ITECH, ce mod\u00e8le combine des capacit\u00e9s de courant et de puissance \u00e9lev\u00e9es dans un format compact. L'IT-M3904B-32-160 est con\u00e7u pour fournir une alimentation fiable avec un contr\u00f4le pr\u00e9cis des param\u00e8tres de tension et de courant.<\/p>","protected":false},"excerpt":{"rendered":"<p>32V, SOURCE : \u00b1160A, \u00b14kW, CHARGE : 160A, 4kW ; taille 1U<\/p>","protected":false},"featured_media":11244,"comment_status":"closed","ping_status":"closed","template":"","meta":{"_acf_changed":false,"slim_seo":{"title":"IT-M3904B-32-160 - YOTAVIS AG","description":"32V, SOURCE : \u00b1160A, \u00b14kW, CHARGE : 160A, 4kW ; taille 1U"}},"product_brand":[822],"product_cat":[546,515],"product_tag":[],"class_list":{"0":"post-10552","1":"product","2":"type-product","3":"status-publish","4":"has-post-thumbnail","6":"product_brand-itech","7":"product_cat-dc-2-quadrants-en","8":"product_cat-power-en","9":"pa_current-a-620","10":"pa_output-number-146","11":"pa_power-w-611","12":"pa_remote-control-yes","13":"pa_voltage-v-140","15":"first","16":"instock","17":"taxable","18":"shipping-taxable","19":"product-type-simple"},"acf":[],"_links":{"self":[{"href":"https:\/\/yotavis.ch\/fr\/wp-json\/wp\/v2\/product\/10552","targetHints":{"allow":["GET"]}}],"collection":[{"href":"https:\/\/yotavis.ch\/fr\/wp-json\/wp\/v2\/product"}],"about":[{"href":"https:\/\/yotavis.ch\/fr\/wp-json\/wp\/v2\/types\/product"}],"replies":[{"embeddable":true,"href":"https:\/\/yotavis.ch\/fr\/wp-json\/wp\/v2\/comments?post=10552"}],"wp:featuredmedia":[{"embeddable":true,"href":"https:\/\/yotavis.ch\/fr\/wp-json\/wp\/v2\/media\/11244"}],"wp:attachment":[{"href":"https:\/\/yotavis.ch\/fr\/wp-json\/wp\/v2\/media?parent=10552"}],"wp:term":[{"taxonomy":"product_brand","embeddable":true,"href":"https:\/\/yotavis.ch\/fr\/wp-json\/wp\/v2\/product_brand?post=10552"},{"taxonomy":"product_cat","embeddable":true,"href":"https:\/\/yotavis.ch\/fr\/wp-json\/wp\/v2\/product_cat?post=10552"},{"taxonomy":"product_tag","embeddable":true,"href":"https:\/\/yotavis.ch\/fr\/wp-json\/wp\/v2\/product_tag?post=10552"}],"curies":[{"name":"wp","href":"https:\/\/api.w.org\/{rel}","templated":true}]}}