{"id":10557,"date":"2025-10-09T00:00:00","date_gmt":"2025-10-08T22:00:00","guid":{"rendered":"https:\/\/yotavis.ch\/product\/it-m3906b-80-120\/"},"modified":"2026-04-24T13:43:29","modified_gmt":"2026-04-24T11:43:29","slug":"it-m3906b-80-120","status":"publish","type":"product","link":"https:\/\/yotavis.ch\/fr\/produit\/it-m3906b-80-120\/","title":{"rendered":"IT-M3906B-80-120"},"content":{"rendered":"<p>L'IT-M3906B-80-120 est un bloc d'alimentation d'ITECH con\u00e7u pour d\u00e9livrer une tension de 80V avec une capacit\u00e9 de courant allant jusqu'\u00e0 120A. Il supporte \u00e0 la fois les fonctions de source et de charge, fournissant \u00b1120A et \u00b16kW en mode source et 120A \u00e0 6kW en mode charge. Cette unit\u00e9 est compacte avec une taille de 1U, ce qui permet de l'int\u00e9grer dans des syst\u00e8mes de rack standard. Il est dot\u00e9 d'un seul canal de sortie, ce qui permet une distribution cibl\u00e9e de la puissance. L'appareil est dot\u00e9 d'une fonction de commande \u00e0 distance, ce qui permet de l'utiliser et de le surveiller \u00e0 distance. Avec une puissance nominale de 6000 W, il est capable de g\u00e9rer des charges \u00e9lectriques importantes. La conception met l'accent sur une gestion pr\u00e9cise de l'\u00e9nergie dans les limites de tension et de courant sp\u00e9cifi\u00e9es.<\/p>","protected":false},"excerpt":{"rendered":"<p>80V, SOURCE : \u00b1120A, \u00b16kW, CHARGE : 120A, 6kW ; taille 1U<\/p>","protected":false},"featured_media":11244,"comment_status":"closed","ping_status":"closed","template":"","meta":{"_acf_changed":false,"slim_seo":{"title":"IT-M3906B-80-120 - YOTAVIS AG","description":"80V, SOURCE : \u00b1120A, \u00b16kW, CHARGE : 120A, 6kW ; taille 1U"}},"product_brand":[822],"product_cat":[546,515],"product_tag":[],"class_list":{"0":"post-10557","1":"product","2":"type-product","3":"status-publish","4":"has-post-thumbnail","6":"product_brand-itech","7":"product_cat-dc-2-quadrants-en","8":"product_cat-power-en","9":"pa_current-a-559","10":"pa_output-number-146","11":"pa_power-w-626","12":"pa_remote-control-yes","13":"pa_voltage-v-155","15":"first","16":"instock","17":"taxable","18":"shipping-taxable","19":"product-type-simple"},"acf":[],"_links":{"self":[{"href":"https:\/\/yotavis.ch\/fr\/wp-json\/wp\/v2\/product\/10557","targetHints":{"allow":["GET"]}}],"collection":[{"href":"https:\/\/yotavis.ch\/fr\/wp-json\/wp\/v2\/product"}],"about":[{"href":"https:\/\/yotavis.ch\/fr\/wp-json\/wp\/v2\/types\/product"}],"replies":[{"embeddable":true,"href":"https:\/\/yotavis.ch\/fr\/wp-json\/wp\/v2\/comments?post=10557"}],"wp:featuredmedia":[{"embeddable":true,"href":"https:\/\/yotavis.ch\/fr\/wp-json\/wp\/v2\/media\/11244"}],"wp:attachment":[{"href":"https:\/\/yotavis.ch\/fr\/wp-json\/wp\/v2\/media?parent=10557"}],"wp:term":[{"taxonomy":"product_brand","embeddable":true,"href":"https:\/\/yotavis.ch\/fr\/wp-json\/wp\/v2\/product_brand?post=10557"},{"taxonomy":"product_cat","embeddable":true,"href":"https:\/\/yotavis.ch\/fr\/wp-json\/wp\/v2\/product_cat?post=10557"},{"taxonomy":"product_tag","embeddable":true,"href":"https:\/\/yotavis.ch\/fr\/wp-json\/wp\/v2\/product_tag?post=10557"}],"curies":[{"name":"wp","href":"https:\/\/api.w.org\/{rel}","templated":true}]}}