{"id":10560,"date":"2025-10-09T00:00:00","date_gmt":"2025-10-08T22:00:00","guid":{"rendered":"https:\/\/yotavis.ch\/product\/it-m3904b-300-40\/"},"modified":"2026-04-24T13:43:30","modified_gmt":"2026-04-24T11:43:30","slug":"it-m3904b-300-40","status":"publish","type":"product","link":"https:\/\/yotavis.ch\/fr\/produit\/it-m3904b-300-40\/","title":{"rendered":"IT-M3904B-300-40"},"content":{"rendered":"<p>L'IT-M3904B-300-40 est un bloc d'alimentation d'une tension nominale de 300V et d'une capacit\u00e9 de courant de \u00b140A, d\u00e9livrant une puissance de sortie de \u00b14kW. Il supporte un courant de charge de 40A et une puissance de 4kW, ce qui le rend adapt\u00e9 aux applications n\u00e9cessitant une alimentation stable et \u00e9lev\u00e9e. Ce dispositif est con\u00e7u dans une taille compacte de 1U, permettant une utilisation efficace de l'espace rack. Fabriqu\u00e9 par ITECH, l'appareil est dot\u00e9 d'un seul canal de sortie et d'une fonction de contr\u00f4le \u00e0 distance pour une utilisation pratique. La puissance nominale de l'appareil est de 4000 watts, ce qui correspond aux sp\u00e9cifications de tension et de courant. Cette combinaison de caract\u00e9ristiques garantit que l'IT-M3904B-300-40 peut \u00eatre int\u00e9gr\u00e9 dans divers syst\u00e8mes o\u00f9 une gestion pr\u00e9cise de l'\u00e9nergie est n\u00e9cessaire.<\/p>","protected":false},"excerpt":{"rendered":"<p>300V, SOURCE : \u00b140A, \u00b14kW, CHARGE : 40A, 4kW ; taille 1U<\/p>","protected":false},"featured_media":11244,"comment_status":"closed","ping_status":"closed","template":"","meta":{"_acf_changed":false,"slim_seo":{"title":"IT-M3904B-300-40 - YOTAVIS AG","description":"300V, SOURCE : \u00b140A, \u00b14kW, CHARGE : 40A, 4kW ; taille 1U"}},"product_brand":[822],"product_cat":[546,515],"product_tag":[],"class_list":{"0":"post-10560","1":"product","2":"type-product","3":"status-publish","4":"has-post-thumbnail","6":"product_brand-itech","7":"product_cat-dc-2-quadrants-en","8":"product_cat-power-en","9":"pa_current-a-550","10":"pa_output-number-146","11":"pa_power-w-611","12":"pa_remote-control-yes","13":"pa_voltage-v-624","15":"first","16":"instock","17":"taxable","18":"shipping-taxable","19":"product-type-simple"},"acf":[],"_links":{"self":[{"href":"https:\/\/yotavis.ch\/fr\/wp-json\/wp\/v2\/product\/10560","targetHints":{"allow":["GET"]}}],"collection":[{"href":"https:\/\/yotavis.ch\/fr\/wp-json\/wp\/v2\/product"}],"about":[{"href":"https:\/\/yotavis.ch\/fr\/wp-json\/wp\/v2\/types\/product"}],"replies":[{"embeddable":true,"href":"https:\/\/yotavis.ch\/fr\/wp-json\/wp\/v2\/comments?post=10560"}],"wp:featuredmedia":[{"embeddable":true,"href":"https:\/\/yotavis.ch\/fr\/wp-json\/wp\/v2\/media\/11244"}],"wp:attachment":[{"href":"https:\/\/yotavis.ch\/fr\/wp-json\/wp\/v2\/media?parent=10560"}],"wp:term":[{"taxonomy":"product_brand","embeddable":true,"href":"https:\/\/yotavis.ch\/fr\/wp-json\/wp\/v2\/product_brand?post=10560"},{"taxonomy":"product_cat","embeddable":true,"href":"https:\/\/yotavis.ch\/fr\/wp-json\/wp\/v2\/product_cat?post=10560"},{"taxonomy":"product_tag","embeddable":true,"href":"https:\/\/yotavis.ch\/fr\/wp-json\/wp\/v2\/product_tag?post=10560"}],"curies":[{"name":"wp","href":"https:\/\/api.w.org\/{rel}","templated":true}]}}