{"id":10562,"date":"2025-10-09T00:00:00","date_gmt":"2025-10-08T22:00:00","guid":{"rendered":"https:\/\/yotavis.ch\/product\/it-m3912b-300-120\/"},"modified":"2026-04-24T13:43:31","modified_gmt":"2026-04-24T11:43:31","slug":"it-m3912b-300-120","status":"publish","type":"product","link":"https:\/\/yotavis.ch\/fr\/produit\/it-m3912b-300-120\/","title":{"rendered":"IT-M3912B-300-120"},"content":{"rendered":"<p>L'IT-M3912B-300-120 est un bloc d'alimentation d'une tension nominale de 300V et d'une capacit\u00e9 de courant de \u00b1120A, d\u00e9livrant une puissance de sortie de \u00b112kW. Il dispose d'un seul canal de sortie con\u00e7u pour g\u00e9rer un courant de charge de 120A et une puissance de 12kW. L'appareil est log\u00e9 dans un ch\u00e2ssis de taille 2U, ce qui permet de le monter en rack dans diverses configurations. Fabriqu\u00e9 par ITECH, ce mod\u00e8le prend en charge la fonctionnalit\u00e9 de contr\u00f4le \u00e0 distance, ce qui permet un fonctionnement pratique et une int\u00e9gration dans les syst\u00e8mes automatis\u00e9s. Sa puissance nominale de 12 000 watts lui permet de r\u00e9pondre aux exigences les plus \u00e9lev\u00e9es en mati\u00e8re d'alimentation. Cette unit\u00e9 est con\u00e7ue pour fournir une alimentation stable et fiable dans les limites de tension et de courant sp\u00e9cifi\u00e9es. Ses sp\u00e9cifications lui permettent d'\u00eatre utilis\u00e9 dans des environnements o\u00f9 une alimentation et une charge pr\u00e9cises sont n\u00e9cessaires.<\/p>","protected":false},"excerpt":{"rendered":"<p>300V, SOURCE : \u00b1120A, \u00b112kW, CHARGE : 120A, 12kW ; taille 2U<\/p>","protected":false},"featured_media":12278,"comment_status":"closed","ping_status":"closed","template":"","meta":{"_acf_changed":false,"slim_seo":{"title":"IT-M3912B-300-120 - YOTAVIS AG","description":"300V, SOURCE : \u00b1120A, \u00b112kW, CHARGE : 120A, 12kW ; taille 2U"}},"product_brand":[822],"product_cat":[546,515],"product_tag":[],"class_list":{"0":"post-10562","1":"product","2":"type-product","3":"status-publish","4":"has-post-thumbnail","6":"product_brand-itech","7":"product_cat-dc-2-quadrants-en","8":"product_cat-power-en","9":"pa_current-a-559","10":"pa_output-number-146","11":"pa_power-w-628","12":"pa_remote-control-yes","13":"pa_voltage-v-624","15":"first","16":"instock","17":"taxable","18":"shipping-taxable","19":"product-type-simple"},"acf":[],"_links":{"self":[{"href":"https:\/\/yotavis.ch\/fr\/wp-json\/wp\/v2\/product\/10562","targetHints":{"allow":["GET"]}}],"collection":[{"href":"https:\/\/yotavis.ch\/fr\/wp-json\/wp\/v2\/product"}],"about":[{"href":"https:\/\/yotavis.ch\/fr\/wp-json\/wp\/v2\/types\/product"}],"replies":[{"embeddable":true,"href":"https:\/\/yotavis.ch\/fr\/wp-json\/wp\/v2\/comments?post=10562"}],"wp:featuredmedia":[{"embeddable":true,"href":"https:\/\/yotavis.ch\/fr\/wp-json\/wp\/v2\/media\/12278"}],"wp:attachment":[{"href":"https:\/\/yotavis.ch\/fr\/wp-json\/wp\/v2\/media?parent=10562"}],"wp:term":[{"taxonomy":"product_brand","embeddable":true,"href":"https:\/\/yotavis.ch\/fr\/wp-json\/wp\/v2\/product_brand?post=10562"},{"taxonomy":"product_cat","embeddable":true,"href":"https:\/\/yotavis.ch\/fr\/wp-json\/wp\/v2\/product_cat?post=10562"},{"taxonomy":"product_tag","embeddable":true,"href":"https:\/\/yotavis.ch\/fr\/wp-json\/wp\/v2\/product_tag?post=10562"}],"curies":[{"name":"wp","href":"https:\/\/api.w.org\/{rel}","templated":true}]}}