{"id":10565,"date":"2025-10-09T00:00:00","date_gmt":"2025-10-08T22:00:00","guid":{"rendered":"https:\/\/yotavis.ch\/product\/it-m3906b-500-36\/"},"modified":"2026-04-24T13:43:32","modified_gmt":"2026-04-24T11:43:32","slug":"it-m3906b-500-36","status":"publish","type":"product","link":"https:\/\/yotavis.ch\/fr\/produit\/it-m3906b-500-36\/","title":{"rendered":"IT-M3906B-500-36"},"content":{"rendered":"<p>L'IT-M3906B-500-36 d'ITECH est con\u00e7u pour d\u00e9livrer une puissance de 6000 watts avec une tension nominale de 500 volts. Il supporte un courant de 36 amp\u00e8res, tant pour la source que pour la charge, avec une capacit\u00e9 de courant de source de \u00b136A et un courant de charge de 36A. Cette unit\u00e9 fonctionne \u00e0 un niveau de puissance de \u00b16kW pour la source et de 6kW pour la charge, ce qui la rend adapt\u00e9e aux applications n\u00e9cessitant une gestion pr\u00e9cise de la puissance. L'appareil pr\u00e9sente une taille compacte de 1U, ce qui permet une int\u00e9gration efficace dans les racks d'\u00e9quipement standard. Il comprend un seul canal de sortie et offre une fonctionnalit\u00e9 de contr\u00f4le \u00e0 distance, permettant aux utilisateurs de faire fonctionner l'appareil \u00e0 distance. La combinaison de ces caract\u00e9ristiques met en \u00e9vidence sa capacit\u00e9 \u00e0 g\u00e9rer des charges \u00e9lectriques importantes tout en conservant une grande souplesse de contr\u00f4le.<\/p>","protected":false},"excerpt":{"rendered":"<p>500V, SOURCE : \u00b136A, \u00b16kW, CHARGE : 36A, 6kW ; taille 1U<\/p>","protected":false},"featured_media":11244,"comment_status":"closed","ping_status":"closed","template":"","meta":{"_acf_changed":false,"slim_seo":{"title":"IT-M3906B-500-36 - YOTAVIS AG","description":"500V, SOURCE : \u00b136A, \u00b16kW, CHARGE : 36A, 6kW ; taille 1U"}},"product_brand":[822],"product_cat":[546,515],"product_tag":[],"class_list":{"0":"post-10565","1":"product","2":"type-product","3":"status-publish","4":"has-post-thumbnail","6":"product_brand-itech","7":"product_cat-dc-2-quadrants-en","8":"product_cat-power-en","9":"pa_current-a-925","10":"pa_output-number-146","11":"pa_power-w-626","12":"pa_remote-control-yes","13":"pa_voltage-v-604","15":"first","16":"instock","17":"taxable","18":"shipping-taxable","19":"product-type-simple"},"acf":[],"_links":{"self":[{"href":"https:\/\/yotavis.ch\/fr\/wp-json\/wp\/v2\/product\/10565","targetHints":{"allow":["GET"]}}],"collection":[{"href":"https:\/\/yotavis.ch\/fr\/wp-json\/wp\/v2\/product"}],"about":[{"href":"https:\/\/yotavis.ch\/fr\/wp-json\/wp\/v2\/types\/product"}],"replies":[{"embeddable":true,"href":"https:\/\/yotavis.ch\/fr\/wp-json\/wp\/v2\/comments?post=10565"}],"wp:featuredmedia":[{"embeddable":true,"href":"https:\/\/yotavis.ch\/fr\/wp-json\/wp\/v2\/media\/11244"}],"wp:attachment":[{"href":"https:\/\/yotavis.ch\/fr\/wp-json\/wp\/v2\/media?parent=10565"}],"wp:term":[{"taxonomy":"product_brand","embeddable":true,"href":"https:\/\/yotavis.ch\/fr\/wp-json\/wp\/v2\/product_brand?post=10565"},{"taxonomy":"product_cat","embeddable":true,"href":"https:\/\/yotavis.ch\/fr\/wp-json\/wp\/v2\/product_cat?post=10565"},{"taxonomy":"product_tag","embeddable":true,"href":"https:\/\/yotavis.ch\/fr\/wp-json\/wp\/v2\/product_tag?post=10565"}],"curies":[{"name":"wp","href":"https:\/\/api.w.org\/{rel}","templated":true}]}}