{"id":10582,"date":"2025-10-09T00:00:00","date_gmt":"2025-10-08T22:00:00","guid":{"rendered":"https:\/\/yotavis.ch\/product\/it6018d-300-225\/"},"modified":"2026-04-24T13:43:45","modified_gmt":"2026-04-24T11:43:45","slug":"it6018d-300-225","status":"publish","type":"product","link":"https:\/\/yotavis.ch\/fr\/produit\/it6018d-300-225\/","title":{"rendered":"IT6018D-300-225"},"content":{"rendered":"<p>L'ITECH IT6018D-300-225 est un bloc d'alimentation \u00e0 courant continu d'une puissance de 18 000 watts. Il fonctionne \u00e0 une tension de 300 volts et peut d\u00e9livrer un courant allant jusqu'\u00e0 225 amp\u00e8res. Ce mod\u00e8le dispose d'un seul canal de sortie et est con\u00e7u dans un facteur de forme 3U. L'appareil est dot\u00e9 d'une fonction de commande \u00e0 distance, ce qui permet de l'utiliser facilement et de l'int\u00e9grer dans des syst\u00e8mes automatis\u00e9s. Ses sp\u00e9cifications robustes le rendent adapt\u00e9 aux applications n\u00e9cessitant une puissance \u00e9lev\u00e9e et un contr\u00f4le pr\u00e9cis. La combinaison d'une tension et d'un courant nominaux \u00e9lev\u00e9s permet de g\u00e9rer efficacement les charges \u00e9lectriques exigeantes. Cette alimentation est con\u00e7ue pour r\u00e9pondre aux besoins de divers environnements industriels et de test.<\/p>","protected":false},"excerpt":{"rendered":"<p>300V\/225A\/18kW DC PSU, 3U<\/p>","protected":false},"featured_media":11253,"comment_status":"closed","ping_status":"closed","template":"","meta":{"_acf_changed":false,"slim_seo":{"title":"IT6018D-300-225 - YOTAVIS AG","description":"300V\/225A\/18kW DC PSU, 3U"}},"product_brand":[822],"product_cat":[516,515],"product_tag":[],"class_list":{"0":"post-10582","1":"product","2":"type-product","3":"status-publish","4":"has-post-thumbnail","6":"product_brand-itech","7":"product_cat-dc-source-en","8":"product_cat-power-en","9":"pa_current-a-944","10":"pa_output-number-146","11":"pa_power-w-629","12":"pa_remote-control-yes","13":"pa_voltage-v-624","15":"first","16":"instock","17":"taxable","18":"shipping-taxable","19":"product-type-simple"},"acf":[],"_links":{"self":[{"href":"https:\/\/yotavis.ch\/fr\/wp-json\/wp\/v2\/product\/10582","targetHints":{"allow":["GET"]}}],"collection":[{"href":"https:\/\/yotavis.ch\/fr\/wp-json\/wp\/v2\/product"}],"about":[{"href":"https:\/\/yotavis.ch\/fr\/wp-json\/wp\/v2\/types\/product"}],"replies":[{"embeddable":true,"href":"https:\/\/yotavis.ch\/fr\/wp-json\/wp\/v2\/comments?post=10582"}],"wp:featuredmedia":[{"embeddable":true,"href":"https:\/\/yotavis.ch\/fr\/wp-json\/wp\/v2\/media\/11253"}],"wp:attachment":[{"href":"https:\/\/yotavis.ch\/fr\/wp-json\/wp\/v2\/media?parent=10582"}],"wp:term":[{"taxonomy":"product_brand","embeddable":true,"href":"https:\/\/yotavis.ch\/fr\/wp-json\/wp\/v2\/product_brand?post=10582"},{"taxonomy":"product_cat","embeddable":true,"href":"https:\/\/yotavis.ch\/fr\/wp-json\/wp\/v2\/product_cat?post=10582"},{"taxonomy":"product_tag","embeddable":true,"href":"https:\/\/yotavis.ch\/fr\/wp-json\/wp\/v2\/product_tag?post=10582"}],"curies":[{"name":"wp","href":"https:\/\/api.w.org\/{rel}","templated":true}]}}