{"id":10586,"date":"2025-10-09T00:00:00","date_gmt":"2025-10-08T22:00:00","guid":{"rendered":"https:\/\/yotavis.ch\/product\/it6018d-500-90\/"},"modified":"2026-03-02T16:39:34","modified_gmt":"2026-03-02T15:39:34","slug":"it6018d-500-90","status":"publish","type":"product","link":"https:\/\/yotavis.ch\/fr\/produit\/it6018d-500-90\/","title":{"rendered":"IT6018D-500-90"},"content":{"rendered":"<p>L'IT6018D-500-90 d'ITECH est une source de courant continu con\u00e7ue pour offrir des performances fiables avec une seule sortie. D'une puissance de 18 000 watts, elle fonctionne \u00e0 des tensions allant jusqu'\u00e0 500 volts et \u00e0 des courants atteignant 90 amp\u00e8res. L'appareil comprend des m\u00e9canismes de contr\u00f4le pr\u00e9cis qui garantissent une sortie stable et coh\u00e9rente, adapt\u00e9e \u00e0 diverses applications de test et de d\u00e9veloppement. Il est id\u00e9al pour les environnements industriels et de laboratoire n\u00e9cessitant des solutions d'alimentation en courant continu robustes. Ses caract\u00e9ristiques avanc\u00e9es permettent une gestion efficace de l'\u00e9nergie et une r\u00e9gulation pr\u00e9cise de la tension et du courant.<\/p>","protected":false},"excerpt":{"rendered":"<p>Alimentation DC 500V\/90A\/18kW, 3U<\/p>","protected":false},"featured_media":11253,"comment_status":"closed","ping_status":"closed","template":"","meta":{"_acf_changed":false,"slim_seo":{"title":"IT6018D-500-90 - YOTAVIS AG","description":"Alimentation DC 500V\/90A\/18kW, 3U"}},"product_brand":[822],"product_cat":[516,515],"product_tag":[],"class_list":{"0":"post-10586","1":"product","2":"type-product","3":"status-publish","4":"has-post-thumbnail","6":"product_brand-itech","7":"product_cat-dc-source-en","8":"product_cat-power-en","9":"pa_current-a-408","10":"pa_output-number-146","11":"pa_power-w-629","12":"pa_voltage-v-604","14":"first","15":"instock","16":"taxable","17":"shipping-taxable","18":"product-type-simple"},"acf":[],"_links":{"self":[{"href":"https:\/\/yotavis.ch\/fr\/wp-json\/wp\/v2\/product\/10586","targetHints":{"allow":["GET"]}}],"collection":[{"href":"https:\/\/yotavis.ch\/fr\/wp-json\/wp\/v2\/product"}],"about":[{"href":"https:\/\/yotavis.ch\/fr\/wp-json\/wp\/v2\/types\/product"}],"replies":[{"embeddable":true,"href":"https:\/\/yotavis.ch\/fr\/wp-json\/wp\/v2\/comments?post=10586"}],"wp:featuredmedia":[{"embeddable":true,"href":"https:\/\/yotavis.ch\/fr\/wp-json\/wp\/v2\/media\/11253"}],"wp:attachment":[{"href":"https:\/\/yotavis.ch\/fr\/wp-json\/wp\/v2\/media?parent=10586"}],"wp:term":[{"taxonomy":"product_brand","embeddable":true,"href":"https:\/\/yotavis.ch\/fr\/wp-json\/wp\/v2\/product_brand?post=10586"},{"taxonomy":"product_cat","embeddable":true,"href":"https:\/\/yotavis.ch\/fr\/wp-json\/wp\/v2\/product_cat?post=10586"},{"taxonomy":"product_tag","embeddable":true,"href":"https:\/\/yotavis.ch\/fr\/wp-json\/wp\/v2\/product_tag?post=10586"}],"curies":[{"name":"wp","href":"https:\/\/api.w.org\/{rel}","templated":true}]}}