{"id":10589,"date":"2025-10-09T00:00:00","date_gmt":"2025-10-08T22:00:00","guid":{"rendered":"https:\/\/yotavis.ch\/product\/it6012d-500-80\/"},"modified":"2026-04-24T13:43:46","modified_gmt":"2026-04-24T11:43:46","slug":"it6012d-500-80","status":"publish","type":"product","link":"https:\/\/yotavis.ch\/fr\/produit\/it6012d-500-80\/","title":{"rendered":"IT6012D-500-80"},"content":{"rendered":"<p>L'ITECH IT6012D-500-80 est un bloc d'alimentation DC con\u00e7u pour d\u00e9livrer une puissance maximale de 12 000 watts. Il fonctionne \u00e0 une tension de 500 volts et peut fournir un courant allant jusqu'\u00e0 80 amp\u00e8res. Ce mod\u00e8le est dot\u00e9 d'un seul canal de sortie, ce qui permet une distribution cibl\u00e9e de la puissance. L'unit\u00e9 est log\u00e9e dans un facteur de forme 3U, ce qui permet de la monter en rack dans diverses configurations. La fonctionnalit\u00e9 de commande \u00e0 distance est incluse, permettant aux utilisateurs de faire fonctionner l'alimentation \u00e0 distance pour plus de commodit\u00e9 et de flexibilit\u00e9. La combinaison d'une tension et d'un courant nominaux \u00e9lev\u00e9s fait que cette alimentation convient aux applications exigeantes n\u00e9cessitant une alimentation en courant continu stable et fiable. Sa conception et ses sp\u00e9cifications refl\u00e8tent l'importance accord\u00e9e \u00e0 la robustesse des performances et au contr\u00f4le op\u00e9rationnel.<\/p>","protected":false},"excerpt":{"rendered":"<p>Alimentation DC 500V\/80A\/12kW, 3U<\/p>","protected":false},"featured_media":11253,"comment_status":"closed","ping_status":"closed","template":"","meta":{"_acf_changed":false,"slim_seo":{"title":"IT6012D-500-80 - YOTAVIS AG","description":"Alimentation DC 500V\/80A\/12kW, 3U"}},"product_brand":[822],"product_cat":[516,515],"product_tag":[],"class_list":{"0":"post-10589","1":"product","2":"type-product","3":"status-publish","4":"has-post-thumbnail","6":"product_brand-itech","7":"product_cat-dc-source-en","8":"product_cat-power-en","9":"pa_current-a-557","10":"pa_output-number-146","11":"pa_power-w-628","12":"pa_remote-control-yes","13":"pa_voltage-v-604","15":"first","16":"instock","17":"taxable","18":"shipping-taxable","19":"product-type-simple"},"acf":[],"_links":{"self":[{"href":"https:\/\/yotavis.ch\/fr\/wp-json\/wp\/v2\/product\/10589","targetHints":{"allow":["GET"]}}],"collection":[{"href":"https:\/\/yotavis.ch\/fr\/wp-json\/wp\/v2\/product"}],"about":[{"href":"https:\/\/yotavis.ch\/fr\/wp-json\/wp\/v2\/types\/product"}],"replies":[{"embeddable":true,"href":"https:\/\/yotavis.ch\/fr\/wp-json\/wp\/v2\/comments?post=10589"}],"wp:featuredmedia":[{"embeddable":true,"href":"https:\/\/yotavis.ch\/fr\/wp-json\/wp\/v2\/media\/11253"}],"wp:attachment":[{"href":"https:\/\/yotavis.ch\/fr\/wp-json\/wp\/v2\/media?parent=10589"}],"wp:term":[{"taxonomy":"product_brand","embeddable":true,"href":"https:\/\/yotavis.ch\/fr\/wp-json\/wp\/v2\/product_brand?post=10589"},{"taxonomy":"product_cat","embeddable":true,"href":"https:\/\/yotavis.ch\/fr\/wp-json\/wp\/v2\/product_cat?post=10589"},{"taxonomy":"product_tag","embeddable":true,"href":"https:\/\/yotavis.ch\/fr\/wp-json\/wp\/v2\/product_tag?post=10589"}],"curies":[{"name":"wp","href":"https:\/\/api.w.org\/{rel}","templated":true}]}}