{"id":10590,"date":"2025-10-09T00:00:00","date_gmt":"2025-10-08T22:00:00","guid":{"rendered":"https:\/\/yotavis.ch\/product\/it6018d-500-120\/"},"modified":"2026-04-24T13:43:46","modified_gmt":"2026-04-24T11:43:46","slug":"it6018d-500-120","status":"publish","type":"product","link":"https:\/\/yotavis.ch\/fr\/produit\/it6018d-500-120\/","title":{"rendered":"IT6018D-500-120"},"content":{"rendered":"<p>L'ITECH IT6018D-500-120 est un bloc d'alimentation \u00e0 courant continu d'une puissance de 18 000 watts. Il fonctionne \u00e0 une tension de 500 volts et peut d\u00e9livrer un courant allant jusqu'\u00e0 120 amp\u00e8res. Ce mod\u00e8le dispose d'un seul canal de sortie, ce qui le rend adapt\u00e9 aux applications n\u00e9cessitant une source de courant continu stable et de grande puissance. L'unit\u00e9 est con\u00e7ue dans un facteur de forme 3U, ce qui permet une int\u00e9gration efficace dans les racks d'\u00e9quipement standard. La capacit\u00e9 de contr\u00f4le \u00e0 distance est incluse, permettant aux utilisateurs de faire fonctionner l'alimentation \u00e0 distance pour des raisons de commodit\u00e9 et de s\u00e9curit\u00e9. La combinaison d'une tension et d'un courant nominaux \u00e9lev\u00e9s rend cette alimentation adapt\u00e9e aux environnements industriels ou de laboratoire exigeants. Ses sp\u00e9cifications robustes garantissent des performances fiables dans divers sc\u00e9narios de test et d'exploitation.<\/p>","protected":false},"excerpt":{"rendered":"<p>Alimentation DC 500V\/120A\/18kW, 3U<\/p>","protected":false},"featured_media":11253,"comment_status":"closed","ping_status":"closed","template":"","meta":{"_acf_changed":false,"slim_seo":{"title":"IT6018D-500-120 - YOTAVIS AG","description":"Alimentation DC 500V\/120A\/18kW, 3U"}},"product_brand":[822],"product_cat":[516,515],"product_tag":[],"class_list":{"0":"post-10590","1":"product","2":"type-product","3":"status-publish","4":"has-post-thumbnail","6":"product_brand-itech","7":"product_cat-dc-source-en","8":"product_cat-power-en","9":"pa_current-a-559","10":"pa_output-number-146","11":"pa_power-w-629","12":"pa_remote-control-yes","13":"pa_voltage-v-604","15":"first","16":"instock","17":"taxable","18":"shipping-taxable","19":"product-type-simple"},"acf":[],"_links":{"self":[{"href":"https:\/\/yotavis.ch\/fr\/wp-json\/wp\/v2\/product\/10590","targetHints":{"allow":["GET"]}}],"collection":[{"href":"https:\/\/yotavis.ch\/fr\/wp-json\/wp\/v2\/product"}],"about":[{"href":"https:\/\/yotavis.ch\/fr\/wp-json\/wp\/v2\/types\/product"}],"replies":[{"embeddable":true,"href":"https:\/\/yotavis.ch\/fr\/wp-json\/wp\/v2\/comments?post=10590"}],"wp:featuredmedia":[{"embeddable":true,"href":"https:\/\/yotavis.ch\/fr\/wp-json\/wp\/v2\/media\/11253"}],"wp:attachment":[{"href":"https:\/\/yotavis.ch\/fr\/wp-json\/wp\/v2\/media?parent=10590"}],"wp:term":[{"taxonomy":"product_brand","embeddable":true,"href":"https:\/\/yotavis.ch\/fr\/wp-json\/wp\/v2\/product_brand?post=10590"},{"taxonomy":"product_cat","embeddable":true,"href":"https:\/\/yotavis.ch\/fr\/wp-json\/wp\/v2\/product_cat?post=10590"},{"taxonomy":"product_tag","embeddable":true,"href":"https:\/\/yotavis.ch\/fr\/wp-json\/wp\/v2\/product_tag?post=10590"}],"curies":[{"name":"wp","href":"https:\/\/api.w.org\/{rel}","templated":true}]}}