{"id":10599,"date":"2025-10-09T00:00:00","date_gmt":"2025-10-08T22:00:00","guid":{"rendered":"https:\/\/yotavis.ch\/product\/it6018d-800-75slave\/"},"modified":"2026-04-24T13:43:48","modified_gmt":"2026-04-24T11:43:48","slug":"it6018d-800-75slave","status":"publish","type":"product","link":"https:\/\/yotavis.ch\/fr\/produit\/it6018d-800-75slave\/","title":{"rendered":"IT6018D-800-75Esclave"},"content":{"rendered":"<p>L'IT6018D-800-75Slave est une unit\u00e9 d'alimentation DC avec une tension nominale de 800V et une capacit\u00e9 de courant de 600A, d\u00e9livrant une puissance de 144 000 watts. Il dispose d'un seul canal de sortie et est con\u00e7u dans un facteur de forme 3U. Ce mod\u00e8le prend en charge la fonctionnalit\u00e9 de contr\u00f4le \u00e0 distance, ce qui permet de l'utiliser et de la r\u00e9gler \u00e0 distance. L'alimentation est de marque ITECH et est identifi\u00e9e par le code produit IT6018D-800-75Slave. Elle est configur\u00e9e comme une unit\u00e9 esclave, ce qui signifie g\u00e9n\u00e9ralement qu'elle peut \u00eatre utilis\u00e9e avec d'autres unit\u00e9s pour augmenter les capacit\u00e9s d'alimentation. L'appareil est capable de g\u00e9rer un courant maximal de 600 A et une tension de 800 V, ce qui convient aux applications \u00e0 forte puissance. Sa conception et ses sp\u00e9cifications lui permettent d'\u00eatre int\u00e9gr\u00e9 dans des syst\u00e8mes n\u00e9cessitant une alimentation en courant continu pr\u00e9cise et robuste.<\/p>","protected":false},"excerpt":{"rendered":"<p>800V\/75A\/18kW DC PSU, 3U, SLAVE<\/p>","protected":false},"featured_media":12289,"comment_status":"closed","ping_status":"closed","template":"","meta":{"_acf_changed":false,"slim_seo":{"title":"IT6018D-800-75Slave - YOTAVIS AG","description":"800V\/75A\/18kW DC PSU, 3U, SLAVE"}},"product_brand":[822],"product_cat":[516,515],"product_tag":[],"class_list":{"0":"post-10599","1":"product","2":"type-product","3":"status-publish","4":"has-post-thumbnail","6":"product_brand-itech","7":"product_cat-dc-source-en","8":"product_cat-power-en","9":"pa_current-a-0-25","10":"pa_output-number-146","11":"pa_power-w-945","12":"pa_remote-control-yes","13":"pa_voltage-v-319","15":"first","16":"instock","17":"taxable","18":"shipping-taxable","19":"product-type-simple"},"acf":[],"_links":{"self":[{"href":"https:\/\/yotavis.ch\/fr\/wp-json\/wp\/v2\/product\/10599","targetHints":{"allow":["GET"]}}],"collection":[{"href":"https:\/\/yotavis.ch\/fr\/wp-json\/wp\/v2\/product"}],"about":[{"href":"https:\/\/yotavis.ch\/fr\/wp-json\/wp\/v2\/types\/product"}],"replies":[{"embeddable":true,"href":"https:\/\/yotavis.ch\/fr\/wp-json\/wp\/v2\/comments?post=10599"}],"wp:featuredmedia":[{"embeddable":true,"href":"https:\/\/yotavis.ch\/fr\/wp-json\/wp\/v2\/media\/12289"}],"wp:attachment":[{"href":"https:\/\/yotavis.ch\/fr\/wp-json\/wp\/v2\/media?parent=10599"}],"wp:term":[{"taxonomy":"product_brand","embeddable":true,"href":"https:\/\/yotavis.ch\/fr\/wp-json\/wp\/v2\/product_brand?post=10599"},{"taxonomy":"product_cat","embeddable":true,"href":"https:\/\/yotavis.ch\/fr\/wp-json\/wp\/v2\/product_cat?post=10599"},{"taxonomy":"product_tag","embeddable":true,"href":"https:\/\/yotavis.ch\/fr\/wp-json\/wp\/v2\/product_tag?post=10599"}],"curies":[{"name":"wp","href":"https:\/\/api.w.org\/{rel}","templated":true}]}}