{"id":10600,"date":"2025-10-09T00:00:00","date_gmt":"2025-10-08T22:00:00","guid":{"rendered":"https:\/\/yotavis.ch\/product\/it6018d-1500-30\/"},"modified":"2026-03-02T16:39:27","modified_gmt":"2026-03-02T15:39:27","slug":"it6018d-1500-30","status":"publish","type":"product","link":"https:\/\/yotavis.ch\/fr\/produit\/it6018d-1500-30\/","title":{"rendered":"IT6018D-1500-30"},"content":{"rendered":"<p>L'ITECH IT6018D-1500-30 est un appareil de puissance con\u00e7u comme une source de courant continu. Dot\u00e9 d'une sortie unique, il d\u00e9livre jusqu'\u00e0 1500 volts et 30 amp\u00e8res avec une capacit\u00e9 de puissance de 18 000 watts. L'appareil offre un contr\u00f4le pr\u00e9cis et des caract\u00e9ristiques de sortie stables qui conviennent \u00e0 diverses applications de test. Il est id\u00e9al pour les environnements n\u00e9cessitant une alimentation en courant continu fiable avec des capacit\u00e9s de tension et de courant \u00e9lev\u00e9es. Ses caract\u00e9ristiques avanc\u00e9es garantissent des performances constantes et une adaptabilit\u00e9 aux sc\u00e9narios d'alimentation exigeants.<\/p>","protected":false},"excerpt":{"rendered":"<p>1500V\/30A\/18kW DC PSU, 3U<\/p>","protected":false},"featured_media":11253,"comment_status":"closed","ping_status":"closed","template":"","meta":{"_acf_changed":false,"slim_seo":{"title":"IT6018D-1500-30 - YOTAVIS AG","description":"1500V\/30A\/18kW DC PSU, 3U"}},"product_brand":[822],"product_cat":[516,515],"product_tag":[],"class_list":{"0":"post-10600","1":"product","2":"type-product","3":"status-publish","4":"has-post-thumbnail","6":"product_brand-itech","7":"product_cat-dc-source-en","8":"product_cat-power-en","9":"pa_current-a-404","10":"pa_output-number-146","11":"pa_power-w-629","12":"pa_voltage-v-928","14":"first","15":"instock","16":"taxable","17":"shipping-taxable","18":"product-type-simple"},"acf":[],"_links":{"self":[{"href":"https:\/\/yotavis.ch\/fr\/wp-json\/wp\/v2\/product\/10600","targetHints":{"allow":["GET"]}}],"collection":[{"href":"https:\/\/yotavis.ch\/fr\/wp-json\/wp\/v2\/product"}],"about":[{"href":"https:\/\/yotavis.ch\/fr\/wp-json\/wp\/v2\/types\/product"}],"replies":[{"embeddable":true,"href":"https:\/\/yotavis.ch\/fr\/wp-json\/wp\/v2\/comments?post=10600"}],"wp:featuredmedia":[{"embeddable":true,"href":"https:\/\/yotavis.ch\/fr\/wp-json\/wp\/v2\/media\/11253"}],"wp:attachment":[{"href":"https:\/\/yotavis.ch\/fr\/wp-json\/wp\/v2\/media?parent=10600"}],"wp:term":[{"taxonomy":"product_brand","embeddable":true,"href":"https:\/\/yotavis.ch\/fr\/wp-json\/wp\/v2\/product_brand?post=10600"},{"taxonomy":"product_cat","embeddable":true,"href":"https:\/\/yotavis.ch\/fr\/wp-json\/wp\/v2\/product_cat?post=10600"},{"taxonomy":"product_tag","embeddable":true,"href":"https:\/\/yotavis.ch\/fr\/wp-json\/wp\/v2\/product_tag?post=10600"}],"curies":[{"name":"wp","href":"https:\/\/api.w.org\/{rel}","templated":true}]}}