{"id":10604,"date":"2025-10-09T00:00:00","date_gmt":"2025-10-08T22:00:00","guid":{"rendered":"https:\/\/yotavis.ch\/product\/it6018d-2250-20\/"},"modified":"2026-03-02T16:39:20","modified_gmt":"2026-03-02T15:39:20","slug":"it6018d-2250-20","status":"publish","type":"product","link":"https:\/\/yotavis.ch\/fr\/produit\/it6018d-2250-20\/","title":{"rendered":"IT6018D-2250-20"},"content":{"rendered":"<p>L'ITECH IT6018D-2250-20 est un dispositif de puissance con\u00e7u comme une source de courant continu. Dot\u00e9 d'une sortie unique, il d\u00e9livre jusqu'\u00e0 2250 volts et 20 amp\u00e8res avec une capacit\u00e9 de puissance de 18 000 watts. L'appareil offre un contr\u00f4le pr\u00e9cis et une sortie stable adapt\u00e9s aux applications exigeantes. Id\u00e9al pour les essais industriels et les environnements de d\u00e9veloppement, il prend en charge une large gamme de besoins en \u00e9nergie. Ses caract\u00e9ristiques avanc\u00e9es garantissent des performances fiables et une gestion efficace de l'\u00e9nergie.<\/p>","protected":false},"excerpt":{"rendered":"<p>2250V\/20A\/18kW DC PSU, 3U<\/p>","protected":false},"featured_media":11253,"comment_status":"closed","ping_status":"closed","template":"","meta":{"_acf_changed":false,"slim_seo":{"title":"IT6018D-2250-20 - YOTAVIS AG","description":"2250V\/20A\/18kW DC PSU, 3U"}},"product_brand":[822],"product_cat":[516,515],"product_tag":[],"class_list":{"0":"post-10604","1":"product","2":"type-product","3":"status-publish","4":"has-post-thumbnail","6":"product_brand-itech","7":"product_cat-dc-source-en","8":"product_cat-power-en","9":"pa_current-a-552","10":"pa_output-number-146","11":"pa_power-w-629","12":"pa_voltage-v-948","14":"first","15":"instock","16":"taxable","17":"shipping-taxable","18":"product-type-simple"},"acf":[],"_links":{"self":[{"href":"https:\/\/yotavis.ch\/fr\/wp-json\/wp\/v2\/product\/10604","targetHints":{"allow":["GET"]}}],"collection":[{"href":"https:\/\/yotavis.ch\/fr\/wp-json\/wp\/v2\/product"}],"about":[{"href":"https:\/\/yotavis.ch\/fr\/wp-json\/wp\/v2\/types\/product"}],"replies":[{"embeddable":true,"href":"https:\/\/yotavis.ch\/fr\/wp-json\/wp\/v2\/comments?post=10604"}],"wp:featuredmedia":[{"embeddable":true,"href":"https:\/\/yotavis.ch\/fr\/wp-json\/wp\/v2\/media\/11253"}],"wp:attachment":[{"href":"https:\/\/yotavis.ch\/fr\/wp-json\/wp\/v2\/media?parent=10604"}],"wp:term":[{"taxonomy":"product_brand","embeddable":true,"href":"https:\/\/yotavis.ch\/fr\/wp-json\/wp\/v2\/product_brand?post=10604"},{"taxonomy":"product_cat","embeddable":true,"href":"https:\/\/yotavis.ch\/fr\/wp-json\/wp\/v2\/product_cat?post=10604"},{"taxonomy":"product_tag","embeddable":true,"href":"https:\/\/yotavis.ch\/fr\/wp-json\/wp\/v2\/product_tag?post=10604"}],"curies":[{"name":"wp","href":"https:\/\/api.w.org\/{rel}","templated":true}]}}