{"id":10611,"date":"2025-10-09T00:00:00","date_gmt":"2025-10-08T22:00:00","guid":{"rendered":"https:\/\/yotavis.ch\/product\/it6015c-80-360slave\/"},"modified":"2026-03-02T16:39:13","modified_gmt":"2026-03-02T15:39:13","slug":"it6015c-80-360slave","status":"publish","type":"product","link":"https:\/\/yotavis.ch\/fr\/produit\/it6015c-80-360slave\/","title":{"rendered":"IT6015C-80-360Esclave"},"content":{"rendered":"<p>L'esclave ITECH IT6015C-80-360 est un dispositif de puissance con\u00e7u pour les applications \u00e0 courant continu \u00e0 deux quadrants. D'une puissance de 15 000 watts, il fonctionne \u00e0 une tension de 80 volts et \u00e0 un courant de 360 amp\u00e8res. L'appareil comporte une seule sortie, ce qui garantit des performances cibl\u00e9es et fiables. Id\u00e9al pour les environnements n\u00e9cessitant un contr\u00f4le pr\u00e9cis du flux d'\u00e9nergie dans les deux sens, il r\u00e9pond \u00e0 des besoins op\u00e9rationnels et de test polyvalents. Ses caract\u00e9ristiques avanc\u00e9es permettent une gestion efficace de l'\u00e9nergie et un traitement robuste des charges \u00e9lectriques exigeantes.<\/p>","protected":false},"excerpt":{"rendered":"<p>Alimentation DC bidirectionnelle 80V\/360A\/15kW, 3U, SLAVE<\/p>","protected":false},"featured_media":12289,"comment_status":"closed","ping_status":"closed","template":"","meta":{"_acf_changed":false,"slim_seo":{"title":"IT6015C-80-360Slave - YOTAVIS AG","description":"Alimentation DC bidirectionnelle 80V\/360A\/15kW, 3U, SLAVE"}},"product_brand":[822],"product_cat":[546,515],"product_tag":[],"class_list":{"0":"post-10611","1":"product","2":"type-product","3":"status-publish","4":"has-post-thumbnail","6":"product_brand-itech","7":"product_cat-dc-2-quadrants-en","8":"product_cat-power-en","9":"pa_current-a-638","10":"pa_output-number-146","11":"pa_power-w-941","12":"pa_voltage-v-155","14":"first","15":"instock","16":"taxable","17":"shipping-taxable","18":"product-type-simple"},"acf":[],"_links":{"self":[{"href":"https:\/\/yotavis.ch\/fr\/wp-json\/wp\/v2\/product\/10611","targetHints":{"allow":["GET"]}}],"collection":[{"href":"https:\/\/yotavis.ch\/fr\/wp-json\/wp\/v2\/product"}],"about":[{"href":"https:\/\/yotavis.ch\/fr\/wp-json\/wp\/v2\/types\/product"}],"replies":[{"embeddable":true,"href":"https:\/\/yotavis.ch\/fr\/wp-json\/wp\/v2\/comments?post=10611"}],"wp:featuredmedia":[{"embeddable":true,"href":"https:\/\/yotavis.ch\/fr\/wp-json\/wp\/v2\/media\/12289"}],"wp:attachment":[{"href":"https:\/\/yotavis.ch\/fr\/wp-json\/wp\/v2\/media?parent=10611"}],"wp:term":[{"taxonomy":"product_brand","embeddable":true,"href":"https:\/\/yotavis.ch\/fr\/wp-json\/wp\/v2\/product_brand?post=10611"},{"taxonomy":"product_cat","embeddable":true,"href":"https:\/\/yotavis.ch\/fr\/wp-json\/wp\/v2\/product_cat?post=10611"},{"taxonomy":"product_tag","embeddable":true,"href":"https:\/\/yotavis.ch\/fr\/wp-json\/wp\/v2\/product_tag?post=10611"}],"curies":[{"name":"wp","href":"https:\/\/api.w.org\/{rel}","templated":true}]}}