{"id":10618,"date":"2025-10-09T00:00:00","date_gmt":"2025-10-08T22:00:00","guid":{"rendered":"https:\/\/yotavis.ch\/product\/it6018c-300-225\/"},"modified":"2026-04-24T13:43:53","modified_gmt":"2026-04-24T11:43:53","slug":"it6018c-300-225","status":"publish","type":"product","link":"https:\/\/yotavis.ch\/fr\/produit\/it6018c-300-225\/","title":{"rendered":"IT6018C-300-225"},"content":{"rendered":"<p>L'IT6018C-300-225 est un bloc d'alimentation DC bidirectionnel d'une puissance nominale de 18 000 watts. Il fonctionne \u00e0 une tension de 300 volts et peut d\u00e9livrer un courant allant jusqu'\u00e0 225 amp\u00e8res. Ce mod\u00e8le dispose d'un seul canal de sortie et est con\u00e7u dans un facteur de forme 3U. La capacit\u00e9 de commande \u00e0 distance est incluse, ce qui permet un fonctionnement pratique et l'int\u00e9gration dans des syst\u00e8mes automatis\u00e9s. L'alimentation est fabriqu\u00e9e par ITECH, une marque connue pour ses \u00e9quipements de test \u00e9lectroniques. Cette unit\u00e9 convient aux applications n\u00e9cessitant une puissance \u00e9lev\u00e9e et un contr\u00f4le pr\u00e9cis de la tension et du courant continus. Sa fonctionnalit\u00e9 bidirectionnelle lui permet d'\u00eatre \u00e0 la fois source et puits de courant, ce qui la rend polyvalente pour divers sc\u00e9narios de test.<\/p>","protected":false},"excerpt":{"rendered":"<p>Alimentation DC bidirectionnelle 300V\/225A\/18kW, 3U<\/p>","protected":false},"featured_media":11257,"comment_status":"closed","ping_status":"closed","template":"","meta":{"_acf_changed":false,"slim_seo":{"title":"IT6018C-300-225 - YOTAVIS AG","description":"Alimentation DC bidirectionnelle 300V\/225A\/18kW, 3U"}},"product_brand":[822],"product_cat":[546,515],"product_tag":[],"class_list":{"0":"post-10618","1":"product","2":"type-product","3":"status-publish","4":"has-post-thumbnail","6":"product_brand-itech","7":"product_cat-dc-2-quadrants-en","8":"product_cat-power-en","9":"pa_current-a-944","10":"pa_output-number-146","11":"pa_power-w-629","12":"pa_remote-control-yes","13":"pa_voltage-v-624","15":"first","16":"instock","17":"taxable","18":"shipping-taxable","19":"product-type-simple"},"acf":[],"_links":{"self":[{"href":"https:\/\/yotavis.ch\/fr\/wp-json\/wp\/v2\/product\/10618","targetHints":{"allow":["GET"]}}],"collection":[{"href":"https:\/\/yotavis.ch\/fr\/wp-json\/wp\/v2\/product"}],"about":[{"href":"https:\/\/yotavis.ch\/fr\/wp-json\/wp\/v2\/types\/product"}],"replies":[{"embeddable":true,"href":"https:\/\/yotavis.ch\/fr\/wp-json\/wp\/v2\/comments?post=10618"}],"wp:featuredmedia":[{"embeddable":true,"href":"https:\/\/yotavis.ch\/fr\/wp-json\/wp\/v2\/media\/11257"}],"wp:attachment":[{"href":"https:\/\/yotavis.ch\/fr\/wp-json\/wp\/v2\/media?parent=10618"}],"wp:term":[{"taxonomy":"product_brand","embeddable":true,"href":"https:\/\/yotavis.ch\/fr\/wp-json\/wp\/v2\/product_brand?post=10618"},{"taxonomy":"product_cat","embeddable":true,"href":"https:\/\/yotavis.ch\/fr\/wp-json\/wp\/v2\/product_cat?post=10618"},{"taxonomy":"product_tag","embeddable":true,"href":"https:\/\/yotavis.ch\/fr\/wp-json\/wp\/v2\/product_tag?post=10618"}],"curies":[{"name":"wp","href":"https:\/\/api.w.org\/{rel}","templated":true}]}}