{"id":10620,"date":"2025-10-09T00:00:00","date_gmt":"2025-10-08T22:00:00","guid":{"rendered":"https:\/\/yotavis.ch\/product\/it6006c-500-30\/"},"modified":"2026-03-02T16:39:06","modified_gmt":"2026-03-02T15:39:06","slug":"it6006c-500-30","status":"publish","type":"product","link":"https:\/\/yotavis.ch\/fr\/produit\/it6006c-500-30\/","title":{"rendered":"IT6006C-500-30"},"content":{"rendered":"<p>L'ITECH IT6006C-500-30 est un dispositif de puissance con\u00e7u pour les applications DC 2 quadrants. Dot\u00e9 d'une sortie unique, il d\u00e9livre jusqu'\u00e0 6000 watts de puissance avec une tension maximale de 500 volts et une capacit\u00e9 de courant de 30 amp\u00e8res. L'appareil comprend des capacit\u00e9s de contr\u00f4le pr\u00e9cises adapt\u00e9es \u00e0 divers besoins en mati\u00e8re de tests et d'alimentation \u00e9lectrique. Il est id\u00e9al pour les environnements n\u00e9cessitant une alimentation en courant continu fiable et stable avec une fonctionnalit\u00e9 bidirectionnelle. Ses caract\u00e9ristiques avanc\u00e9es garantissent des performances efficaces et une adaptabilit\u00e9 aux syst\u00e8mes \u00e9lectriques complexes.<\/p>","protected":false},"excerpt":{"rendered":"<p>Alimentation DC bidirectionnelle 500V\/30A\/6kW, 3U<\/p>","protected":false},"featured_media":11257,"comment_status":"closed","ping_status":"closed","template":"","meta":{"_acf_changed":false,"slim_seo":{"title":"IT6006C-500-30 - YOTAVIS AG","description":"Alimentation DC bidirectionnelle 500V\/30A\/6kW, 3U"}},"product_brand":[822],"product_cat":[546,515],"product_tag":[],"class_list":{"0":"post-10620","1":"product","2":"type-product","3":"status-publish","4":"has-post-thumbnail","6":"product_brand-itech","7":"product_cat-dc-2-quadrants-en","8":"product_cat-power-en","9":"pa_current-a-404","10":"pa_output-number-146","11":"pa_power-w-626","12":"pa_voltage-v-604","14":"first","15":"instock","16":"taxable","17":"shipping-taxable","18":"product-type-simple"},"acf":[],"_links":{"self":[{"href":"https:\/\/yotavis.ch\/fr\/wp-json\/wp\/v2\/product\/10620","targetHints":{"allow":["GET"]}}],"collection":[{"href":"https:\/\/yotavis.ch\/fr\/wp-json\/wp\/v2\/product"}],"about":[{"href":"https:\/\/yotavis.ch\/fr\/wp-json\/wp\/v2\/types\/product"}],"replies":[{"embeddable":true,"href":"https:\/\/yotavis.ch\/fr\/wp-json\/wp\/v2\/comments?post=10620"}],"wp:featuredmedia":[{"embeddable":true,"href":"https:\/\/yotavis.ch\/fr\/wp-json\/wp\/v2\/media\/11257"}],"wp:attachment":[{"href":"https:\/\/yotavis.ch\/fr\/wp-json\/wp\/v2\/media?parent=10620"}],"wp:term":[{"taxonomy":"product_brand","embeddable":true,"href":"https:\/\/yotavis.ch\/fr\/wp-json\/wp\/v2\/product_brand?post=10620"},{"taxonomy":"product_cat","embeddable":true,"href":"https:\/\/yotavis.ch\/fr\/wp-json\/wp\/v2\/product_cat?post=10620"},{"taxonomy":"product_tag","embeddable":true,"href":"https:\/\/yotavis.ch\/fr\/wp-json\/wp\/v2\/product_tag?post=10620"}],"curies":[{"name":"wp","href":"https:\/\/api.w.org\/{rel}","templated":true}]}}