{"id":10622,"date":"2025-10-09T00:00:00","date_gmt":"2025-10-08T22:00:00","guid":{"rendered":"https:\/\/yotavis.ch\/product\/it6018c-500-90\/"},"modified":"2026-03-02T16:39:06","modified_gmt":"2026-03-02T15:39:06","slug":"it6018c-500-90","status":"publish","type":"product","link":"https:\/\/yotavis.ch\/fr\/produit\/it6018c-500-90\/","title":{"rendered":"IT6018C-500-90"},"content":{"rendered":"<p>L'ITECH IT6018C-500-90 est un dispositif de puissance con\u00e7u pour les applications DC \u00e0 deux quadrants. Dot\u00e9 d'une sortie unique, il d\u00e9livre jusqu'\u00e0 18 000 watts de puissance avec une capacit\u00e9 de tension de 500 volts et un courant nominal de 90 amp\u00e8res. L'appareil comprend des capacit\u00e9s de contr\u00f4le pr\u00e9cises adapt\u00e9es aux tests dynamiques et aux sc\u00e9narios de r\u00e9cup\u00e9ration d'\u00e9nergie. Id\u00e9al pour les environnements industriels n\u00e9cessitant une gestion fiable et efficace de l'\u00e9nergie, il r\u00e9pond aux exigences op\u00e9rationnelles complexes. Ses caract\u00e9ristiques avanc\u00e9es garantissent des performances stables et une adaptabilit\u00e9 \u00e0 diverses t\u00e2ches de conversion d'\u00e9nergie.<\/p>","protected":false},"excerpt":{"rendered":"<p>Alimentation DC bidirectionnelle 500V\/90A\/18kW, 3U<\/p>","protected":false},"featured_media":11257,"comment_status":"closed","ping_status":"closed","template":"","meta":{"_acf_changed":false,"slim_seo":{"title":"IT6018C-500-90 - YOTAVIS AG","description":"Alimentation DC bidirectionnelle 500V\/90A\/18kW, 3U"}},"product_brand":[822],"product_cat":[546,515],"product_tag":[],"class_list":{"0":"post-10622","1":"product","2":"type-product","3":"status-publish","4":"has-post-thumbnail","6":"product_brand-itech","7":"product_cat-dc-2-quadrants-en","8":"product_cat-power-en","9":"pa_current-a-408","10":"pa_output-number-146","11":"pa_power-w-629","12":"pa_voltage-v-604","14":"first","15":"instock","16":"taxable","17":"shipping-taxable","18":"product-type-simple"},"acf":[],"_links":{"self":[{"href":"https:\/\/yotavis.ch\/fr\/wp-json\/wp\/v2\/product\/10622","targetHints":{"allow":["GET"]}}],"collection":[{"href":"https:\/\/yotavis.ch\/fr\/wp-json\/wp\/v2\/product"}],"about":[{"href":"https:\/\/yotavis.ch\/fr\/wp-json\/wp\/v2\/types\/product"}],"replies":[{"embeddable":true,"href":"https:\/\/yotavis.ch\/fr\/wp-json\/wp\/v2\/comments?post=10622"}],"wp:featuredmedia":[{"embeddable":true,"href":"https:\/\/yotavis.ch\/fr\/wp-json\/wp\/v2\/media\/11257"}],"wp:attachment":[{"href":"https:\/\/yotavis.ch\/fr\/wp-json\/wp\/v2\/media?parent=10622"}],"wp:term":[{"taxonomy":"product_brand","embeddable":true,"href":"https:\/\/yotavis.ch\/fr\/wp-json\/wp\/v2\/product_brand?post=10622"},{"taxonomy":"product_cat","embeddable":true,"href":"https:\/\/yotavis.ch\/fr\/wp-json\/wp\/v2\/product_cat?post=10622"},{"taxonomy":"product_tag","embeddable":true,"href":"https:\/\/yotavis.ch\/fr\/wp-json\/wp\/v2\/product_tag?post=10622"}],"curies":[{"name":"wp","href":"https:\/\/api.w.org\/{rel}","templated":true}]}}