{"id":10628,"date":"2025-10-09T00:00:00","date_gmt":"2025-10-08T22:00:00","guid":{"rendered":"https:\/\/yotavis.ch\/product\/it6006c-800-20\/"},"modified":"2026-03-02T16:38:59","modified_gmt":"2026-03-02T15:38:59","slug":"it6006c-800-20","status":"publish","type":"product","link":"https:\/\/yotavis.ch\/fr\/produit\/it6006c-800-20\/","title":{"rendered":"IT6006C-800-20"},"content":{"rendered":"<p>L'ITECH IT6006C-800-20 est un dispositif de puissance con\u00e7u pour les applications DC \u00e0 deux quadrants. Dot\u00e9 d'une sortie unique, il d\u00e9livre jusqu'\u00e0 6000 watts de puissance avec une tension maximale de 800 volts et une capacit\u00e9 de courant de 20 amp\u00e8res. L'appareil comprend des capacit\u00e9s de contr\u00f4le pr\u00e9cises adapt\u00e9es \u00e0 diverses t\u00e2ches de test et de simulation. Id\u00e9al pour les environnements n\u00e9cessitant un flux d'\u00e9nergie bidirectionnel fiable, il prend en charge les op\u00e9rations de sourcing et de sinking. Ses caract\u00e9ristiques avanc\u00e9es garantissent des performances stables et une r\u00e9gulation pr\u00e9cise de la sortie dans des conditions exigeantes.<\/p>","protected":false},"excerpt":{"rendered":"<p>Bloc d'alimentation DC bidirectionnel 800V\/20A\/6kW, 3U<\/p>","protected":false},"featured_media":11257,"comment_status":"closed","ping_status":"closed","template":"","meta":{"_acf_changed":false,"slim_seo":{"title":"IT6006C-800-20 - YOTAVIS AG","description":"Bloc d'alimentation DC bidirectionnel 800V\/20A\/6kW, 3U"}},"product_brand":[822],"product_cat":[546,515],"product_tag":[],"class_list":{"0":"post-10628","1":"product","2":"type-product","3":"status-publish","4":"has-post-thumbnail","6":"product_brand-itech","7":"product_cat-dc-2-quadrants-en","8":"product_cat-power-en","9":"pa_current-a-552","10":"pa_output-number-146","11":"pa_power-w-626","12":"pa_voltage-v-319","14":"first","15":"instock","16":"taxable","17":"shipping-taxable","18":"product-type-simple"},"acf":[],"_links":{"self":[{"href":"https:\/\/yotavis.ch\/fr\/wp-json\/wp\/v2\/product\/10628","targetHints":{"allow":["GET"]}}],"collection":[{"href":"https:\/\/yotavis.ch\/fr\/wp-json\/wp\/v2\/product"}],"about":[{"href":"https:\/\/yotavis.ch\/fr\/wp-json\/wp\/v2\/types\/product"}],"replies":[{"embeddable":true,"href":"https:\/\/yotavis.ch\/fr\/wp-json\/wp\/v2\/comments?post=10628"}],"wp:featuredmedia":[{"embeddable":true,"href":"https:\/\/yotavis.ch\/fr\/wp-json\/wp\/v2\/media\/11257"}],"wp:attachment":[{"href":"https:\/\/yotavis.ch\/fr\/wp-json\/wp\/v2\/media?parent=10628"}],"wp:term":[{"taxonomy":"product_brand","embeddable":true,"href":"https:\/\/yotavis.ch\/fr\/wp-json\/wp\/v2\/product_brand?post=10628"},{"taxonomy":"product_cat","embeddable":true,"href":"https:\/\/yotavis.ch\/fr\/wp-json\/wp\/v2\/product_cat?post=10628"},{"taxonomy":"product_tag","embeddable":true,"href":"https:\/\/yotavis.ch\/fr\/wp-json\/wp\/v2\/product_tag?post=10628"}],"curies":[{"name":"wp","href":"https:\/\/api.w.org\/{rel}","templated":true}]}}