{"id":10636,"date":"2025-10-09T00:00:00","date_gmt":"2025-10-08T22:00:00","guid":{"rendered":"https:\/\/yotavis.ch\/product\/it6018c-1500-30\/"},"modified":"2026-03-02T16:38:53","modified_gmt":"2026-03-02T15:38:53","slug":"it6018c-1500-30","status":"publish","type":"product","link":"https:\/\/yotavis.ch\/fr\/produit\/it6018c-1500-30\/","title":{"rendered":"IT6018C-1500-30"},"content":{"rendered":"<p>L'ITECH IT6018C-1500-30 est un dispositif de puissance con\u00e7u pour les applications DC 2 quadrants. Dot\u00e9 d'une sortie unique, il d\u00e9livre jusqu'\u00e0 18 000 watts de puissance avec une tension maximale de 1 500 volts et une capacit\u00e9 de courant de 30 amp\u00e8res. L'appareil comprend des capacit\u00e9s de contr\u00f4le pr\u00e9cises adapt\u00e9es \u00e0 des sc\u00e9narios de test et d'alimentation complexes. Il est id\u00e9al pour les environnements industriels et de laboratoire n\u00e9cessitant une gestion fiable de l'alimentation en courant continu. Ses caract\u00e9ristiques avanc\u00e9es garantissent des performances stables et une conversion d'\u00e9nergie efficace dans des conditions de charge variables.<\/p>","protected":false},"excerpt":{"rendered":"<p>Alimentation DC bidirectionnelle 1500V\/30A\/18kW, 3U<\/p>","protected":false},"featured_media":11257,"comment_status":"closed","ping_status":"closed","template":"","meta":{"_acf_changed":false,"slim_seo":{"title":"IT6018C-1500-30 - YOTAVIS AG","description":"Alimentation DC bidirectionnelle 1500V\/30A\/18kW, 3U"}},"product_brand":[822],"product_cat":[546,515],"product_tag":[],"class_list":{"0":"post-10636","1":"product","2":"type-product","3":"status-publish","4":"has-post-thumbnail","6":"product_brand-itech","7":"product_cat-dc-2-quadrants-en","8":"product_cat-power-en","9":"pa_current-a-404","10":"pa_output-number-146","11":"pa_power-w-629","12":"pa_voltage-v-928","14":"first","15":"instock","16":"taxable","17":"shipping-taxable","18":"product-type-simple"},"acf":[],"_links":{"self":[{"href":"https:\/\/yotavis.ch\/fr\/wp-json\/wp\/v2\/product\/10636","targetHints":{"allow":["GET"]}}],"collection":[{"href":"https:\/\/yotavis.ch\/fr\/wp-json\/wp\/v2\/product"}],"about":[{"href":"https:\/\/yotavis.ch\/fr\/wp-json\/wp\/v2\/types\/product"}],"replies":[{"embeddable":true,"href":"https:\/\/yotavis.ch\/fr\/wp-json\/wp\/v2\/comments?post=10636"}],"wp:featuredmedia":[{"embeddable":true,"href":"https:\/\/yotavis.ch\/fr\/wp-json\/wp\/v2\/media\/11257"}],"wp:attachment":[{"href":"https:\/\/yotavis.ch\/fr\/wp-json\/wp\/v2\/media?parent=10636"}],"wp:term":[{"taxonomy":"product_brand","embeddable":true,"href":"https:\/\/yotavis.ch\/fr\/wp-json\/wp\/v2\/product_brand?post=10636"},{"taxonomy":"product_cat","embeddable":true,"href":"https:\/\/yotavis.ch\/fr\/wp-json\/wp\/v2\/product_cat?post=10636"},{"taxonomy":"product_tag","embeddable":true,"href":"https:\/\/yotavis.ch\/fr\/wp-json\/wp\/v2\/product_tag?post=10636"}],"curies":[{"name":"wp","href":"https:\/\/api.w.org\/{rel}","templated":true}]}}