{"id":10637,"date":"2025-10-09T00:00:00","date_gmt":"2025-10-08T22:00:00","guid":{"rendered":"https:\/\/yotavis.ch\/product\/it6018c-1500-30slave\/"},"modified":"2026-03-02T16:38:52","modified_gmt":"2026-03-02T15:38:52","slug":"it6018c-1500-30slave","status":"publish","type":"product","link":"https:\/\/yotavis.ch\/fr\/produit\/it6018c-1500-30slave\/","title":{"rendered":"IT6018C-1500-30Esclave"},"content":{"rendered":"<p>L'IT6018C-1500-30Slave d'ITECH est un dispositif de puissance con\u00e7u pour les applications \u00e0 courant continu \u00e0 deux quadrants. D'une puissance maximale de 18 000 watts, il fonctionne \u00e0 des tensions allant jusqu'\u00e0 1 500 volts et \u00e0 des courants atteignant 30 amp\u00e8res. L'appareil comprend un seul canal de sortie, ce qui permet un contr\u00f4le pr\u00e9cis et une gestion efficace de l'\u00e9nergie. Il est id\u00e9al pour les environnements industriels et de laboratoire n\u00e9cessitant une alimentation en courant continu fiable et des capacit\u00e9s de r\u00e9g\u00e9n\u00e9ration. Ses caract\u00e9ristiques avanc\u00e9es prennent en charge le flux de courant bidirectionnel, permettant \u00e0 la fois l'approvisionnement et l'\u00e9vacuation de l'\u00e9nergie avec stabilit\u00e9 et pr\u00e9cision.<\/p>","protected":false},"excerpt":{"rendered":"<p>1500V\/30A\/18kW Bloc d'alimentation DC bidirectionnel, 3U, SLAVE<\/p>","protected":false},"featured_media":12289,"comment_status":"closed","ping_status":"closed","template":"","meta":{"_acf_changed":false,"slim_seo":{"title":"IT6018C-1500-30Slave - YOTAVIS AG","description":"1500V\/30A\/18kW Bloc d'alimentation DC bidirectionnel, 3U, SLAVE"}},"product_brand":[822],"product_cat":[546,515],"product_tag":[],"class_list":{"0":"post-10637","1":"product","2":"type-product","3":"status-publish","4":"has-post-thumbnail","6":"product_brand-itech","7":"product_cat-dc-2-quadrants-en","8":"product_cat-power-en","9":"pa_current-a-404","10":"pa_output-number-146","11":"pa_power-w-629","12":"pa_voltage-v-928","14":"first","15":"instock","16":"taxable","17":"shipping-taxable","18":"product-type-simple"},"acf":[],"_links":{"self":[{"href":"https:\/\/yotavis.ch\/fr\/wp-json\/wp\/v2\/product\/10637","targetHints":{"allow":["GET"]}}],"collection":[{"href":"https:\/\/yotavis.ch\/fr\/wp-json\/wp\/v2\/product"}],"about":[{"href":"https:\/\/yotavis.ch\/fr\/wp-json\/wp\/v2\/types\/product"}],"replies":[{"embeddable":true,"href":"https:\/\/yotavis.ch\/fr\/wp-json\/wp\/v2\/comments?post=10637"}],"wp:featuredmedia":[{"embeddable":true,"href":"https:\/\/yotavis.ch\/fr\/wp-json\/wp\/v2\/media\/12289"}],"wp:attachment":[{"href":"https:\/\/yotavis.ch\/fr\/wp-json\/wp\/v2\/media?parent=10637"}],"wp:term":[{"taxonomy":"product_brand","embeddable":true,"href":"https:\/\/yotavis.ch\/fr\/wp-json\/wp\/v2\/product_brand?post=10637"},{"taxonomy":"product_cat","embeddable":true,"href":"https:\/\/yotavis.ch\/fr\/wp-json\/wp\/v2\/product_cat?post=10637"},{"taxonomy":"product_tag","embeddable":true,"href":"https:\/\/yotavis.ch\/fr\/wp-json\/wp\/v2\/product_tag?post=10637"}],"curies":[{"name":"wp","href":"https:\/\/api.w.org\/{rel}","templated":true}]}}