{"id":10638,"date":"2025-10-09T00:00:00","date_gmt":"2025-10-08T22:00:00","guid":{"rendered":"https:\/\/yotavis.ch\/product\/it6018c-1500-40\/"},"modified":"2026-04-24T13:43:57","modified_gmt":"2026-04-24T11:43:57","slug":"it6018c-1500-40","status":"publish","type":"product","link":"https:\/\/yotavis.ch\/fr\/produit\/it6018c-1500-40\/","title":{"rendered":"IT6018C-1500-40"},"content":{"rendered":"<p>L'IT6018C-1500-40 d'ITECH est un bloc d'alimentation DC bidirectionnel d'une puissance de 18 000 watts. Il fonctionne \u00e0 une tension de 1500 volts et un courant de 40 amp\u00e8res, fournissant un seul canal de sortie. L'unit\u00e9 est con\u00e7ue dans un facteur de forme 3U, ce qui lui permet d'\u00eatre mont\u00e9e en rack dans diverses configurations. Elle est dot\u00e9e d'une capacit\u00e9 de commande \u00e0 distance, ce qui facilite son utilisation et son int\u00e9gration dans des syst\u00e8mes automatis\u00e9s. Cette alimentation est con\u00e7ue pour g\u00e9rer un flux de puissance bidirectionnel, ce qui peut s'av\u00e9rer essentiel pour les applications n\u00e9cessitant \u00e0 la fois une source et un puits de puissance. La combinaison d'une tension et d'un courant nominaux \u00e9lev\u00e9s la rend adapt\u00e9e aux environnements industriels et de test exigeants. Sa conception et ses sp\u00e9cifications sont ax\u00e9es sur la fourniture de performances fiables et pr\u00e9cises en mati\u00e8re d'alimentation en courant continu.<\/p>","protected":false},"excerpt":{"rendered":"<p>Alimentation DC bidirectionnelle 1500V\/40A\/18kW, 3U<\/p>","protected":false},"featured_media":11257,"comment_status":"closed","ping_status":"closed","template":"","meta":{"_acf_changed":false,"slim_seo":{"title":"IT6018C-1500-40 - YOTAVIS AG","description":"Alimentation DC bidirectionnelle 1500V\/40A\/18kW, 3U"}},"product_brand":[822],"product_cat":[546,515],"product_tag":[],"class_list":{"0":"post-10638","1":"product","2":"type-product","3":"status-publish","4":"has-post-thumbnail","6":"product_brand-itech","7":"product_cat-dc-2-quadrants-en","8":"product_cat-power-en","9":"pa_current-a-550","10":"pa_output-number-146","11":"pa_power-w-629","12":"pa_remote-control-yes","13":"pa_voltage-v-928","15":"first","16":"instock","17":"taxable","18":"shipping-taxable","19":"product-type-simple"},"acf":[],"_links":{"self":[{"href":"https:\/\/yotavis.ch\/fr\/wp-json\/wp\/v2\/product\/10638","targetHints":{"allow":["GET"]}}],"collection":[{"href":"https:\/\/yotavis.ch\/fr\/wp-json\/wp\/v2\/product"}],"about":[{"href":"https:\/\/yotavis.ch\/fr\/wp-json\/wp\/v2\/types\/product"}],"replies":[{"embeddable":true,"href":"https:\/\/yotavis.ch\/fr\/wp-json\/wp\/v2\/comments?post=10638"}],"wp:featuredmedia":[{"embeddable":true,"href":"https:\/\/yotavis.ch\/fr\/wp-json\/wp\/v2\/media\/11257"}],"wp:attachment":[{"href":"https:\/\/yotavis.ch\/fr\/wp-json\/wp\/v2\/media?parent=10638"}],"wp:term":[{"taxonomy":"product_brand","embeddable":true,"href":"https:\/\/yotavis.ch\/fr\/wp-json\/wp\/v2\/product_brand?post=10638"},{"taxonomy":"product_cat","embeddable":true,"href":"https:\/\/yotavis.ch\/fr\/wp-json\/wp\/v2\/product_cat?post=10638"},{"taxonomy":"product_tag","embeddable":true,"href":"https:\/\/yotavis.ch\/fr\/wp-json\/wp\/v2\/product_tag?post=10638"}],"curies":[{"name":"wp","href":"https:\/\/api.w.org\/{rel}","templated":true}]}}