{"id":10640,"date":"2025-10-09T00:00:00","date_gmt":"2025-10-08T22:00:00","guid":{"rendered":"https:\/\/yotavis.ch\/product\/it6018c-2250-20\/"},"modified":"2026-03-02T16:38:52","modified_gmt":"2026-03-02T15:38:52","slug":"it6018c-2250-20","status":"publish","type":"product","link":"https:\/\/yotavis.ch\/fr\/produit\/it6018c-2250-20\/","title":{"rendered":"IT6018C-2250-20"},"content":{"rendered":"<p>L'ITECH IT6018C-2250-20 est un dispositif de puissance con\u00e7u pour les applications DC 2 quadrants. D'une puissance de 18 000 watts, il fonctionne \u00e0 une tension de 2 250 volts et d\u00e9livre un courant de 20 amp\u00e8res. L'appareil comporte une seule sortie, ce qui garantit des performances cibl\u00e9es et fiables. Id\u00e9al pour les environnements industriels et de test n\u00e9cessitant un contr\u00f4le pr\u00e9cis de la puissance, il r\u00e9pond \u00e0 des besoins op\u00e9rationnels polyvalents. Ses caract\u00e9ristiques avanc\u00e9es permettent une gestion efficace de l'\u00e9nergie et une sortie stable dans des conditions de charge variables.<\/p>","protected":false},"excerpt":{"rendered":"<p>Bloc d'alimentation DC bidirectionnel 2250V\/20A\/18kW, 3U<\/p>","protected":false},"featured_media":11257,"comment_status":"closed","ping_status":"closed","template":"","meta":{"_acf_changed":false,"slim_seo":{"title":"IT6018C-2250-20 - YOTAVIS AG","description":"Bloc d'alimentation DC bidirectionnel 2250V\/20A\/18kW, 3U"}},"product_brand":[822],"product_cat":[546,515],"product_tag":[],"class_list":{"0":"post-10640","1":"product","2":"type-product","3":"status-publish","4":"has-post-thumbnail","6":"product_brand-itech","7":"product_cat-dc-2-quadrants-en","8":"product_cat-power-en","9":"pa_current-a-552","10":"pa_output-number-146","11":"pa_power-w-629","12":"pa_voltage-v-948","14":"first","15":"instock","16":"taxable","17":"shipping-taxable","18":"product-type-simple"},"acf":[],"_links":{"self":[{"href":"https:\/\/yotavis.ch\/fr\/wp-json\/wp\/v2\/product\/10640","targetHints":{"allow":["GET"]}}],"collection":[{"href":"https:\/\/yotavis.ch\/fr\/wp-json\/wp\/v2\/product"}],"about":[{"href":"https:\/\/yotavis.ch\/fr\/wp-json\/wp\/v2\/types\/product"}],"replies":[{"embeddable":true,"href":"https:\/\/yotavis.ch\/fr\/wp-json\/wp\/v2\/comments?post=10640"}],"wp:featuredmedia":[{"embeddable":true,"href":"https:\/\/yotavis.ch\/fr\/wp-json\/wp\/v2\/media\/11257"}],"wp:attachment":[{"href":"https:\/\/yotavis.ch\/fr\/wp-json\/wp\/v2\/media?parent=10640"}],"wp:term":[{"taxonomy":"product_brand","embeddable":true,"href":"https:\/\/yotavis.ch\/fr\/wp-json\/wp\/v2\/product_brand?post=10640"},{"taxonomy":"product_cat","embeddable":true,"href":"https:\/\/yotavis.ch\/fr\/wp-json\/wp\/v2\/product_cat?post=10640"},{"taxonomy":"product_tag","embeddable":true,"href":"https:\/\/yotavis.ch\/fr\/wp-json\/wp\/v2\/product_tag?post=10640"}],"curies":[{"name":"wp","href":"https:\/\/api.w.org\/{rel}","templated":true}]}}