{"id":10641,"date":"2025-10-09T00:00:00","date_gmt":"2025-10-08T22:00:00","guid":{"rendered":"https:\/\/yotavis.ch\/product\/it6018c-2250-20slave\/"},"modified":"2026-03-02T16:38:52","modified_gmt":"2026-03-02T15:38:52","slug":"it6018c-2250-20slave","status":"publish","type":"product","link":"https:\/\/yotavis.ch\/fr\/produit\/it6018c-2250-20slave\/","title":{"rendered":"IT6018C-2250-20Esclave"},"content":{"rendered":"<p>L'IT6018C-2250-20Slave d'ITECH est un dispositif de puissance con\u00e7u pour les applications \u00e0 courant continu \u00e0 deux quadrants. Dot\u00e9 d'une sortie unique, il d\u00e9livre jusqu'\u00e0 18 000 watts de puissance avec une capacit\u00e9 de tension de 2 250 volts et un courant nominal de 20 amp\u00e8res. L'appareil est dot\u00e9 de capacit\u00e9s de contr\u00f4le pr\u00e9cises qui conviennent \u00e0 la fois \u00e0 l'alimentation et \u00e0 l'\u00e9vacuation du courant, ce qui le rend adaptable \u00e0 divers sc\u00e9narios de test et de simulation. Id\u00e9al pour les environnements industriels et de laboratoire n\u00e9cessitant une gestion fiable de l'alimentation en courant continu, il r\u00e9pond aux exigences op\u00e9rationnelles complexes. Ses caract\u00e9ristiques avanc\u00e9es garantissent des performances stables et une gestion efficace de l'\u00e9nergie dans des conditions dynamiques.<\/p>","protected":false},"excerpt":{"rendered":"<p>2250V\/20A\/18kW Bloc d'alimentation DC bidirectionnel, 3U, SLAVE<\/p>","protected":false},"featured_media":12289,"comment_status":"closed","ping_status":"closed","template":"","meta":{"_acf_changed":false,"slim_seo":{"title":"IT6018C-2250-20Slave - YOTAVIS AG","description":"2250V\/20A\/18kW Bloc d'alimentation DC bidirectionnel, 3U, SLAVE"}},"product_brand":[822],"product_cat":[546,515],"product_tag":[],"class_list":{"0":"post-10641","1":"product","2":"type-product","3":"status-publish","4":"has-post-thumbnail","6":"product_brand-itech","7":"product_cat-dc-2-quadrants-en","8":"product_cat-power-en","9":"pa_current-a-552","10":"pa_output-number-146","11":"pa_power-w-629","12":"pa_voltage-v-948","14":"first","15":"instock","16":"taxable","17":"shipping-taxable","18":"product-type-simple"},"acf":[],"_links":{"self":[{"href":"https:\/\/yotavis.ch\/fr\/wp-json\/wp\/v2\/product\/10641","targetHints":{"allow":["GET"]}}],"collection":[{"href":"https:\/\/yotavis.ch\/fr\/wp-json\/wp\/v2\/product"}],"about":[{"href":"https:\/\/yotavis.ch\/fr\/wp-json\/wp\/v2\/types\/product"}],"replies":[{"embeddable":true,"href":"https:\/\/yotavis.ch\/fr\/wp-json\/wp\/v2\/comments?post=10641"}],"wp:featuredmedia":[{"embeddable":true,"href":"https:\/\/yotavis.ch\/fr\/wp-json\/wp\/v2\/media\/12289"}],"wp:attachment":[{"href":"https:\/\/yotavis.ch\/fr\/wp-json\/wp\/v2\/media?parent=10641"}],"wp:term":[{"taxonomy":"product_brand","embeddable":true,"href":"https:\/\/yotavis.ch\/fr\/wp-json\/wp\/v2\/product_brand?post=10641"},{"taxonomy":"product_cat","embeddable":true,"href":"https:\/\/yotavis.ch\/fr\/wp-json\/wp\/v2\/product_cat?post=10641"},{"taxonomy":"product_tag","embeddable":true,"href":"https:\/\/yotavis.ch\/fr\/wp-json\/wp\/v2\/product_tag?post=10641"}],"curies":[{"name":"wp","href":"https:\/\/api.w.org\/{rel}","templated":true}]}}