{"id":10646,"date":"2025-10-09T00:00:00","date_gmt":"2025-10-08T22:00:00","guid":{"rendered":"https:\/\/yotavis.ch\/product\/it6015b-80-360\/"},"modified":"2026-03-02T16:38:45","modified_gmt":"2026-03-02T15:38:45","slug":"it6015b-80-360","status":"publish","type":"product","link":"https:\/\/yotavis.ch\/fr\/produit\/it6015b-80-360\/","title":{"rendered":"IT6015B-80-360"},"content":{"rendered":"<p>L'ITECH IT6015B-80-360 est une source de courant continu con\u00e7ue pour offrir des performances fiables avec une seule sortie. Dot\u00e9e d'une capacit\u00e9 de puissance de 15 000 watts, elle fonctionne jusqu'\u00e0 80 volts et 360 amp\u00e8res, ce qui la rend adapt\u00e9e aux applications exigeantes. L'appareil comprend un contr\u00f4le pr\u00e9cis et des caract\u00e9ristiques de sortie stables pour r\u00e9pondre \u00e0 divers besoins en mati\u00e8re de tests et de d\u00e9veloppement. Id\u00e9al pour les environnements industriels et de laboratoire, il assure une alimentation coh\u00e9rente des syst\u00e8mes complexes. Ses caract\u00e9ristiques avanc\u00e9es permettent une gestion efficace de l'\u00e9nergie et une r\u00e9gulation pr\u00e9cise de la tension et du courant.<\/p>","protected":false},"excerpt":{"rendered":"<p>Syst\u00e8me d'alimentation CC r\u00e9g\u00e9n\u00e9ratif 80V\/360A\/15kW, 3U<\/p>","protected":false},"featured_media":11261,"comment_status":"closed","ping_status":"closed","template":"","meta":{"_acf_changed":false,"slim_seo":{"title":"IT6015B-80-360 - YOTAVIS AG","description":"Syst\u00e8me d'alimentation CC r\u00e9g\u00e9n\u00e9ratif 80V\/360A\/15kW, 3U"}},"product_brand":[822],"product_cat":[516,515],"product_tag":[],"class_list":{"0":"post-10646","1":"product","2":"type-product","3":"status-publish","4":"has-post-thumbnail","6":"product_brand-itech","7":"product_cat-dc-source-en","8":"product_cat-power-en","9":"pa_current-a-638","10":"pa_output-number-146","11":"pa_power-w-941","12":"pa_voltage-v-155","14":"first","15":"instock","16":"taxable","17":"shipping-taxable","18":"product-type-simple"},"acf":[],"_links":{"self":[{"href":"https:\/\/yotavis.ch\/fr\/wp-json\/wp\/v2\/product\/10646","targetHints":{"allow":["GET"]}}],"collection":[{"href":"https:\/\/yotavis.ch\/fr\/wp-json\/wp\/v2\/product"}],"about":[{"href":"https:\/\/yotavis.ch\/fr\/wp-json\/wp\/v2\/types\/product"}],"replies":[{"embeddable":true,"href":"https:\/\/yotavis.ch\/fr\/wp-json\/wp\/v2\/comments?post=10646"}],"wp:featuredmedia":[{"embeddable":true,"href":"https:\/\/yotavis.ch\/fr\/wp-json\/wp\/v2\/media\/11261"}],"wp:attachment":[{"href":"https:\/\/yotavis.ch\/fr\/wp-json\/wp\/v2\/media?parent=10646"}],"wp:term":[{"taxonomy":"product_brand","embeddable":true,"href":"https:\/\/yotavis.ch\/fr\/wp-json\/wp\/v2\/product_brand?post=10646"},{"taxonomy":"product_cat","embeddable":true,"href":"https:\/\/yotavis.ch\/fr\/wp-json\/wp\/v2\/product_cat?post=10646"},{"taxonomy":"product_tag","embeddable":true,"href":"https:\/\/yotavis.ch\/fr\/wp-json\/wp\/v2\/product_tag?post=10646"}],"curies":[{"name":"wp","href":"https:\/\/api.w.org\/{rel}","templated":true}]}}