{"id":10655,"date":"2025-10-09T00:00:00","date_gmt":"2025-10-08T22:00:00","guid":{"rendered":"https:\/\/yotavis.ch\/product\/it6018b-300-225s\/"},"modified":"2026-03-02T16:38:38","modified_gmt":"2026-03-02T15:38:38","slug":"it6018b-300-225slave","status":"publish","type":"product","link":"https:\/\/yotavis.ch\/fr\/produit\/it6018b-300-225slave\/","title":{"rendered":"IT6018B-300-225Esclave"},"content":{"rendered":"<p>L'IT6018B-300-225Slave d'ITECH est une source de courant continu con\u00e7ue pour offrir des performances fiables avec une seule sortie. Dot\u00e9e d'une capacit\u00e9 de puissance maximale de 18 000 watts, elle fonctionne jusqu'\u00e0 300 volts et 225 amp\u00e8res, ce qui la rend adapt\u00e9e aux applications exigeantes. L'appareil comprend un contr\u00f4le pr\u00e9cis de la tension et du courant afin d'assurer une sortie stable et coh\u00e9rente. Id\u00e9al pour les essais industriels et les environnements de d\u00e9veloppement, il prend en charge une large gamme de besoins en \u00e9nergie. Ses caract\u00e9ristiques avanc\u00e9es permettent une gestion efficace de l'\u00e9nergie et un fonctionnement robuste dans diverses conditions de charge.<\/p>","protected":false},"excerpt":{"rendered":"<p>300V\/225A\/18kW Syst\u00e8me d'alimentation CC r\u00e9g\u00e9n\u00e9ratif, 3U, SLAVE<\/p>","protected":false},"featured_media":12289,"comment_status":"closed","ping_status":"closed","template":"","meta":{"_acf_changed":false,"slim_seo":{"title":"IT6018B-300-225Slave - YOTAVIS AG","description":"300V\/225A\/18kW Syst\u00e8me d'alimentation CC r\u00e9g\u00e9n\u00e9ratif, 3U, SLAVE"}},"product_brand":[822],"product_cat":[516,515],"product_tag":[],"class_list":{"0":"post-10655","1":"product","2":"type-product","3":"status-publish","4":"has-post-thumbnail","6":"product_brand-itech","7":"product_cat-dc-source-en","8":"product_cat-power-en","9":"pa_current-a-944","10":"pa_output-number-146","11":"pa_power-w-629","12":"pa_voltage-v-624","14":"first","15":"instock","16":"taxable","17":"shipping-taxable","18":"product-type-simple"},"acf":[],"_links":{"self":[{"href":"https:\/\/yotavis.ch\/fr\/wp-json\/wp\/v2\/product\/10655","targetHints":{"allow":["GET"]}}],"collection":[{"href":"https:\/\/yotavis.ch\/fr\/wp-json\/wp\/v2\/product"}],"about":[{"href":"https:\/\/yotavis.ch\/fr\/wp-json\/wp\/v2\/types\/product"}],"replies":[{"embeddable":true,"href":"https:\/\/yotavis.ch\/fr\/wp-json\/wp\/v2\/comments?post=10655"}],"wp:featuredmedia":[{"embeddable":true,"href":"https:\/\/yotavis.ch\/fr\/wp-json\/wp\/v2\/media\/12289"}],"wp:attachment":[{"href":"https:\/\/yotavis.ch\/fr\/wp-json\/wp\/v2\/media?parent=10655"}],"wp:term":[{"taxonomy":"product_brand","embeddable":true,"href":"https:\/\/yotavis.ch\/fr\/wp-json\/wp\/v2\/product_brand?post=10655"},{"taxonomy":"product_cat","embeddable":true,"href":"https:\/\/yotavis.ch\/fr\/wp-json\/wp\/v2\/product_cat?post=10655"},{"taxonomy":"product_tag","embeddable":true,"href":"https:\/\/yotavis.ch\/fr\/wp-json\/wp\/v2\/product_tag?post=10655"}],"curies":[{"name":"wp","href":"https:\/\/api.w.org\/{rel}","templated":true}]}}