{"id":10656,"date":"2025-10-09T00:00:00","date_gmt":"2025-10-08T22:00:00","guid":{"rendered":"https:\/\/yotavis.ch\/product\/it6006b-500-30\/"},"modified":"2026-03-02T16:38:38","modified_gmt":"2026-03-02T15:38:38","slug":"it6006b-500-30","status":"publish","type":"product","link":"https:\/\/yotavis.ch\/fr\/produit\/it6006b-500-30\/","title":{"rendered":"IT6006B-500-30"},"content":{"rendered":"<p>L'ITECH IT6006B-500-30 est une source de courant continu con\u00e7ue pour offrir des performances fiables avec une seule sortie. D'une puissance de 6000 watts, elle fonctionne \u00e0 des tensions allant jusqu'\u00e0 500 volts et \u00e0 des courants atteignant 30 amp\u00e8res. L'appareil comprend des m\u00e9canismes de contr\u00f4le pr\u00e9cis qui garantissent une alimentation stable et exacte. Id\u00e9al pour les applications n\u00e9cessitant une alimentation en courant continu constante, il prend en charge un large \u00e9ventail de sc\u00e9narios de test et de d\u00e9veloppement. Ses caract\u00e9ristiques avanc\u00e9es permettent un fonctionnement efficace et une int\u00e9gration dans divers syst\u00e8mes d'alimentation.<\/p>","protected":false},"excerpt":{"rendered":"<p>Syst\u00e8me d'alimentation CC r\u00e9g\u00e9n\u00e9ratif 500V\/30A\/6kW, 3U<\/p>","protected":false},"featured_media":11261,"comment_status":"closed","ping_status":"closed","template":"","meta":{"_acf_changed":false,"slim_seo":{"title":"IT6006B-500-30 - YOTAVIS AG","description":"Syst\u00e8me d'alimentation CC r\u00e9g\u00e9n\u00e9ratif 500V\/30A\/6kW, 3U"}},"product_brand":[822],"product_cat":[516,515],"product_tag":[],"class_list":{"0":"post-10656","1":"product","2":"type-product","3":"status-publish","4":"has-post-thumbnail","6":"product_brand-itech","7":"product_cat-dc-source-en","8":"product_cat-power-en","9":"pa_current-a-404","10":"pa_output-number-146","11":"pa_power-w-626","12":"pa_voltage-v-604","14":"first","15":"instock","16":"taxable","17":"shipping-taxable","18":"product-type-simple"},"acf":[],"_links":{"self":[{"href":"https:\/\/yotavis.ch\/fr\/wp-json\/wp\/v2\/product\/10656","targetHints":{"allow":["GET"]}}],"collection":[{"href":"https:\/\/yotavis.ch\/fr\/wp-json\/wp\/v2\/product"}],"about":[{"href":"https:\/\/yotavis.ch\/fr\/wp-json\/wp\/v2\/types\/product"}],"replies":[{"embeddable":true,"href":"https:\/\/yotavis.ch\/fr\/wp-json\/wp\/v2\/comments?post=10656"}],"wp:featuredmedia":[{"embeddable":true,"href":"https:\/\/yotavis.ch\/fr\/wp-json\/wp\/v2\/media\/11261"}],"wp:attachment":[{"href":"https:\/\/yotavis.ch\/fr\/wp-json\/wp\/v2\/media?parent=10656"}],"wp:term":[{"taxonomy":"product_brand","embeddable":true,"href":"https:\/\/yotavis.ch\/fr\/wp-json\/wp\/v2\/product_brand?post=10656"},{"taxonomy":"product_cat","embeddable":true,"href":"https:\/\/yotavis.ch\/fr\/wp-json\/wp\/v2\/product_cat?post=10656"},{"taxonomy":"product_tag","embeddable":true,"href":"https:\/\/yotavis.ch\/fr\/wp-json\/wp\/v2\/product_tag?post=10656"}],"curies":[{"name":"wp","href":"https:\/\/api.w.org\/{rel}","templated":true}]}}