{"id":10659,"date":"2025-10-09T00:00:00","date_gmt":"2025-10-08T22:00:00","guid":{"rendered":"https:\/\/yotavis.ch\/product\/it6018b-500-90slave\/"},"modified":"2026-03-02T16:38:32","modified_gmt":"2026-03-02T15:38:32","slug":"it6018b-500-90slave","status":"publish","type":"product","link":"https:\/\/yotavis.ch\/fr\/produit\/it6018b-500-90slave\/","title":{"rendered":"IT6018B-500-90Esclave"},"content":{"rendered":"<p>L'IT6018B-500-90Slave d'ITECH est une source de courant continu con\u00e7ue pour les applications de puissance. D'une puissance de 18 000 watts, elle fonctionne \u00e0 une tension allant jusqu'\u00e0 500 volts et d\u00e9livre un courant de 90 amp\u00e8res. L'appareil comporte une seule sortie, ce qui permet de fournir une puissance pr\u00e9cise et contr\u00f4l\u00e9e. Id\u00e9al pour les environnements de test et de d\u00e9veloppement n\u00e9cessitant une alimentation en courant continu stable, il prend en charge une s\u00e9rie de t\u00e2ches \u00e9lectriques exigeantes. Ses caract\u00e9ristiques avanc\u00e9es garantissent des performances fiables et une r\u00e9gulation pr\u00e9cise de la sortie pour diverses utilisations industrielles.<\/p>","protected":false},"excerpt":{"rendered":"<p>500V\/90A\/18kW Syst\u00e8me d'alimentation CC r\u00e9g\u00e9n\u00e9ratif, 3U, SLAVE<\/p>","protected":false},"featured_media":12289,"comment_status":"closed","ping_status":"closed","template":"","meta":{"_acf_changed":false,"slim_seo":{"title":"IT6018B-500-90Slave - YOTAVIS AG","description":"500V\/90A\/18kW Syst\u00e8me d'alimentation CC r\u00e9g\u00e9n\u00e9ratif, 3U, SLAVE"}},"product_brand":[822],"product_cat":[516,515],"product_tag":[],"class_list":{"0":"post-10659","1":"product","2":"type-product","3":"status-publish","4":"has-post-thumbnail","6":"product_brand-itech","7":"product_cat-dc-source-en","8":"product_cat-power-en","9":"pa_current-a-408","10":"pa_output-number-146","11":"pa_power-w-629","12":"pa_voltage-v-604","14":"first","15":"instock","16":"taxable","17":"shipping-taxable","18":"product-type-simple"},"acf":[],"_links":{"self":[{"href":"https:\/\/yotavis.ch\/fr\/wp-json\/wp\/v2\/product\/10659","targetHints":{"allow":["GET"]}}],"collection":[{"href":"https:\/\/yotavis.ch\/fr\/wp-json\/wp\/v2\/product"}],"about":[{"href":"https:\/\/yotavis.ch\/fr\/wp-json\/wp\/v2\/types\/product"}],"replies":[{"embeddable":true,"href":"https:\/\/yotavis.ch\/fr\/wp-json\/wp\/v2\/comments?post=10659"}],"wp:featuredmedia":[{"embeddable":true,"href":"https:\/\/yotavis.ch\/fr\/wp-json\/wp\/v2\/media\/12289"}],"wp:attachment":[{"href":"https:\/\/yotavis.ch\/fr\/wp-json\/wp\/v2\/media?parent=10659"}],"wp:term":[{"taxonomy":"product_brand","embeddable":true,"href":"https:\/\/yotavis.ch\/fr\/wp-json\/wp\/v2\/product_brand?post=10659"},{"taxonomy":"product_cat","embeddable":true,"href":"https:\/\/yotavis.ch\/fr\/wp-json\/wp\/v2\/product_cat?post=10659"},{"taxonomy":"product_tag","embeddable":true,"href":"https:\/\/yotavis.ch\/fr\/wp-json\/wp\/v2\/product_tag?post=10659"}],"curies":[{"name":"wp","href":"https:\/\/api.w.org\/{rel}","templated":true}]}}