{"id":10662,"date":"2025-10-09T00:00:00","date_gmt":"2025-10-08T22:00:00","guid":{"rendered":"https:\/\/yotavis.ch\/product\/it6018b-500-120\/"},"modified":"2026-04-24T13:44:04","modified_gmt":"2026-04-24T11:44:04","slug":"it6018b-500-120","status":"publish","type":"product","link":"https:\/\/yotavis.ch\/fr\/produit\/it6018b-500-120\/","title":{"rendered":"IT6018B-500-120"},"content":{"rendered":"<p>L'ITECH IT6018B-500-120 est un syst\u00e8me d'alimentation en courant continu r\u00e9g\u00e9n\u00e9ratif con\u00e7u pour d\u00e9livrer une puissance de 18 000 watts. Il fonctionne \u00e0 une tension de 500 volts et supporte un courant maximum de 120 amp\u00e8res. Cette unit\u00e9 dispose d'un seul canal de sortie et est log\u00e9e dans un bo\u00eetier compact de 3U. La capacit\u00e9 de commande \u00e0 distance est incluse, ce qui permet un fonctionnement pratique et l'int\u00e9gration dans des installations de test automatis\u00e9es. Le syst\u00e8me est con\u00e7u pour fournir une gestion efficace de l'\u00e9nergie gr\u00e2ce \u00e0 sa conception r\u00e9g\u00e9n\u00e9rative, qui peut aider \u00e0 r\u00e9cup\u00e9rer l'\u00e9nergie pendant le fonctionnement. Ses sp\u00e9cifications le rendent adapt\u00e9 aux applications n\u00e9cessitant une puissance \u00e9lev\u00e9e et un contr\u00f4le pr\u00e9cis. La combinaison d'une tension, d'un courant et d'une puissance nominaux \u00e9lev\u00e9s garantit qu'il peut g\u00e9rer des charges \u00e9lectriques exigeantes.<\/p>","protected":false},"excerpt":{"rendered":"<p>Syst\u00e8me d'alimentation CC r\u00e9g\u00e9n\u00e9ratif 500V\/120A\/18kW, 3U<\/p>","protected":false},"featured_media":11261,"comment_status":"closed","ping_status":"closed","template":"","meta":{"_acf_changed":false,"slim_seo":{"title":"IT6018B-500-120 - YOTAVIS AG","description":"Syst\u00e8me d'alimentation CC r\u00e9g\u00e9n\u00e9ratif 500V\/120A\/18kW, 3U"}},"product_brand":[822],"product_cat":[516,515],"product_tag":[],"class_list":{"0":"post-10662","1":"product","2":"type-product","3":"status-publish","4":"has-post-thumbnail","6":"product_brand-itech","7":"product_cat-dc-source-en","8":"product_cat-power-en","9":"pa_current-a-559","10":"pa_output-number-146","11":"pa_power-w-629","12":"pa_remote-control-yes","13":"pa_voltage-v-604","15":"first","16":"instock","17":"taxable","18":"shipping-taxable","19":"product-type-simple"},"acf":[],"_links":{"self":[{"href":"https:\/\/yotavis.ch\/fr\/wp-json\/wp\/v2\/product\/10662","targetHints":{"allow":["GET"]}}],"collection":[{"href":"https:\/\/yotavis.ch\/fr\/wp-json\/wp\/v2\/product"}],"about":[{"href":"https:\/\/yotavis.ch\/fr\/wp-json\/wp\/v2\/types\/product"}],"replies":[{"embeddable":true,"href":"https:\/\/yotavis.ch\/fr\/wp-json\/wp\/v2\/comments?post=10662"}],"wp:featuredmedia":[{"embeddable":true,"href":"https:\/\/yotavis.ch\/fr\/wp-json\/wp\/v2\/media\/11261"}],"wp:attachment":[{"href":"https:\/\/yotavis.ch\/fr\/wp-json\/wp\/v2\/media?parent=10662"}],"wp:term":[{"taxonomy":"product_brand","embeddable":true,"href":"https:\/\/yotavis.ch\/fr\/wp-json\/wp\/v2\/product_brand?post=10662"},{"taxonomy":"product_cat","embeddable":true,"href":"https:\/\/yotavis.ch\/fr\/wp-json\/wp\/v2\/product_cat?post=10662"},{"taxonomy":"product_tag","embeddable":true,"href":"https:\/\/yotavis.ch\/fr\/wp-json\/wp\/v2\/product_tag?post=10662"}],"curies":[{"name":"wp","href":"https:\/\/api.w.org\/{rel}","templated":true}]}}